{"id":36321,"date":"2023-11-24T13:20:32","date_gmt":"2023-11-24T11:20:32","guid":{"rendered":"https:\/\/dressyourbody.fr\/fr\/?post_type=product&#038;p=36321"},"modified":"2026-04-09T13:38:21","modified_gmt":"2026-04-09T11:38:21","slug":"manteau-courtney","status":"publish","type":"product","link":"https:\/\/dressyourbody.fr\/fr\/produit\/manteau-courtney\/","title":{"rendered":"Patron Manteau Courtney (PDF ou POCHETTE)"},"content":{"rendered":"<h4 style=\"text-align: center;\"><strong>DESCRIPTION<\/strong><\/h4>\n<p>Le <b>manteau Courtney,<\/b> avec ses manches kimono, son col type \u00ab\u00a0ch\u00e2le\u00a0\u00bb, ses poches cach\u00e9es dans l&#8217;empi\u00e8cement devant, est<b> un manteau court pour un style dynamique et en plein dans la tendance!<\/b><\/p>\n<p>Le <b>patron du manteau Courtney <\/b>est propos\u00e9 <b>avec ou sans doublure. <\/b>Vous pourrez ainsi adapter votre r\u00e9alisation selon votre envie et en fonction du tissu et du style que vous souhaitez donner au manteau Courtney. <b>La finition biais <\/b>par exemple <b>est particuli\u00e8rement bien adapt\u00e9e \u00e0 l&rsquo;utilisation de tissus molletonn\u00e9s double-face.<br \/>\n<\/b>Dans les deux cas le <strong>patron du manteau Courtney<\/strong> propose des finitions tr\u00e8s propres et, compos\u00e9 de tr\u00e8s peu de pi\u00e8ces de patron<b>, il permet une couture rapide et un montage amusant!<\/b><\/p>\n<p>Tr\u00e8s <strong>l\u00e9g\u00e8rement cintr\u00e9 au dos<\/strong>, <strong>vous pouvez porter le manteau Courtney<\/strong> <strong>avec une ceinture \u00e0 nouer<\/strong>, disponible dans le patron, mais aussi <strong>avec une ceinture en cui<\/strong>r, contrastante ou non, et m\u00eame <strong>sans ceinture<\/strong>.<\/p>\n<ul>\n<li>Patron propos\u00e9 avec version doublure ou version gans\u00e9e (finition des marges de couture avec du biais)<\/li>\n<li>Col Ch\u00e2le<\/li>\n<li>Poches prises dans la couture de l&#8217;empi\u00e8cement devant<\/li>\n<li>Ceinture \u00e0 nouer<\/li>\n<li>Passants au dos (facultatifs)<\/li>\n<\/ul>\n<p>&nbsp;<\/p>\n<p>&nbsp;<\/p>\n<p><img fetchpriority=\"high\" decoding=\"async\" class=\"alignnone wp-image-36324 \" src=\"https:\/\/dressyourbody.fr\/wp-content\/uploads\/2023\/11\/sketch-devant-ceinture-et-commentaires-patron-manche.png\" alt=\"Sketch manteau Courtney devant\" width=\"584\" height=\"584\" srcset=\"https:\/\/dressyourbody.fr\/wp-content\/uploads\/2023\/11\/sketch-devant-ceinture-et-commentaires-patron-manche.png 1080w, https:\/\/dressyourbody.fr\/wp-content\/uploads\/2023\/11\/sketch-devant-ceinture-et-commentaires-patron-manche-100x100.png 100w, https:\/\/dressyourbody.fr\/wp-content\/uploads\/2023\/11\/sketch-devant-ceinture-et-commentaires-patron-manche-500x500.png 500w, https:\/\/dressyourbody.fr\/wp-content\/uploads\/2023\/11\/sketch-devant-ceinture-et-commentaires-patron-manche-300x300.png 300w, https:\/\/dressyourbody.fr\/wp-content\/uploads\/2023\/11\/sketch-devant-ceinture-et-commentaires-patron-manche-150x150.png 150w, https:\/\/dressyourbody.fr\/wp-content\/uploads\/2023\/11\/sketch-devant-ceinture-et-commentaires-patron-manche-768x768.png 768w, https:\/\/dressyourbody.fr\/wp-content\/uploads\/2023\/11\/sketch-devant-ceinture-et-commentaires-patron-manche-12x12.png 12w, https:\/\/dressyourbody.fr\/wp-content\/uploads\/2023\/11\/sketch-devant-ceinture-et-commentaires-patron-manche-50x50.png 50w\" sizes=\"(max-width: 584px) 100vw, 584px\" \/> <img decoding=\"async\" class=\"alignnone wp-image-36326 \" src=\"https:\/\/dressyourbody.fr\/wp-content\/uploads\/2023\/11\/sketch-ceinture-dos-commente.png\" alt=\"Sketch manteau Courtney dos\" width=\"566\" height=\"566\" srcset=\"https:\/\/dressyourbody.fr\/wp-content\/uploads\/2023\/11\/sketch-ceinture-dos-commente.png 1080w, https:\/\/dressyourbody.fr\/wp-content\/uploads\/2023\/11\/sketch-ceinture-dos-commente-100x100.png 100w, https:\/\/dressyourbody.fr\/wp-content\/uploads\/2023\/11\/sketch-ceinture-dos-commente-500x500.png 500w, https:\/\/dressyourbody.fr\/wp-content\/uploads\/2023\/11\/sketch-ceinture-dos-commente-300x300.png 300w, https:\/\/dressyourbody.fr\/wp-content\/uploads\/2023\/11\/sketch-ceinture-dos-commente-150x150.png 150w, https:\/\/dressyourbody.fr\/wp-content\/uploads\/2023\/11\/sketch-ceinture-dos-commente-768x768.png 768w, https:\/\/dressyourbody.fr\/wp-content\/uploads\/2023\/11\/sketch-ceinture-dos-commente-12x12.png 12w, https:\/\/dressyourbody.fr\/wp-content\/uploads\/2023\/11\/sketch-ceinture-dos-commente-50x50.png 50w\" sizes=\"(max-width: 566px) 100vw, 566px\" \/><\/p>\n<h4 style=\"text-align: center;\"><strong>JE CHOISIS QUELLE TAILLE?<\/strong><\/h4>\n<p><strong>TAILLE:<br \/>\nLe patron du manteau Courtney va de la T34 \u00e0 la T46<\/strong>.<\/p>\n<p>Choisissez comme d&rsquo;habitude votre taille en fonction de vos mesures et du bar\u00e8me de tailles ci-dessous:<\/p>\n<p><img decoding=\"async\" class=\"alignnone  wp-image-41236\" src=\"https:\/\/dressyourbody.fr\/wp-content\/uploads\/2023\/11\/Bareme-inch-cm-T34-46.png\" alt=\"Bar\u00e8me de taille de la Taille 34 \u00e0 46, en cm et en inch.\" width=\"981\" height=\"218\" \/><\/p>\n<p>Si vous \u00eates entre deux tailles, prenez plut\u00f4t la plus grande quitte \u00e0 l&rsquo;ajuster \u00e0 l&rsquo;essayage si n\u00e9cessaire.<\/p>\n<p>&nbsp;<\/p>\n<p>&nbsp;<\/p>\n<p><strong>MESURES FINIES:<br \/>\n<\/strong>Les mesures du v\u00eatement fini ci-dessous (incluant l&rsquo;aisance du v\u00eatement) peuvent aussi vous aider \u00e0 choisir votre taille.<\/p>\n<p><img loading=\"lazy\" decoding=\"async\" class=\"alignnone wp-image-36330 \" src=\"https:\/\/dressyourbody.fr\/wp-content\/uploads\/2023\/11\/manteau-courtney-mesures-finies-devant.png\" alt=\"Manteau Courtney mesures finies devant\" width=\"491\" height=\"263\" srcset=\"https:\/\/dressyourbody.fr\/wp-content\/uploads\/2023\/11\/manteau-courtney-mesures-finies-devant.png 1193w, https:\/\/dressyourbody.fr\/wp-content\/uploads\/2023\/11\/manteau-courtney-mesures-finies-devant-500x268.png 500w, https:\/\/dressyourbody.fr\/wp-content\/uploads\/2023\/11\/manteau-courtney-mesures-finies-devant-300x161.png 300w, https:\/\/dressyourbody.fr\/wp-content\/uploads\/2023\/11\/manteau-courtney-mesures-finies-devant-768x411.png 768w, https:\/\/dressyourbody.fr\/wp-content\/uploads\/2023\/11\/manteau-courtney-mesures-finies-devant-18x10.png 18w\" sizes=\"(max-width: 491px) 100vw, 491px\" \/><\/p>\n<ol>\n<li><strong>Tour Poitrine:<\/strong> T34: 116cm \/ T36: 121cm \/ T38: 126cm \/ T40: 130cm \/ T42: 135cm \/ T44: 140cm \/ T46: 145cm<\/li>\n<li><strong>Tour taille: <\/strong>T34: 115cm \/ T36: 119cm \/ T38: 123cm \/ T40: 128cm \/ T42: 132cm \/ T44: 137cm \/ T46: 142cm<\/li>\n<li><strong>Tour de hanches: <\/strong>T34: 120cm \/ T36: 124cm \/ T38: 128cm \/ T40: 132cm \/ T136: 136cm \/ T44: 140cm \/ T46: 144cm<\/li>\n<li><strong>Biceps: <\/strong>T34: 32cm \/ T36: 33cm \/ T38: 34cm \/ T40: 35cm \/ T42: 37cm \/ T44: 38cm \/ T46: 39cm<\/li>\n<\/ol>\n<p>&nbsp;<\/p>\n<p><img loading=\"lazy\" decoding=\"async\" class=\"alignnone wp-image-36328 \" src=\"https:\/\/dressyourbody.fr\/wp-content\/uploads\/2023\/11\/manteau-courtney-mesures-finies-dos.png\" alt=\"Manteau Courtney mesures finies dos\" width=\"474\" height=\"269\" srcset=\"https:\/\/dressyourbody.fr\/wp-content\/uploads\/2023\/11\/manteau-courtney-mesures-finies-dos.png 903w, https:\/\/dressyourbody.fr\/wp-content\/uploads\/2023\/11\/manteau-courtney-mesures-finies-dos-500x283.png 500w, https:\/\/dressyourbody.fr\/wp-content\/uploads\/2023\/11\/manteau-courtney-mesures-finies-dos-300x170.png 300w, https:\/\/dressyourbody.fr\/wp-content\/uploads\/2023\/11\/manteau-courtney-mesures-finies-dos-768x435.png 768w, https:\/\/dressyourbody.fr\/wp-content\/uploads\/2023\/11\/manteau-courtney-mesures-finies-dos-18x10.png 18w\" sizes=\"(max-width: 474px) 100vw, 474px\" \/><\/p>\n<p>&nbsp;<\/p>\n<ol>\n<li><strong>Hauteur milieu dos: <\/strong>T34: 119cm \/ T36: 119,5cm \/ T38 et 40: 120cm \/ T42 et 44: 120,5cm \/ T4-: 121cm<\/li>\n<li><strong>Longueur Bras:<\/strong> T34: 69,7cm \/ T36: 69,8cm \/ T38: 69,9cm \/ T40: 70cm \/ T42: 70,1cm \/ T44: 70,2cm \/ T46: 70,3cm<\/li>\n<\/ol>\n<p>&nbsp;<\/p>\n<p><strong>STATURE: Le patron est pens\u00e9 pour stature de 1m65.<\/strong><\/p>\n<p>Pensez \u00e0 allonger ou raccourcir le manteau Courtney selon votre envie. Des lignes de coupe pr\u00e9vues \u00e0 cet effet sont renseign\u00e9es sur le patron.<\/p>\n<p>La hauteur milieu dos, donn\u00e9e plus haut, vous aidera dans ce choix.<\/p>\n<h4><\/h4>\n<h4 style=\"text-align: center;\"><strong>ET DANS TOUT \u00c7A, QUEL TISSU CHOISIR ?<\/strong><\/h4>\n<p><a href=\"https:\/\/dressyourbody.fr\/wp-content\/uploads\/2022\/03\/rouleaux-tissus.jpeg\"><img loading=\"lazy\" decoding=\"async\" class=\"size-full wp-image-31182 aligncenter\" src=\"https:\/\/dressyourbody.fr\/wp-content\/uploads\/2022\/03\/rouleaux-tissus.jpeg\" alt=\"Rouleaux de tissu\" width=\"200\" height=\"113\" srcset=\"https:\/\/dressyourbody.fr\/wp-content\/uploads\/2022\/03\/rouleaux-tissus.jpeg 200w, https:\/\/dressyourbody.fr\/wp-content\/uploads\/2022\/03\/rouleaux-tissus-18x10.jpeg 18w\" sizes=\"(max-width: 200px) 100vw, 200px\" \/><\/a><\/p>\n<p>&nbsp;<\/p>\n<p>Sur les photos, le manteau Courtney a \u00e9t\u00e9 r\u00e9alis\u00e9:<\/p>\n<ul>\n<li>en <strong>jacquard Shard<\/strong> (395g\/m\u00b2) de chez <a href=\"https:\/\/cousette.com\/fr\/\" target=\"_blank\" rel=\"noopener\">Cousette<\/a><\/li>\n<li>en <strong>lainage Chin\u00e9 Brow<\/strong>\u00a0 (415g\/m\u00b2) de chez <a href=\"https:\/\/cousette.com\/fr\/\" target=\"_blank\" rel=\"noopener\">Cousette<\/a><\/li>\n<li>en <strong>lainage bleu marine<\/strong> \u00e0 poils long de chez Agn\u00e8sb. et<strong> doublure \u00e0 pois<\/strong> <a href=\"https:\/\/www.tessuti.fr\/\" target=\"_blank\" rel=\"noopener\">Torretto tessuti<\/a><\/li>\n<\/ul>\n<p>&nbsp;<\/p>\n","protected":false},"excerpt":{"rendered":"<ul>\n<li>Planche de patron allant de la<span style=\"color: #000000;\"><strong> T34 \u00e0 46<\/strong><\/span> soit un tour de poitrine de 81 \u00e0 108cm<\/li>\n<li>Stature du patron <strong>1m65<\/strong><\/li>\n<li>Patron disponible en <strong>version pochette<\/strong> ou <strong>version<\/strong> <span style=\"color: #000000;\"><strong>PDF<\/strong><\/span> a<span style=\"color: #ff0000;\"><span style=\"color: #000000;\">vec <strong>gestion des calques<\/strong>\u00a0<\/span><\/span><\/li>\n<li><span style=\"color: #000000;\"><strong>Marges de couture incluses : 1cm<\/strong><\/span><\/li>\n<\/ul>\n<p>&nbsp; <\/p>\n<div><a class=\"zoli-read-more-link\" href=\"https:\/\/dressyourbody.fr\/fr\/produit\/manteau-courtney\/\">Read More<span class=\"lexus-icon-Icon_Next\"><\/span><\/a><\/div>\n","protected":false},"featured_media":36334,"comment_status":"open","ping_status":"closed","template":"","meta":{"_acf_changed":false},"product_brand":[1278],"product_cat":[1255,1232],"product_tag":[1194,637],"class_list":{"0":"post-36321","1":"product","2":"type-product","3":"status-publish","4":"has-post-thumbnail","6":"product_brand-dressyourbody","7":"product_cat-best-sellers","8":"product_cat-vestes-et-manteaux","9":"product_tag-couture-facile","10":"product_tag-patron","11":"product_shipping_class-pack-dunes","12":"pa_difficulte-debutant","13":"pa_formatpatron-patron-pdf-format-a4-a0","14":"pa_formatpatron-patronpochette","15":"pa_formatpatron-supplement-doublure","17":"first","18":"instock","19":"shipping-taxable","20":"purchasable","21":"product-type-variable","22":"has-default-attributes"},"acf":[],"yoast_head":"<!-- This site is optimized with the Yoast SEO plugin v27.3 - https:\/\/yoast.com\/product\/yoast-seo-wordpress\/ -->\n<title>Manteau Courtney - DressYourBody - Patron de couture femme<\/title>\n<meta name=\"description\" content=\"Patron manteau Courtney: avec son col type &quot;ch\u00e2le&quot;, et ses manches kimono, Courtney est un manteau en plein dans la tendance. Propos\u00e9 avec ou sans doublure!\" \/>\n<meta name=\"robots\" content=\"index, follow, max-snippet:-1, max-image-preview:large, max-video-preview:-1\" \/>\n<link rel=\"canonical\" href=\"https:\/\/dressyourbody.fr\/fr\/produit\/manteau-courtney\" \/>\n<meta property=\"og:locale\" content=\"fr_FR\" \/>\n<meta property=\"og:type\" content=\"article\" \/>\n<meta property=\"og:title\" content=\"Manteau Courtney - DressYourBody - Patron de couture femme\" \/>\n<meta property=\"og:description\" content=\"Patron manteau Courtney: avec son col type &quot;ch\u00e2le&quot;, et ses manches kimono, Courtney est un manteau en plein dans la tendance. Propos\u00e9 avec ou sans doublure!\" \/>\n<meta property=\"og:url\" content=\"https:\/\/dressyourbody.fr\/fr\/produit\/manteau-courtney\" \/>\n<meta property=\"og:site_name\" content=\"DressYourBody\" \/>\n<meta property=\"article:publisher\" content=\"https:\/\/www.facebook.com\/dressyourbody.couture\/\" \/>\n<meta property=\"article:modified_time\" content=\"2026-04-09T11:38:21+00:00\" \/>\n<meta property=\"og:image\" content=\"https:\/\/dressyourbody.fr\/wp-content\/uploads\/2023\/11\/manteau-courtney-jacquard-cousette3.jpg\" \/>\n\t<meta property=\"og:image:width\" content=\"500\" \/>\n\t<meta property=\"og:image:height\" content=\"582\" \/>\n\t<meta property=\"og:image:type\" content=\"image\/jpeg\" \/>\n<meta name=\"twitter:card\" content=\"summary_large_image\" \/>\n<meta name=\"twitter:label1\" content=\"Dur\u00e9e de lecture estim\u00e9e\" \/>\n\t<meta name=\"twitter:data1\" content=\"4 minutes\" \/>\n<script type=\"application\/ld+json\" class=\"yoast-schema-graph\">{\"@context\":\"https:\\\/\\\/schema.org\",\"@graph\":[{\"@type\":\"WebPage\",\"@id\":\"https:\\\/\\\/dressyourbody.fr\\\/fr\\\/produit\\\/manteau-courtney\",\"url\":\"https:\\\/\\\/dressyourbody.fr\\\/fr\\\/produit\\\/manteau-courtney\",\"name\":\"Manteau Courtney - DressYourBody - Patron de couture femme\",\"isPartOf\":{\"@id\":\"https:\\\/\\\/dressyourbody.fr\\\/fr\\\/#website\"},\"primaryImageOfPage\":{\"@id\":\"https:\\\/\\\/dressyourbody.fr\\\/fr\\\/produit\\\/manteau-courtney#primaryimage\"},\"image\":{\"@id\":\"https:\\\/\\\/dressyourbody.fr\\\/fr\\\/produit\\\/manteau-courtney#primaryimage\"},\"thumbnailUrl\":\"https:\\\/\\\/dressyourbody.fr\\\/wp-content\\\/uploads\\\/2023\\\/11\\\/manteau-courtney-jacquard-cousette3.jpg\",\"datePublished\":\"2023-11-24T11:20:32+00:00\",\"dateModified\":\"2026-04-09T11:38:21+00:00\",\"description\":\"Patron manteau Courtney: avec son col type \\\"ch\u00e2le\\\", et ses manches kimono, Courtney est un manteau en plein dans la tendance. Propos\u00e9 avec ou sans doublure!\",\"breadcrumb\":{\"@id\":\"https:\\\/\\\/dressyourbody.fr\\\/fr\\\/produit\\\/manteau-courtney#breadcrumb\"},\"inLanguage\":\"fr-FR\",\"potentialAction\":[{\"@type\":\"ReadAction\",\"target\":[\"https:\\\/\\\/dressyourbody.fr\\\/fr\\\/produit\\\/manteau-courtney\"]}]},{\"@type\":\"ImageObject\",\"inLanguage\":\"fr-FR\",\"@id\":\"https:\\\/\\\/dressyourbody.fr\\\/fr\\\/produit\\\/manteau-courtney#primaryimage\",\"url\":\"https:\\\/\\\/dressyourbody.fr\\\/wp-content\\\/uploads\\\/2023\\\/11\\\/manteau-courtney-jacquard-cousette3.jpg\",\"contentUrl\":\"https:\\\/\\\/dressyourbody.fr\\\/wp-content\\\/uploads\\\/2023\\\/11\\\/manteau-courtney-jacquard-cousette3.jpg\",\"width\":500,\"height\":582,\"caption\":\"Manteau Courtney en jacquard Cousette avec main dans la poche\"},{\"@type\":\"BreadcrumbList\",\"@id\":\"https:\\\/\\\/dressyourbody.fr\\\/fr\\\/produit\\\/manteau-courtney#breadcrumb\",\"itemListElement\":[{\"@type\":\"ListItem\",\"position\":1,\"name\":\"Accueil\",\"item\":\"https:\\\/\\\/dressyourbody.fr\\\/fr\\\/\"},{\"@type\":\"ListItem\",\"position\":2,\"name\":\"LA BOUTIQUE\",\"item\":\"https:\\\/\\\/dressyourbody.fr\\\/fr\\\/?page_id=22934\"},{\"@type\":\"ListItem\",\"position\":3,\"name\":\"Patron Manteau Courtney (PDF ou POCHETTE)\"}]},{\"@type\":\"WebSite\",\"@id\":\"https:\\\/\\\/dressyourbody.fr\\\/fr\\\/#website\",\"url\":\"https:\\\/\\\/dressyourbody.fr\\\/fr\\\/\",\"name\":\"DressYourBody\",\"description\":\"Une collection compl\u00e8te de patrons couture en ligne\",\"publisher\":{\"@id\":\"https:\\\/\\\/dressyourbody.fr\\\/fr\\\/#organization\"},\"potentialAction\":[{\"@type\":\"SearchAction\",\"target\":{\"@type\":\"EntryPoint\",\"urlTemplate\":\"https:\\\/\\\/dressyourbody.fr\\\/fr\\\/?s={search_term_string}\"},\"query-input\":{\"@type\":\"PropertyValueSpecification\",\"valueRequired\":true,\"valueName\":\"search_term_string\"}}],\"inLanguage\":\"fr-FR\"},{\"@type\":\"Organization\",\"@id\":\"https:\\\/\\\/dressyourbody.fr\\\/fr\\\/#organization\",\"name\":\"DressYourBody.fr\",\"url\":\"https:\\\/\\\/dressyourbody.fr\\\/fr\\\/\",\"logo\":{\"@type\":\"ImageObject\",\"inLanguage\":\"fr-FR\",\"@id\":\"https:\\\/\\\/dressyourbody.fr\\\/fr\\\/#\\\/schema\\\/logo\\\/image\\\/\",\"url\":\"https:\\\/\\\/dressyourbody.fr\\\/wp-content\\\/uploads\\\/2018\\\/07\\\/Logo-rond.png\",\"contentUrl\":\"https:\\\/\\\/dressyourbody.fr\\\/wp-content\\\/uploads\\\/2018\\\/07\\\/Logo-rond.png\",\"width\":451,\"height\":449,\"caption\":\"DressYourBody.fr\"},\"image\":{\"@id\":\"https:\\\/\\\/dressyourbody.fr\\\/fr\\\/#\\\/schema\\\/logo\\\/image\\\/\"},\"sameAs\":[\"https:\\\/\\\/www.facebook.com\\\/dressyourbody.couture\\\/\",\"https:\\\/\\\/www.instagram.com\\\/dressyourbody.couture\\\/\",\"https:\\\/\\\/www.linkedin.com\\\/company\\\/11295981\\\/\",\"https:\\\/\\\/www.pinterest.fr\\\/dressyourbody\\\/\",\"https:\\\/\\\/www.youtube.com\\\/channel\\\/UCD9FR054rT1zUXmwxImG5vA?view_as=subscriber\"]}]}<\/script>\n<!-- \/ Yoast SEO plugin. -->","yoast_head_json":{"title":"Manteau Courtney - DressYourBody - Patron de couture femme","description":"Patron manteau Courtney: avec son col type \"ch\u00e2le\", et ses manches kimono, Courtney est un manteau en plein dans la tendance. Propos\u00e9 avec ou sans doublure!","robots":{"index":"index","follow":"follow","max-snippet":"max-snippet:-1","max-image-preview":"max-image-preview:large","max-video-preview":"max-video-preview:-1"},"canonical":"https:\/\/dressyourbody.fr\/fr\/produit\/manteau-courtney","og_locale":"fr_FR","og_type":"article","og_title":"Manteau Courtney - DressYourBody - Patron de couture femme","og_description":"Patron manteau Courtney: avec son col type \"ch\u00e2le\", et ses manches kimono, Courtney est un manteau en plein dans la tendance. Propos\u00e9 avec ou sans doublure!","og_url":"https:\/\/dressyourbody.fr\/fr\/produit\/manteau-courtney","og_site_name":"DressYourBody","article_publisher":"https:\/\/www.facebook.com\/dressyourbody.couture\/","article_modified_time":"2026-04-09T11:38:21+00:00","og_image":[{"width":500,"height":582,"url":"https:\/\/dressyourbody.fr\/wp-content\/uploads\/2023\/11\/manteau-courtney-jacquard-cousette3.jpg","type":"image\/jpeg"}],"twitter_card":"summary_large_image","twitter_misc":{"Dur\u00e9e de lecture estim\u00e9e":"4 minutes"},"schema":{"@context":"https:\/\/schema.org","@graph":[{"@type":"WebPage","@id":"https:\/\/dressyourbody.fr\/fr\/produit\/manteau-courtney","url":"https:\/\/dressyourbody.fr\/fr\/produit\/manteau-courtney","name":"Manteau Courtney - DressYourBody - Patron de couture femme","isPartOf":{"@id":"https:\/\/dressyourbody.fr\/fr\/#website"},"primaryImageOfPage":{"@id":"https:\/\/dressyourbody.fr\/fr\/produit\/manteau-courtney#primaryimage"},"image":{"@id":"https:\/\/dressyourbody.fr\/fr\/produit\/manteau-courtney#primaryimage"},"thumbnailUrl":"https:\/\/dressyourbody.fr\/wp-content\/uploads\/2023\/11\/manteau-courtney-jacquard-cousette3.jpg","datePublished":"2023-11-24T11:20:32+00:00","dateModified":"2026-04-09T11:38:21+00:00","description":"Patron manteau Courtney: avec son col type \"ch\u00e2le\", et ses manches kimono, Courtney est un manteau en plein dans la tendance. Propos\u00e9 avec ou sans doublure!","breadcrumb":{"@id":"https:\/\/dressyourbody.fr\/fr\/produit\/manteau-courtney#breadcrumb"},"inLanguage":"fr-FR","potentialAction":[{"@type":"ReadAction","target":["https:\/\/dressyourbody.fr\/fr\/produit\/manteau-courtney"]}]},{"@type":"ImageObject","inLanguage":"fr-FR","@id":"https:\/\/dressyourbody.fr\/fr\/produit\/manteau-courtney#primaryimage","url":"https:\/\/dressyourbody.fr\/wp-content\/uploads\/2023\/11\/manteau-courtney-jacquard-cousette3.jpg","contentUrl":"https:\/\/dressyourbody.fr\/wp-content\/uploads\/2023\/11\/manteau-courtney-jacquard-cousette3.jpg","width":500,"height":582,"caption":"Manteau Courtney en jacquard Cousette avec main dans la poche"},{"@type":"BreadcrumbList","@id":"https:\/\/dressyourbody.fr\/fr\/produit\/manteau-courtney#breadcrumb","itemListElement":[{"@type":"ListItem","position":1,"name":"Accueil","item":"https:\/\/dressyourbody.fr\/fr\/"},{"@type":"ListItem","position":2,"name":"LA BOUTIQUE","item":"https:\/\/dressyourbody.fr\/fr\/?page_id=22934"},{"@type":"ListItem","position":3,"name":"Patron Manteau Courtney (PDF ou POCHETTE)"}]},{"@type":"WebSite","@id":"https:\/\/dressyourbody.fr\/fr\/#website","url":"https:\/\/dressyourbody.fr\/fr\/","name":"DressYourBody","description":"Une collection compl\u00e8te de patrons couture en ligne","publisher":{"@id":"https:\/\/dressyourbody.fr\/fr\/#organization"},"potentialAction":[{"@type":"SearchAction","target":{"@type":"EntryPoint","urlTemplate":"https:\/\/dressyourbody.fr\/fr\/?s={search_term_string}"},"query-input":{"@type":"PropertyValueSpecification","valueRequired":true,"valueName":"search_term_string"}}],"inLanguage":"fr-FR"},{"@type":"Organization","@id":"https:\/\/dressyourbody.fr\/fr\/#organization","name":"DressYourBody.fr","url":"https:\/\/dressyourbody.fr\/fr\/","logo":{"@type":"ImageObject","inLanguage":"fr-FR","@id":"https:\/\/dressyourbody.fr\/fr\/#\/schema\/logo\/image\/","url":"https:\/\/dressyourbody.fr\/wp-content\/uploads\/2018\/07\/Logo-rond.png","contentUrl":"https:\/\/dressyourbody.fr\/wp-content\/uploads\/2018\/07\/Logo-rond.png","width":451,"height":449,"caption":"DressYourBody.fr"},"image":{"@id":"https:\/\/dressyourbody.fr\/fr\/#\/schema\/logo\/image\/"},"sameAs":["https:\/\/www.facebook.com\/dressyourbody.couture\/","https:\/\/www.instagram.com\/dressyourbody.couture\/","https:\/\/www.linkedin.com\/company\/11295981\/","https:\/\/www.pinterest.fr\/dressyourbody\/","https:\/\/www.youtube.com\/channel\/UCD9FR054rT1zUXmwxImG5vA?view_as=subscriber"]}]}},"_links":{"self":[{"href":"https:\/\/dressyourbody.fr\/fr\/wp-json\/wp\/v2\/product\/36321","targetHints":{"allow":["GET"]}}],"collection":[{"href":"https:\/\/dressyourbody.fr\/fr\/wp-json\/wp\/v2\/product"}],"about":[{"href":"https:\/\/dressyourbody.fr\/fr\/wp-json\/wp\/v2\/types\/product"}],"replies":[{"embeddable":true,"href":"https:\/\/dressyourbody.fr\/fr\/wp-json\/wp\/v2\/comments?post=36321"}],"wp:featuredmedia":[{"embeddable":true,"href":"https:\/\/dressyourbody.fr\/fr\/wp-json\/wp\/v2\/media\/36334"}],"wp:attachment":[{"href":"https:\/\/dressyourbody.fr\/fr\/wp-json\/wp\/v2\/media?parent=36321"}],"wp:term":[{"taxonomy":"product_brand","embeddable":true,"href":"https:\/\/dressyourbody.fr\/fr\/wp-json\/wp\/v2\/product_brand?post=36321"},{"taxonomy":"product_cat","embeddable":true,"href":"https:\/\/dressyourbody.fr\/fr\/wp-json\/wp\/v2\/product_cat?post=36321"},{"taxonomy":"product_tag","embeddable":true,"href":"https:\/\/dressyourbody.fr\/fr\/wp-json\/wp\/v2\/product_tag?post=36321"}],"curies":[{"name":"wp","href":"https:\/\/api.w.org\/{rel}","templated":true}]}}