{"id":35081,"date":"2023-05-09T16:35:54","date_gmt":"2023-05-09T14:35:54","guid":{"rendered":"https:\/\/dressyourbody.fr\/fr\/?post_type=product&#038;p=35081"},"modified":"2026-04-09T13:40:41","modified_gmt":"2026-04-09T11:40:41","slug":"ceinture-bonnie","status":"publish","type":"product","link":"https:\/\/dressyourbody.fr\/fr\/produit\/ceinture-bonnie\/","title":{"rendered":"Ceinture Bonnie"},"content":{"rendered":"<p><strong>En ceinture ou en bandeau, Bonnie donnera du peps vos tenues!<\/strong><\/p>\n<p>A vous de mixer les couleurs, les imprim\u00e9s pour des versions pastels ou acidul\u00e9es!<\/p>\n<p>&nbsp;<\/p>\n<p><strong>Et je vous proposer 3 diff\u00e9rentes fa\u00e7ons de la porter.<\/strong><\/p>\n<ul>\n<li>Pour <strong>ceinturer une veste<\/strong> comme je l&rsquo;ai utilis\u00e9 avec <a href=\"https:\/\/dressyourbody.fr\/fr\/produit\/veste-kurt\" target=\"_blank\" rel=\"noopener\">ma veste Kurt<\/a><\/li>\n<li>En <strong>ceinture avec un jeans<\/strong> taille haute&#8230; juste pour le style<\/li>\n<li>Ou <strong>en bandeau pour un petit look un peu r\u00e9tro\u00a0<\/strong><\/li>\n<\/ul>\n<p>&nbsp;<\/p>\n<p><strong>Sur les photos, la ceinture Bonnie a \u00e9t\u00e9 r\u00e9alis\u00e9e:<\/strong><\/p>\n<ul>\n<li>en<strong> serg\u00e9 de viscose l\u00e9opard<\/strong>\u00a0<a href=\"https:\/\/belle-stylee.com\/\" target=\"_blank\" rel=\"noopener\">Belle&amp;Styl\u00e9e<\/a><\/li>\n<li>en <strong>viscose \u00e0 pois <\/strong>de chez <a href=\"https:\/\/www.cousette.com\/\" target=\"_blank\" rel=\"noopener\">Cousette<\/a><\/li>\n<\/ul>\n<p>&nbsp;<\/p>\n<p><span style=\"color: #000000;\"><strong>Marges de couture incluses : 7mm<\/strong><\/span><\/p>\n<p>&nbsp;<\/p>\n<p>&nbsp;<\/p>\n<p>&nbsp;<\/p>\n<p>&nbsp;<\/p>\n","protected":false},"excerpt":{"rendered":"<p><strong>Bonnie<\/strong> c&rsquo;est la petite ceinture <strong>parfaite pour accessoiriser vos tenues!<\/strong><\/p>\n<p>Elle <strong>se r\u00e9alise<\/strong> facilement <strong>avec vos chutes de tissus<\/strong> pour la porter sur un jeans ou m\u00eame un bandeau.<\/p>\n<p><strong>Patron et tuto \u00e0 t\u00e9l\u00e9charger sur 2 pages A4 &#8230;<\/strong> <\/p>\n<div><a class=\"zoli-read-more-link\" href=\"https:\/\/dressyourbody.fr\/fr\/produit\/ceinture-bonnie\/\">Read More<span class=\"lexus-icon-Icon_Next\"><\/span><\/a><\/div>\n","protected":false},"featured_media":35091,"comment_status":"open","ping_status":"closed","template":"","meta":{"_acf_changed":false},"product_brand":[],"product_cat":[1279],"product_tag":[1194,637],"class_list":{"0":"post-35081","1":"product","2":"type-product","3":"status-publish","4":"has-post-thumbnail","6":"product_cat-accessoires","7":"product_tag-couture-facile","8":"product_tag-patron","9":"product_shipping_class-telechargement","10":"pa_difficulte-debutant","11":"pa_formatpatron-patron-pdf-format-a4-a0","13":"first","14":"instock","15":"shipping-taxable","16":"purchasable","17":"product-type-variable"},"acf":[],"yoast_head":"<!-- This site is optimized with the Yoast SEO plugin v27.3 - https:\/\/yoast.com\/product\/yoast-seo-wordpress\/ -->\n<title>Ceinture Bonnie - DressYourBody - Patron gratuit<\/title>\n<meta name=\"description\" content=\"Bonnie, en ceinture ou en bandeau, donnera du peps vos tenues! A vous de mixer les couleurs, les imprim\u00e9s pour des versions pastels ou acidul\u00e9es!\" \/>\n<meta name=\"robots\" content=\"index, follow, max-snippet:-1, max-image-preview:large, max-video-preview:-1\" \/>\n<link rel=\"canonical\" href=\"https:\/\/dressyourbody.fr\/fr\/produit\/ceinture-bonnie\" \/>\n<meta property=\"og:locale\" content=\"fr_FR\" \/>\n<meta property=\"og:type\" content=\"article\" \/>\n<meta property=\"og:title\" content=\"Ceinture Bonnie - DressYourBody - Patron gratuit\" \/>\n<meta property=\"og:description\" content=\"Bonnie, en ceinture ou en bandeau, donnera du peps vos tenues! A vous de mixer les couleurs, les imprim\u00e9s pour des versions pastels ou acidul\u00e9es!\" \/>\n<meta property=\"og:url\" content=\"https:\/\/dressyourbody.fr\/fr\/produit\/ceinture-bonnie\" \/>\n<meta property=\"og:site_name\" content=\"DressYourBody\" \/>\n<meta property=\"article:publisher\" content=\"https:\/\/www.facebook.com\/dressyourbody.couture\/\" \/>\n<meta property=\"article:modified_time\" content=\"2026-04-09T11:40:41+00:00\" \/>\n<meta property=\"og:image\" content=\"https:\/\/dressyourbody.fr\/wp-content\/uploads\/2023\/05\/ceinture-bonnie-patchword-e1683668713864.jpg\" \/>\n\t<meta property=\"og:image:width\" content=\"470\" \/>\n\t<meta property=\"og:image:height\" content=\"595\" \/>\n\t<meta property=\"og:image:type\" content=\"image\/jpeg\" \/>\n<meta name=\"twitter:card\" content=\"summary_large_image\" \/>\n<meta name=\"twitter:label1\" content=\"Dur\u00e9e de lecture estim\u00e9e\" \/>\n\t<meta name=\"twitter:data1\" content=\"1 minute\" \/>\n<script type=\"application\/ld+json\" class=\"yoast-schema-graph\">{\"@context\":\"https:\\\/\\\/schema.org\",\"@graph\":[{\"@type\":\"WebPage\",\"@id\":\"https:\\\/\\\/dressyourbody.fr\\\/fr\\\/produit\\\/ceinture-bonnie\",\"url\":\"https:\\\/\\\/dressyourbody.fr\\\/fr\\\/produit\\\/ceinture-bonnie\",\"name\":\"Ceinture Bonnie - DressYourBody - Patron gratuit\",\"isPartOf\":{\"@id\":\"https:\\\/\\\/dressyourbody.fr\\\/fr\\\/#website\"},\"primaryImageOfPage\":{\"@id\":\"https:\\\/\\\/dressyourbody.fr\\\/fr\\\/produit\\\/ceinture-bonnie#primaryimage\"},\"image\":{\"@id\":\"https:\\\/\\\/dressyourbody.fr\\\/fr\\\/produit\\\/ceinture-bonnie#primaryimage\"},\"thumbnailUrl\":\"https:\\\/\\\/dressyourbody.fr\\\/wp-content\\\/uploads\\\/2023\\\/05\\\/ceinture-bonnie-patchword-e1683668713864.jpg\",\"datePublished\":\"2023-05-09T14:35:54+00:00\",\"dateModified\":\"2026-04-09T11:40:41+00:00\",\"description\":\"Bonnie, en ceinture ou en bandeau, donnera du peps vos tenues! A vous de mixer les couleurs, les imprim\u00e9s pour des versions pastels ou acidul\u00e9es!\",\"breadcrumb\":{\"@id\":\"https:\\\/\\\/dressyourbody.fr\\\/fr\\\/produit\\\/ceinture-bonnie#breadcrumb\"},\"inLanguage\":\"fr-FR\",\"potentialAction\":[{\"@type\":\"ReadAction\",\"target\":[\"https:\\\/\\\/dressyourbody.fr\\\/fr\\\/produit\\\/ceinture-bonnie\"]}]},{\"@type\":\"ImageObject\",\"inLanguage\":\"fr-FR\",\"@id\":\"https:\\\/\\\/dressyourbody.fr\\\/fr\\\/produit\\\/ceinture-bonnie#primaryimage\",\"url\":\"https:\\\/\\\/dressyourbody.fr\\\/wp-content\\\/uploads\\\/2023\\\/05\\\/ceinture-bonnie-patchword-e1683668713864.jpg\",\"contentUrl\":\"https:\\\/\\\/dressyourbody.fr\\\/wp-content\\\/uploads\\\/2023\\\/05\\\/ceinture-bonnie-patchword-e1683668713864.jpg\",\"width\":470,\"height\":595,\"caption\":\"Ceinture Bonnie en patchwork\"},{\"@type\":\"BreadcrumbList\",\"@id\":\"https:\\\/\\\/dressyourbody.fr\\\/fr\\\/produit\\\/ceinture-bonnie#breadcrumb\",\"itemListElement\":[{\"@type\":\"ListItem\",\"position\":1,\"name\":\"Accueil\",\"item\":\"https:\\\/\\\/dressyourbody.fr\\\/fr\\\/\"},{\"@type\":\"ListItem\",\"position\":2,\"name\":\"LA BOUTIQUE\",\"item\":\"https:\\\/\\\/dressyourbody.fr\\\/fr\\\/?page_id=22934\"},{\"@type\":\"ListItem\",\"position\":3,\"name\":\"Ceinture Bonnie\"}]},{\"@type\":\"WebSite\",\"@id\":\"https:\\\/\\\/dressyourbody.fr\\\/fr\\\/#website\",\"url\":\"https:\\\/\\\/dressyourbody.fr\\\/fr\\\/\",\"name\":\"DressYourBody\",\"description\":\"Une collection compl\u00e8te de patrons couture en ligne\",\"publisher\":{\"@id\":\"https:\\\/\\\/dressyourbody.fr\\\/fr\\\/#organization\"},\"potentialAction\":[{\"@type\":\"SearchAction\",\"target\":{\"@type\":\"EntryPoint\",\"urlTemplate\":\"https:\\\/\\\/dressyourbody.fr\\\/fr\\\/?s={search_term_string}\"},\"query-input\":{\"@type\":\"PropertyValueSpecification\",\"valueRequired\":true,\"valueName\":\"search_term_string\"}}],\"inLanguage\":\"fr-FR\"},{\"@type\":\"Organization\",\"@id\":\"https:\\\/\\\/dressyourbody.fr\\\/fr\\\/#organization\",\"name\":\"DressYourBody.fr\",\"url\":\"https:\\\/\\\/dressyourbody.fr\\\/fr\\\/\",\"logo\":{\"@type\":\"ImageObject\",\"inLanguage\":\"fr-FR\",\"@id\":\"https:\\\/\\\/dressyourbody.fr\\\/fr\\\/#\\\/schema\\\/logo\\\/image\\\/\",\"url\":\"https:\\\/\\\/dressyourbody.fr\\\/wp-content\\\/uploads\\\/2018\\\/07\\\/Logo-rond.png\",\"contentUrl\":\"https:\\\/\\\/dressyourbody.fr\\\/wp-content\\\/uploads\\\/2018\\\/07\\\/Logo-rond.png\",\"width\":451,\"height\":449,\"caption\":\"DressYourBody.fr\"},\"image\":{\"@id\":\"https:\\\/\\\/dressyourbody.fr\\\/fr\\\/#\\\/schema\\\/logo\\\/image\\\/\"},\"sameAs\":[\"https:\\\/\\\/www.facebook.com\\\/dressyourbody.couture\\\/\",\"https:\\\/\\\/www.instagram.com\\\/dressyourbody.couture\\\/\",\"https:\\\/\\\/www.linkedin.com\\\/company\\\/11295981\\\/\",\"https:\\\/\\\/www.pinterest.fr\\\/dressyourbody\\\/\",\"https:\\\/\\\/www.youtube.com\\\/channel\\\/UCD9FR054rT1zUXmwxImG5vA?view_as=subscriber\"]}]}<\/script>\n<!-- \/ Yoast SEO plugin. -->","yoast_head_json":{"title":"Ceinture Bonnie - DressYourBody - Patron gratuit","description":"Bonnie, en ceinture ou en bandeau, donnera du peps vos tenues! A vous de mixer les couleurs, les imprim\u00e9s pour des versions pastels ou acidul\u00e9es!","robots":{"index":"index","follow":"follow","max-snippet":"max-snippet:-1","max-image-preview":"max-image-preview:large","max-video-preview":"max-video-preview:-1"},"canonical":"https:\/\/dressyourbody.fr\/fr\/produit\/ceinture-bonnie","og_locale":"fr_FR","og_type":"article","og_title":"Ceinture Bonnie - DressYourBody - Patron gratuit","og_description":"Bonnie, en ceinture ou en bandeau, donnera du peps vos tenues! A vous de mixer les couleurs, les imprim\u00e9s pour des versions pastels ou acidul\u00e9es!","og_url":"https:\/\/dressyourbody.fr\/fr\/produit\/ceinture-bonnie","og_site_name":"DressYourBody","article_publisher":"https:\/\/www.facebook.com\/dressyourbody.couture\/","article_modified_time":"2026-04-09T11:40:41+00:00","og_image":[{"width":470,"height":595,"url":"https:\/\/dressyourbody.fr\/wp-content\/uploads\/2023\/05\/ceinture-bonnie-patchword-e1683668713864.jpg","type":"image\/jpeg"}],"twitter_card":"summary_large_image","twitter_misc":{"Dur\u00e9e de lecture estim\u00e9e":"1 minute"},"schema":{"@context":"https:\/\/schema.org","@graph":[{"@type":"WebPage","@id":"https:\/\/dressyourbody.fr\/fr\/produit\/ceinture-bonnie","url":"https:\/\/dressyourbody.fr\/fr\/produit\/ceinture-bonnie","name":"Ceinture Bonnie - DressYourBody - Patron gratuit","isPartOf":{"@id":"https:\/\/dressyourbody.fr\/fr\/#website"},"primaryImageOfPage":{"@id":"https:\/\/dressyourbody.fr\/fr\/produit\/ceinture-bonnie#primaryimage"},"image":{"@id":"https:\/\/dressyourbody.fr\/fr\/produit\/ceinture-bonnie#primaryimage"},"thumbnailUrl":"https:\/\/dressyourbody.fr\/wp-content\/uploads\/2023\/05\/ceinture-bonnie-patchword-e1683668713864.jpg","datePublished":"2023-05-09T14:35:54+00:00","dateModified":"2026-04-09T11:40:41+00:00","description":"Bonnie, en ceinture ou en bandeau, donnera du peps vos tenues! A vous de mixer les couleurs, les imprim\u00e9s pour des versions pastels ou acidul\u00e9es!","breadcrumb":{"@id":"https:\/\/dressyourbody.fr\/fr\/produit\/ceinture-bonnie#breadcrumb"},"inLanguage":"fr-FR","potentialAction":[{"@type":"ReadAction","target":["https:\/\/dressyourbody.fr\/fr\/produit\/ceinture-bonnie"]}]},{"@type":"ImageObject","inLanguage":"fr-FR","@id":"https:\/\/dressyourbody.fr\/fr\/produit\/ceinture-bonnie#primaryimage","url":"https:\/\/dressyourbody.fr\/wp-content\/uploads\/2023\/05\/ceinture-bonnie-patchword-e1683668713864.jpg","contentUrl":"https:\/\/dressyourbody.fr\/wp-content\/uploads\/2023\/05\/ceinture-bonnie-patchword-e1683668713864.jpg","width":470,"height":595,"caption":"Ceinture Bonnie en patchwork"},{"@type":"BreadcrumbList","@id":"https:\/\/dressyourbody.fr\/fr\/produit\/ceinture-bonnie#breadcrumb","itemListElement":[{"@type":"ListItem","position":1,"name":"Accueil","item":"https:\/\/dressyourbody.fr\/fr\/"},{"@type":"ListItem","position":2,"name":"LA BOUTIQUE","item":"https:\/\/dressyourbody.fr\/fr\/?page_id=22934"},{"@type":"ListItem","position":3,"name":"Ceinture Bonnie"}]},{"@type":"WebSite","@id":"https:\/\/dressyourbody.fr\/fr\/#website","url":"https:\/\/dressyourbody.fr\/fr\/","name":"DressYourBody","description":"Une collection compl\u00e8te de patrons couture en ligne","publisher":{"@id":"https:\/\/dressyourbody.fr\/fr\/#organization"},"potentialAction":[{"@type":"SearchAction","target":{"@type":"EntryPoint","urlTemplate":"https:\/\/dressyourbody.fr\/fr\/?s={search_term_string}"},"query-input":{"@type":"PropertyValueSpecification","valueRequired":true,"valueName":"search_term_string"}}],"inLanguage":"fr-FR"},{"@type":"Organization","@id":"https:\/\/dressyourbody.fr\/fr\/#organization","name":"DressYourBody.fr","url":"https:\/\/dressyourbody.fr\/fr\/","logo":{"@type":"ImageObject","inLanguage":"fr-FR","@id":"https:\/\/dressyourbody.fr\/fr\/#\/schema\/logo\/image\/","url":"https:\/\/dressyourbody.fr\/wp-content\/uploads\/2018\/07\/Logo-rond.png","contentUrl":"https:\/\/dressyourbody.fr\/wp-content\/uploads\/2018\/07\/Logo-rond.png","width":451,"height":449,"caption":"DressYourBody.fr"},"image":{"@id":"https:\/\/dressyourbody.fr\/fr\/#\/schema\/logo\/image\/"},"sameAs":["https:\/\/www.facebook.com\/dressyourbody.couture\/","https:\/\/www.instagram.com\/dressyourbody.couture\/","https:\/\/www.linkedin.com\/company\/11295981\/","https:\/\/www.pinterest.fr\/dressyourbody\/","https:\/\/www.youtube.com\/channel\/UCD9FR054rT1zUXmwxImG5vA?view_as=subscriber"]}]}},"_links":{"self":[{"href":"https:\/\/dressyourbody.fr\/fr\/wp-json\/wp\/v2\/product\/35081","targetHints":{"allow":["GET"]}}],"collection":[{"href":"https:\/\/dressyourbody.fr\/fr\/wp-json\/wp\/v2\/product"}],"about":[{"href":"https:\/\/dressyourbody.fr\/fr\/wp-json\/wp\/v2\/types\/product"}],"replies":[{"embeddable":true,"href":"https:\/\/dressyourbody.fr\/fr\/wp-json\/wp\/v2\/comments?post=35081"}],"wp:featuredmedia":[{"embeddable":true,"href":"https:\/\/dressyourbody.fr\/fr\/wp-json\/wp\/v2\/media\/35091"}],"wp:attachment":[{"href":"https:\/\/dressyourbody.fr\/fr\/wp-json\/wp\/v2\/media?parent=35081"}],"wp:term":[{"taxonomy":"product_brand","embeddable":true,"href":"https:\/\/dressyourbody.fr\/fr\/wp-json\/wp\/v2\/product_brand?post=35081"},{"taxonomy":"product_cat","embeddable":true,"href":"https:\/\/dressyourbody.fr\/fr\/wp-json\/wp\/v2\/product_cat?post=35081"},{"taxonomy":"product_tag","embeddable":true,"href":"https:\/\/dressyourbody.fr\/fr\/wp-json\/wp\/v2\/product_tag?post=35081"}],"curies":[{"name":"wp","href":"https:\/\/api.w.org\/{rel}","templated":true}]}}