{"id":32186,"date":"2022-06-15T12:53:58","date_gmt":"2022-06-15T10:53:58","guid":{"rendered":"https:\/\/dressyourbody.fr\/fr\/?post_type=product&#038;p=32186"},"modified":"2026-04-13T08:11:05","modified_gmt":"2026-04-13T06:11:05","slug":"pack-dunes","status":"publish","type":"product","link":"https:\/\/dressyourbody.fr\/fr\/produit\/pack-dunes\/","title":{"rendered":"Pack Dunes (inclut la robe Dune originale)"},"content":{"rendered":"<p><strong>Le pack Dunes contient la robe Dune originale \u00e0 laquelle viennent s&rsquo;ajouter 2 nouveaux mod\u00e8les \u00e0 d\u00e9cliner dans de nombreuses versions.<\/strong> A 100% dans l&rsquo;esprit Dune, les deux nouveaux mod\u00e8les sont<strong> dot\u00e9s de manches basses avec un peu moins d&rsquo;ampleur \u00e0 la poitrine<\/strong>. Cela permet de les porter plus facilement avec une veste et de les d\u00e9cliner en version robes courtes et versions top.<\/p>\n<h4><\/h4>\n<h4 style=\"text-align: center;\"><strong>LES 3 MODELES DUNES<\/strong><\/h4>\n<p>&nbsp;<\/p>\n<p><img fetchpriority=\"high\" decoding=\"async\" class=\"wp-image-32194 aligncenter\" src=\"https:\/\/dressyourbody.fr\/wp-content\/uploads\/2022\/06\/icones-pack-dunes.png\" alt=\"Les pack Dunes contient 3 mod\u00e8les\" width=\"536\" height=\"396\" srcset=\"https:\/\/dressyourbody.fr\/wp-content\/uploads\/2022\/06\/icones-pack-dunes.png 2112w, https:\/\/dressyourbody.fr\/wp-content\/uploads\/2022\/06\/icones-pack-dunes-500x369.png 500w, https:\/\/dressyourbody.fr\/wp-content\/uploads\/2022\/06\/icones-pack-dunes-300x221.png 300w, https:\/\/dressyourbody.fr\/wp-content\/uploads\/2022\/06\/icones-pack-dunes-768x567.png 768w, https:\/\/dressyourbody.fr\/wp-content\/uploads\/2022\/06\/icones-pack-dunes-1536x1133.png 1536w, https:\/\/dressyourbody.fr\/wp-content\/uploads\/2022\/06\/icones-pack-dunes-2048x1511.png 2048w, https:\/\/dressyourbody.fr\/wp-content\/uploads\/2022\/06\/icones-pack-dunes-16x12.png 16w\" sizes=\"(max-width: 536px) 100vw, 536px\" \/><\/p>\n<ol>\n<li><strong>Le mod\u00e8le 1<\/strong>, c\u2019est <b>la version originale de la robe Dune<\/b>, caract\u00e9ris\u00e9e par son ampleur et dont la singularit\u00e9 r\u00e9side dans le fait qu\u2019elle n\u2019a pas de manches \u00e0 proprement parl\u00e9. Seule la version robe longue est disponible.<\/li>\n<li><strong>Le mod\u00e8le 2<\/strong> reste un mod\u00e8le loose mais il est <b>plus ajust\u00e9 au niveau de la poitrine<\/b>. C\u2019est une robe chemise avec une patte de boutonnage sur le devant. <b>Il est dot\u00e9 de manches basses.\u00a0<\/b>Ce mod\u00e8le peut \u00eatre d\u00e9clin\u00e9 en <b>version robe longue, courte <\/b>ou <b>version top. <\/b><\/li>\n<li><strong>Le mod\u00e8le 3<\/strong> est le mod\u00e8le le plus ajust\u00e9 puisqu\u2019il est <b>possible de cintrer la robe juste en dessous de la poitrine <\/b>gr\u00e2ce \u00e0 <b>deux coulisses devant et dos<\/b>.\u00a0<b>Cette version est <\/b>aussi <b>la plus simple \u00e0 coudre <\/b>puisqu\u2019il n\u2019y a pas de patte de boutonnage sur le devant, ni de col. <b>L\u2019encolure est finie par un biais.\u00a0<\/b>Ce mod\u00e8le peut \u00eatre d\u00e9clin\u00e9 en <b>version robe longue, courte <\/b>ou <b>version top. <\/b><\/li>\n<\/ol>\n<p>&nbsp;<\/p>\n<p>&nbsp;<\/p>\n<p>&nbsp;<\/p>\n<h4 style=\"text-align: center;\"><strong>QUESTIONS DE MANCHES&#8230;<\/strong><\/h4>\n<p>Si la robe Dune originale, le mod\u00e8le 1, n&rsquo;avait pas de manches, <b>des manches basses ont \u00e9t\u00e9 ajout\u00e9es sur les mod\u00e8les 2 et 3. <\/b>Cela<b> permet de r\u00e9duire l&rsquo;ampleur au niveau de la poitrine <\/b>et<b> de pouvoir les porter plus facilement en toute saison et en toutes circonstances avec une veste ou un manteau.<\/b><\/p>\n<p>&nbsp;<\/p>\n<p><img decoding=\"async\" class=\"aligncenter wp-image-32195 \" src=\"https:\/\/dressyourbody.fr\/wp-content\/uploads\/2022\/06\/sketchs-pack-Dunes.png\" alt=\"Sketchs des mod\u00e8les pack Dunes\" width=\"717\" height=\"438\" \/><\/p>\n<p>&nbsp;<\/p>\n<h4 style=\"text-align: center;\"><strong>3 COLS pour 3 STYLES DIFFERENTS &#8230; A VOUS DE CHOISIR<\/strong><\/h4>\n<p style=\"text-align: left;\"><strong>Vous pouvez r\u00e9aliser les mod\u00e8les Dunes 1 et 2 avec 3 types de cols diff\u00e9rents (le mod\u00e8le 3 n&rsquo;a pas de col)<\/strong><\/p>\n<p style=\"text-align: left;\"><strong>Le col droit <\/strong>(ou chemin\u00e9e)<strong>, port\u00e9 ferm\u00e9, soulignera encore le style tr\u00e8s mode et pointu de votre Dunes. <\/strong>Vous pouvez le voir sur les photos de la <strong>version fushia en satin de coton de C\u00e9line @tenyearsappart<\/strong>.<strong> Port\u00e9 non boutonn\u00e9, il ressemble \u00e0 un col chemisier relev\u00e9.<\/strong> C&rsquo;est l&rsquo;option que j&rsquo;ai choisie sur ma robe Dune en coton ray\u00e9.<\/p>\n<p>Et vous pouvez sinon opter pour <strong>le col chemisier classique pour appuyer l&rsquo;effet robe chemise<\/strong> de la robe Dune ou <strong>le col mao pour une robe Dune en tout simplicit\u00e9<\/strong>!<\/p>\n<p>&nbsp;<\/p>\n<p><img decoding=\"async\" class=\"aligncenter wp-image-31831 \" src=\"https:\/\/dressyourbody.fr\/wp-content\/uploads\/2022\/05\/robe-dune-col-droit-col-mao-col-chemisier.jpg\" alt=\"Robe Dune col droit, col mao ou col chemisier\" width=\"510\" height=\"175\" srcset=\"https:\/\/dressyourbody.fr\/wp-content\/uploads\/2022\/05\/robe-dune-col-droit-col-mao-col-chemisier.jpg 600w, https:\/\/dressyourbody.fr\/wp-content\/uploads\/2022\/05\/robe-dune-col-droit-col-mao-col-chemisier-500x172.jpg 500w, https:\/\/dressyourbody.fr\/wp-content\/uploads\/2022\/05\/robe-dune-col-droit-col-mao-col-chemisier-300x103.jpg 300w, https:\/\/dressyourbody.fr\/wp-content\/uploads\/2022\/05\/robe-dune-col-droit-col-mao-col-chemisier-18x6.jpg 18w\" sizes=\"(max-width: 510px) 100vw, 510px\" \/><\/p>\n<h4><\/h4>\n<h4><\/h4>\n<p>&nbsp;<\/p>\n<h4 style=\"text-align: center;\"><strong>ALORS COMBIEN DE MODELES AU TOTAL?<\/strong><\/h4>\n<p>En combinant les <strong>3 diff\u00e9rents mod\u00e8les<\/strong>, les <strong>diff\u00e9rents cols<\/strong> et les <strong>diff\u00e9rentes longueurs<\/strong> &#8230; <strong>on ne compte plus le nombre de variations possibles de la robe Dune!!!<\/strong><\/p>\n<p>&nbsp;<\/p>\n<p>&nbsp;<\/p>\n<h4><\/h4>\n<h4 style=\"text-align: center;\"><strong>JE CHOISIS QUELLE TAILLE?<\/strong><\/h4>\n<p>Vous l&rsquo;aurez compris, <strong>les mod\u00e8les Dunes sont oversize<\/strong>.<strong> Ils ont beaucoup d&rsquo;ampleur et sont faits pour \u00eatre port\u00e9s comme cela. Cependant, vous pouvez d\u00e9cider de les porter un \u00ab\u00a0chouia\u00a0\u00bb plus ajust\u00e9s<\/strong> &#8211; et je dis bien un chouia \ud83d\ude09 &#8211; en choisissant la taille en dessous de la v\u00f4tre. Pas de souci, c&rsquo;est s\u00fbr elle vous ira! <strong>Par contre l&rsquo;encolure et les manches \u00e9tant ajust\u00e9es et pens\u00e9es pour correspondre \u00e0 la taille du patron, reportez l&rsquo;encolure de votre vraie taille sur la taille de patron choisie<\/strong>.<\/p>\n<p>Pour vous aider dans ce choix voici les 2 principales mesures finies de la robe:<\/p>\n<p><strong>Tour de poitrine:<\/strong> TXS-S: 226cm \/ TM: 238cm \/ TL-XL: 250cm<\/p>\n<p><strong>Circonf\u00e9rence col:<\/strong> XS-S: 39cm \/ M:42.5cm \/ L-XL: 45.5cm<\/p>\n<p>&nbsp;<\/p>\n<p><img loading=\"lazy\" decoding=\"async\" class=\"wp-image-31843 aligncenter\" src=\"https:\/\/dressyourbody.fr\/wp-content\/uploads\/2022\/05\/sketch-mesures-finies-260x300.jpg\" alt=\"Robe Dune mesures finies\" width=\"224\" height=\"259\" srcset=\"https:\/\/dressyourbody.fr\/wp-content\/uploads\/2022\/05\/sketch-mesures-finies-260x300.jpg 260w, https:\/\/dressyourbody.fr\/wp-content\/uploads\/2022\/05\/sketch-mesures-finies-10x12.jpg 10w, https:\/\/dressyourbody.fr\/wp-content\/uploads\/2022\/05\/sketch-mesures-finies.jpg 405w\" sizes=\"(max-width: 224px) 100vw, 224px\" \/><\/p>\n<p><strong>Tour de poitrine:<\/strong> TXS-S: 175cm \/ TM: 188cm \/ TL-XL: 200cm<\/p>\n<p><strong>Circonf\u00e9rence col:<\/strong> XS-S: 39cm \/ M:42.5cm \/ L-XL: 45.5cm<\/p>\n<p><strong>Largeur manche:<\/strong> XS-S: 34cm \/ M:37cm \/ L-XL: 40cm<\/p>\n<p>&nbsp;<\/p>\n<p><img loading=\"lazy\" decoding=\"async\" class=\"size-medium wp-image-32197 aligncenter\" src=\"https:\/\/dressyourbody.fr\/wp-content\/uploads\/2022\/06\/pack-dunes-mesures-finies-300x268.png\" alt=\"Les mesures finies du pack Dunes\" width=\"300\" height=\"268\" srcset=\"https:\/\/dressyourbody.fr\/wp-content\/uploads\/2022\/06\/pack-dunes-mesures-finies-300x268.png 300w, https:\/\/dressyourbody.fr\/wp-content\/uploads\/2022\/06\/pack-dunes-mesures-finies-13x12.png 13w, https:\/\/dressyourbody.fr\/wp-content\/uploads\/2022\/06\/pack-dunes-mesures-finies.png 483w\" sizes=\"(max-width: 300px) 100vw, 300px\" \/><\/p>\n<h4><\/h4>\n<h4><\/h4>\n<h4 style=\"text-align: center;\"><strong>ET DANS TOUT \u00c7A, QUEL TISSU CHOISIR POUR COUDRE LA ROBE DUNE?<\/strong><\/h4>\n<p><a href=\"https:\/\/dressyourbody.fr\/wp-content\/uploads\/2022\/03\/rouleaux-tissus.jpeg\"><img loading=\"lazy\" decoding=\"async\" class=\"size-full wp-image-31182 aligncenter\" src=\"https:\/\/dressyourbody.fr\/wp-content\/uploads\/2022\/03\/rouleaux-tissus.jpeg\" alt=\"Rouleaux de tissu\" width=\"200\" height=\"113\" srcset=\"https:\/\/dressyourbody.fr\/wp-content\/uploads\/2022\/03\/rouleaux-tissus.jpeg 200w, https:\/\/dressyourbody.fr\/wp-content\/uploads\/2022\/03\/rouleaux-tissus-18x10.jpeg 18w\" sizes=\"(max-width: 200px) 100vw, 200px\" \/><\/a><\/p>\n<p>&nbsp;<\/p>\n<p>L\u2019ampleur de la robe Dune n\u00e9cessite l\u2019utilisation de<strong> tissus l\u00e9gers mais pas forc\u00e9ment fluides<\/strong> pour autant.<\/p>\n<p>La robe fonctionne tr\u00e8s bien avec de la <strong>viscose<\/strong>, du <strong>cr\u00e9pon<\/strong>, de la <strong>soie<\/strong>, de la <strong>popeline de coton<\/strong>, du<strong> lin<\/strong>, du <strong>lin lav\u00e9<\/strong> par exemple.<\/p>\n<p>&nbsp;<\/p>\n<p>&nbsp;<\/p>\n<p>&nbsp;<\/p>\n<p>&nbsp;<\/p>\n<p>&nbsp;<\/p>\n<p>&nbsp;<\/p>\n<p>&nbsp;<\/p>\n","protected":false},"excerpt":{"rendered":"<ul>\n<li>ENGLISH SEWING INSTRUCTIONS AVAILABLE (PDF VERSION)<\/li>\n<li>Planche de patrons allant de la taille XS \u00e0 XL soit un tour de poitrine de 81 \u00e0 117cm<\/li>\n<li>Tous niveaux de couture \u00e0 interm\u00e9diaire selon les mod\u00e8les<\/li>\n<li>Marges de couture incluses : 1cm<\/li>\n<\/ul>\n<div><a class=\"zoli-read-more-link\" href=\"https:\/\/dressyourbody.fr\/fr\/produit\/pack-dunes\/\">Read More<span class=\"lexus-icon-Icon_Next\"><\/span><\/a><\/div>\n","protected":false},"featured_media":33146,"comment_status":"open","ping_status":"closed","template":"","meta":{"_acf_changed":false},"product_brand":[],"product_cat":[1233,1234],"product_tag":[1194,637,1196,639],"class_list":{"0":"post-32186","1":"product","2":"type-product","3":"status-publish","4":"has-post-thumbnail","6":"product_cat-robes","7":"product_cat-tops","8":"product_tag-couture-facile","9":"product_tag-patron","10":"product_tag-patron-de-robe","11":"product_tag-robe","12":"product_shipping_class-pack-dunes","13":"pa_difficulte-moyen","14":"pa_formatpatron-patron-pdf-format-a4-a0","15":"pa_formatpatron-patronpochette","17":"first","18":"instock","19":"shipping-taxable","20":"purchasable","21":"product-type-variable"},"acf":[],"yoast_head":"<!-- This site is optimized with the Yoast SEO plugin v27.3 - https:\/\/yoast.com\/product\/yoast-seo-wordpress\/ -->\n<title>Robe Dune - DressYourBody - Patron de couture femme<\/title>\n<meta name=\"description\" content=\"La robe Dune avec sa coupe oversize, de jolis plis d&#039;ampleur dans le dos, vous garantit un look super styl\u00e9 pour les belles soir\u00e9es d&#039;\u00e9t\u00e9.\" \/>\n<meta name=\"robots\" content=\"index, follow, max-snippet:-1, max-image-preview:large, max-video-preview:-1\" \/>\n<link rel=\"canonical\" href=\"https:\/\/dressyourbody.fr\/fr\/produit\/pack-dunes\" \/>\n<meta property=\"og:locale\" content=\"fr_FR\" \/>\n<meta property=\"og:type\" content=\"article\" \/>\n<meta property=\"og:title\" content=\"Robe Dune - DressYourBody - Patron de couture femme\" \/>\n<meta property=\"og:description\" content=\"La robe Dune avec sa coupe oversize, de jolis plis d&#039;ampleur dans le dos, vous garantit un look super styl\u00e9 pour les belles soir\u00e9es d&#039;\u00e9t\u00e9.\" \/>\n<meta property=\"og:url\" content=\"https:\/\/dressyourbody.fr\/fr\/produit\/pack-dunes\" \/>\n<meta property=\"og:site_name\" content=\"DressYourBody\" \/>\n<meta property=\"article:publisher\" content=\"https:\/\/www.facebook.com\/dressyourbody.couture\/\" \/>\n<meta property=\"article:modified_time\" content=\"2026-04-13T06:11:05+00:00\" \/>\n<meta property=\"og:image\" content=\"https:\/\/dressyourbody.fr\/wp-content\/uploads\/2022\/06\/pack-dunes-metermeter1.jpg\" \/>\n\t<meta property=\"og:image:width\" content=\"500\" \/>\n\t<meta property=\"og:image:height\" content=\"625\" \/>\n\t<meta property=\"og:image:type\" content=\"image\/jpeg\" \/>\n<meta name=\"twitter:card\" content=\"summary_large_image\" \/>\n<meta name=\"twitter:label1\" content=\"Dur\u00e9e de lecture estim\u00e9e\" \/>\n\t<meta name=\"twitter:data1\" content=\"5 minutes\" \/>\n<script type=\"application\/ld+json\" class=\"yoast-schema-graph\">{\"@context\":\"https:\\\/\\\/schema.org\",\"@graph\":[{\"@type\":\"WebPage\",\"@id\":\"https:\\\/\\\/dressyourbody.fr\\\/fr\\\/produit\\\/pack-dunes\",\"url\":\"https:\\\/\\\/dressyourbody.fr\\\/fr\\\/produit\\\/pack-dunes\",\"name\":\"Robe Dune - DressYourBody - Patron de couture femme\",\"isPartOf\":{\"@id\":\"https:\\\/\\\/dressyourbody.fr\\\/fr\\\/#website\"},\"primaryImageOfPage\":{\"@id\":\"https:\\\/\\\/dressyourbody.fr\\\/fr\\\/produit\\\/pack-dunes#primaryimage\"},\"image\":{\"@id\":\"https:\\\/\\\/dressyourbody.fr\\\/fr\\\/produit\\\/pack-dunes#primaryimage\"},\"thumbnailUrl\":\"https:\\\/\\\/dressyourbody.fr\\\/wp-content\\\/uploads\\\/2022\\\/06\\\/pack-dunes-metermeter1.jpg\",\"datePublished\":\"2022-06-15T10:53:58+00:00\",\"dateModified\":\"2026-04-13T06:11:05+00:00\",\"description\":\"La robe Dune avec sa coupe oversize, de jolis plis d'ampleur dans le dos, vous garantit un look super styl\u00e9 pour les belles soir\u00e9es d'\u00e9t\u00e9.\",\"breadcrumb\":{\"@id\":\"https:\\\/\\\/dressyourbody.fr\\\/fr\\\/produit\\\/pack-dunes#breadcrumb\"},\"inLanguage\":\"fr-FR\",\"potentialAction\":[{\"@type\":\"ReadAction\",\"target\":[\"https:\\\/\\\/dressyourbody.fr\\\/fr\\\/produit\\\/pack-dunes\"]}]},{\"@type\":\"ImageObject\",\"inLanguage\":\"fr-FR\",\"@id\":\"https:\\\/\\\/dressyourbody.fr\\\/fr\\\/produit\\\/pack-dunes#primaryimage\",\"url\":\"https:\\\/\\\/dressyourbody.fr\\\/wp-content\\\/uploads\\\/2022\\\/06\\\/pack-dunes-metermeter1.jpg\",\"contentUrl\":\"https:\\\/\\\/dressyourbody.fr\\\/wp-content\\\/uploads\\\/2022\\\/06\\\/pack-dunes-metermeter1.jpg\",\"width\":500,\"height\":625,\"caption\":\"Pack Dunes, mod\u00e8le 3 en tissu Metermeterdk\"},{\"@type\":\"BreadcrumbList\",\"@id\":\"https:\\\/\\\/dressyourbody.fr\\\/fr\\\/produit\\\/pack-dunes#breadcrumb\",\"itemListElement\":[{\"@type\":\"ListItem\",\"position\":1,\"name\":\"Accueil\",\"item\":\"https:\\\/\\\/dressyourbody.fr\\\/fr\\\/\"},{\"@type\":\"ListItem\",\"position\":2,\"name\":\"LA BOUTIQUE\",\"item\":\"https:\\\/\\\/dressyourbody.fr\\\/fr\\\/?page_id=22934\"},{\"@type\":\"ListItem\",\"position\":3,\"name\":\"Pack Dunes (inclut la robe Dune originale)\"}]},{\"@type\":\"WebSite\",\"@id\":\"https:\\\/\\\/dressyourbody.fr\\\/fr\\\/#website\",\"url\":\"https:\\\/\\\/dressyourbody.fr\\\/fr\\\/\",\"name\":\"DressYourBody\",\"description\":\"Une collection compl\u00e8te de patrons couture en ligne\",\"publisher\":{\"@id\":\"https:\\\/\\\/dressyourbody.fr\\\/fr\\\/#organization\"},\"potentialAction\":[{\"@type\":\"SearchAction\",\"target\":{\"@type\":\"EntryPoint\",\"urlTemplate\":\"https:\\\/\\\/dressyourbody.fr\\\/fr\\\/?s={search_term_string}\"},\"query-input\":{\"@type\":\"PropertyValueSpecification\",\"valueRequired\":true,\"valueName\":\"search_term_string\"}}],\"inLanguage\":\"fr-FR\"},{\"@type\":\"Organization\",\"@id\":\"https:\\\/\\\/dressyourbody.fr\\\/fr\\\/#organization\",\"name\":\"DressYourBody.fr\",\"url\":\"https:\\\/\\\/dressyourbody.fr\\\/fr\\\/\",\"logo\":{\"@type\":\"ImageObject\",\"inLanguage\":\"fr-FR\",\"@id\":\"https:\\\/\\\/dressyourbody.fr\\\/fr\\\/#\\\/schema\\\/logo\\\/image\\\/\",\"url\":\"https:\\\/\\\/dressyourbody.fr\\\/wp-content\\\/uploads\\\/2018\\\/07\\\/Logo-rond.png\",\"contentUrl\":\"https:\\\/\\\/dressyourbody.fr\\\/wp-content\\\/uploads\\\/2018\\\/07\\\/Logo-rond.png\",\"width\":451,\"height\":449,\"caption\":\"DressYourBody.fr\"},\"image\":{\"@id\":\"https:\\\/\\\/dressyourbody.fr\\\/fr\\\/#\\\/schema\\\/logo\\\/image\\\/\"},\"sameAs\":[\"https:\\\/\\\/www.facebook.com\\\/dressyourbody.couture\\\/\",\"https:\\\/\\\/www.instagram.com\\\/dressyourbody.couture\\\/\",\"https:\\\/\\\/www.linkedin.com\\\/company\\\/11295981\\\/\",\"https:\\\/\\\/www.pinterest.fr\\\/dressyourbody\\\/\",\"https:\\\/\\\/www.youtube.com\\\/channel\\\/UCD9FR054rT1zUXmwxImG5vA?view_as=subscriber\"]}]}<\/script>\n<!-- \/ Yoast SEO plugin. -->","yoast_head_json":{"title":"Robe Dune - DressYourBody - Patron de couture femme","description":"La robe Dune avec sa coupe oversize, de jolis plis d'ampleur dans le dos, vous garantit un look super styl\u00e9 pour les belles soir\u00e9es d'\u00e9t\u00e9.","robots":{"index":"index","follow":"follow","max-snippet":"max-snippet:-1","max-image-preview":"max-image-preview:large","max-video-preview":"max-video-preview:-1"},"canonical":"https:\/\/dressyourbody.fr\/fr\/produit\/pack-dunes","og_locale":"fr_FR","og_type":"article","og_title":"Robe Dune - DressYourBody - Patron de couture femme","og_description":"La robe Dune avec sa coupe oversize, de jolis plis d'ampleur dans le dos, vous garantit un look super styl\u00e9 pour les belles soir\u00e9es d'\u00e9t\u00e9.","og_url":"https:\/\/dressyourbody.fr\/fr\/produit\/pack-dunes","og_site_name":"DressYourBody","article_publisher":"https:\/\/www.facebook.com\/dressyourbody.couture\/","article_modified_time":"2026-04-13T06:11:05+00:00","og_image":[{"width":500,"height":625,"url":"https:\/\/dressyourbody.fr\/wp-content\/uploads\/2022\/06\/pack-dunes-metermeter1.jpg","type":"image\/jpeg"}],"twitter_card":"summary_large_image","twitter_misc":{"Dur\u00e9e de lecture estim\u00e9e":"5 minutes"},"schema":{"@context":"https:\/\/schema.org","@graph":[{"@type":"WebPage","@id":"https:\/\/dressyourbody.fr\/fr\/produit\/pack-dunes","url":"https:\/\/dressyourbody.fr\/fr\/produit\/pack-dunes","name":"Robe Dune - DressYourBody - Patron de couture femme","isPartOf":{"@id":"https:\/\/dressyourbody.fr\/fr\/#website"},"primaryImageOfPage":{"@id":"https:\/\/dressyourbody.fr\/fr\/produit\/pack-dunes#primaryimage"},"image":{"@id":"https:\/\/dressyourbody.fr\/fr\/produit\/pack-dunes#primaryimage"},"thumbnailUrl":"https:\/\/dressyourbody.fr\/wp-content\/uploads\/2022\/06\/pack-dunes-metermeter1.jpg","datePublished":"2022-06-15T10:53:58+00:00","dateModified":"2026-04-13T06:11:05+00:00","description":"La robe Dune avec sa coupe oversize, de jolis plis d'ampleur dans le dos, vous garantit un look super styl\u00e9 pour les belles soir\u00e9es d'\u00e9t\u00e9.","breadcrumb":{"@id":"https:\/\/dressyourbody.fr\/fr\/produit\/pack-dunes#breadcrumb"},"inLanguage":"fr-FR","potentialAction":[{"@type":"ReadAction","target":["https:\/\/dressyourbody.fr\/fr\/produit\/pack-dunes"]}]},{"@type":"ImageObject","inLanguage":"fr-FR","@id":"https:\/\/dressyourbody.fr\/fr\/produit\/pack-dunes#primaryimage","url":"https:\/\/dressyourbody.fr\/wp-content\/uploads\/2022\/06\/pack-dunes-metermeter1.jpg","contentUrl":"https:\/\/dressyourbody.fr\/wp-content\/uploads\/2022\/06\/pack-dunes-metermeter1.jpg","width":500,"height":625,"caption":"Pack Dunes, mod\u00e8le 3 en tissu Metermeterdk"},{"@type":"BreadcrumbList","@id":"https:\/\/dressyourbody.fr\/fr\/produit\/pack-dunes#breadcrumb","itemListElement":[{"@type":"ListItem","position":1,"name":"Accueil","item":"https:\/\/dressyourbody.fr\/fr\/"},{"@type":"ListItem","position":2,"name":"LA BOUTIQUE","item":"https:\/\/dressyourbody.fr\/fr\/?page_id=22934"},{"@type":"ListItem","position":3,"name":"Pack Dunes (inclut la robe Dune originale)"}]},{"@type":"WebSite","@id":"https:\/\/dressyourbody.fr\/fr\/#website","url":"https:\/\/dressyourbody.fr\/fr\/","name":"DressYourBody","description":"Une collection compl\u00e8te de patrons couture en ligne","publisher":{"@id":"https:\/\/dressyourbody.fr\/fr\/#organization"},"potentialAction":[{"@type":"SearchAction","target":{"@type":"EntryPoint","urlTemplate":"https:\/\/dressyourbody.fr\/fr\/?s={search_term_string}"},"query-input":{"@type":"PropertyValueSpecification","valueRequired":true,"valueName":"search_term_string"}}],"inLanguage":"fr-FR"},{"@type":"Organization","@id":"https:\/\/dressyourbody.fr\/fr\/#organization","name":"DressYourBody.fr","url":"https:\/\/dressyourbody.fr\/fr\/","logo":{"@type":"ImageObject","inLanguage":"fr-FR","@id":"https:\/\/dressyourbody.fr\/fr\/#\/schema\/logo\/image\/","url":"https:\/\/dressyourbody.fr\/wp-content\/uploads\/2018\/07\/Logo-rond.png","contentUrl":"https:\/\/dressyourbody.fr\/wp-content\/uploads\/2018\/07\/Logo-rond.png","width":451,"height":449,"caption":"DressYourBody.fr"},"image":{"@id":"https:\/\/dressyourbody.fr\/fr\/#\/schema\/logo\/image\/"},"sameAs":["https:\/\/www.facebook.com\/dressyourbody.couture\/","https:\/\/www.instagram.com\/dressyourbody.couture\/","https:\/\/www.linkedin.com\/company\/11295981\/","https:\/\/www.pinterest.fr\/dressyourbody\/","https:\/\/www.youtube.com\/channel\/UCD9FR054rT1zUXmwxImG5vA?view_as=subscriber"]}]}},"_links":{"self":[{"href":"https:\/\/dressyourbody.fr\/fr\/wp-json\/wp\/v2\/product\/32186","targetHints":{"allow":["GET"]}}],"collection":[{"href":"https:\/\/dressyourbody.fr\/fr\/wp-json\/wp\/v2\/product"}],"about":[{"href":"https:\/\/dressyourbody.fr\/fr\/wp-json\/wp\/v2\/types\/product"}],"replies":[{"embeddable":true,"href":"https:\/\/dressyourbody.fr\/fr\/wp-json\/wp\/v2\/comments?post=32186"}],"wp:featuredmedia":[{"embeddable":true,"href":"https:\/\/dressyourbody.fr\/fr\/wp-json\/wp\/v2\/media\/33146"}],"wp:attachment":[{"href":"https:\/\/dressyourbody.fr\/fr\/wp-json\/wp\/v2\/media?parent=32186"}],"wp:term":[{"taxonomy":"product_brand","embeddable":true,"href":"https:\/\/dressyourbody.fr\/fr\/wp-json\/wp\/v2\/product_brand?post=32186"},{"taxonomy":"product_cat","embeddable":true,"href":"https:\/\/dressyourbody.fr\/fr\/wp-json\/wp\/v2\/product_cat?post=32186"},{"taxonomy":"product_tag","embeddable":true,"href":"https:\/\/dressyourbody.fr\/fr\/wp-json\/wp\/v2\/product_tag?post=32186"}],"curies":[{"name":"wp","href":"https:\/\/api.w.org\/{rel}","templated":true}]}}