{"id":22075,"date":"2020-09-22T17:36:04","date_gmt":"2020-09-22T15:36:04","guid":{"rendered":"https:\/\/dressyourbody.fr\/?post_type=product&#038;p=22075"},"modified":"2026-04-09T09:26:18","modified_gmt":"2026-04-09T07:26:18","slug":"blouse-amy","status":"publish","type":"product","link":"https:\/\/dressyourbody.fr\/fr\/produit\/blouse-amy\/","title":{"rendered":"Blouse Amy"},"content":{"rendered":"<p>La blouse Amy est caract\u00e9ris\u00e9e par ses jolies manches tout en volume, fronc\u00e9es par un \u00e9lastique central. Cela lui donne un style \u00e0 la fois moderne et original. Sa fermeture \u00e9clair au dos lui apporte un petit c\u00f4t\u00e9 sport et vous pouvez la r\u00e9aliser avec des manches courtes ou des manches 3\/4. Les manches 3\/4 sont particuli\u00e8rement adapt\u00e9es si vous cousez la blouse Amy en tissu sweatshirt puisqu&rsquo;il est possible de r\u00e9aliser la r\u00e9aliser en tissu chaine et trame aussi bien qu&rsquo;en maille.<\/p>\n<p><strong>TAILLES<\/strong>: Planche de patrons allant de la taille 34 \u00e0 46 soit un tour de poitrine du 81\u00a0 au 108 cm. Notez que si vous r\u00e9alisez la blouse Amy en maille, il est conseill\u00e9 de prendre une taille en dessous de votre taille habituelle. Vous pouvez \u00e9galement vous r\u00e9f\u00e9rer \u00e0 la <a href=\"#popmake-23087\">grille des tailles<\/a>.<\/p>\n<p><strong>TISSU CONSEILLE<\/strong>: La blouse Amy peut \u00eatre r\u00e9alis\u00e9e dans beaucoup de mati\u00e8res pour des styles tr\u00e8s diff\u00e9rents. Elle peut aussi bien \u00eatre r\u00e9alis\u00e9e en cha\u00eene et trame (viscose, coton, lainage) comme avec de la maille (maille velours, maille sweatshirt&#8230;) pour un look plus sportswear. Sur les versions en photo elle a \u00e9t\u00e9 r\u00e9alis\u00e9e: &#8211; en viscose de chez <a href=\"https:\/\/www.facebook.com\/Tissu-Market-152918058088366\/\" target=\"_blank\" rel=\"noopener noreferrer\">Tissu market<\/a> (Boutique physique) &#8211; en jersey velours de chez <a href=\"https:\/\/www.makerist.fr\/couture\/tissus\" target=\"_blank\" rel=\"noopener noreferrer\">Makerist<\/a>.<\/p>\n<p><strong>DIFFICULTE<\/strong> : Niveau interm\u00e9diaire \u00e0 exp\u00e9riment\u00e9.<\/p>\n<ul>\n<li>La principale difficult\u00e9 de la blouse Amy est la pose de la fermeture \u00e9clair au dos.<\/li>\n<li>Sans la fermeture, la r\u00e9alisation de la blouse Amy est accessible \u00e0 tous.<\/li>\n<li>Si le montage de la fermeture \u00e9clair est relativement ais\u00e9 en tissu chaine et trame et requiert un niveau de couture interm\u00e9diaire, il demande une certaine exp\u00e9rience pour la coudre sur de la maille.<\/li>\n<\/ul>\n","protected":false},"excerpt":{"rendered":"<p>Une blouse aux manches fronc\u00e9es pour de superbes volumes. <\/p>\n<div><a class=\"zoli-read-more-link\" href=\"https:\/\/dressyourbody.fr\/fr\/produit\/blouse-amy\/\">Read More<span class=\"lexus-icon-Icon_Next\"><\/span><\/a><\/div>\n","protected":false},"featured_media":24971,"comment_status":"open","ping_status":"closed","template":"","meta":{"_acf_changed":false},"product_brand":[1278],"product_cat":[1234],"product_tag":[1194,637,1196,639],"class_list":{"0":"post-22075","1":"product","2":"type-product","3":"status-publish","4":"has-post-thumbnail","6":"product_brand-dressyourbody","7":"product_cat-tops","8":"product_tag-couture-facile","9":"product_tag-patron","10":"product_tag-patron-de-robe","11":"product_tag-robe","12":"product_shipping_class-standard-shipping","13":"pa_difficulte-moyen","14":"pa_formatpatron-patron-pdf-format-a4-a0","15":"pa_formatpatron-patronpochette","17":"first","18":"instock","19":"shipping-taxable","20":"purchasable","21":"product-type-variable"},"acf":[],"yoast_head":"<!-- This site is optimized with the Yoast SEO plugin v27.3 - https:\/\/yoast.com\/product\/yoast-seo-wordpress\/ -->\n<title>Blouse Amy - DressYourBody - Patron de couture femme<\/title>\n<meta name=\"description\" content=\"La blouse Amy est caract\u00e9ris\u00e9e par ses jolies manches tout en volume fronc\u00e9es par un \u00e9lastique central, pour un style moderne et original.\" \/>\n<meta name=\"robots\" content=\"index, follow, max-snippet:-1, max-image-preview:large, max-video-preview:-1\" \/>\n<link rel=\"canonical\" href=\"https:\/\/dressyourbody.fr\/fr\/produit\/blouse-amy\" \/>\n<meta property=\"og:locale\" content=\"fr_FR\" \/>\n<meta property=\"og:type\" content=\"article\" \/>\n<meta property=\"og:title\" content=\"Blouse Amy - DressYourBody - Patron de couture femme\" \/>\n<meta property=\"og:description\" content=\"La blouse Amy est caract\u00e9ris\u00e9e par ses jolies manches tout en volume fronc\u00e9es par un \u00e9lastique central, pour un style moderne et original.\" \/>\n<meta property=\"og:url\" content=\"https:\/\/dressyourbody.fr\/fr\/produit\/blouse-amy\" \/>\n<meta property=\"og:site_name\" content=\"DressYourBody\" \/>\n<meta property=\"article:publisher\" content=\"https:\/\/www.facebook.com\/dressyourbody.couture\/\" \/>\n<meta property=\"article:modified_time\" content=\"2026-04-09T07:26:18+00:00\" \/>\n<meta property=\"og:image\" content=\"https:\/\/dressyourbody.fr\/wp-content\/uploads\/2020\/12\/Amy-maille-lurex-rouille-lite.jpg\" \/>\n\t<meta property=\"og:image:width\" content=\"1000\" \/>\n\t<meta property=\"og:image:height\" content=\"1250\" \/>\n\t<meta property=\"og:image:type\" content=\"image\/jpeg\" \/>\n<meta name=\"twitter:card\" content=\"summary_large_image\" \/>\n<meta name=\"twitter:label1\" content=\"Dur\u00e9e de lecture estim\u00e9e\" \/>\n\t<meta name=\"twitter:data1\" content=\"2 minutes\" \/>\n<script type=\"application\/ld+json\" class=\"yoast-schema-graph\">{\"@context\":\"https:\\\/\\\/schema.org\",\"@graph\":[{\"@type\":\"WebPage\",\"@id\":\"https:\\\/\\\/dressyourbody.fr\\\/fr\\\/produit\\\/blouse-amy\",\"url\":\"https:\\\/\\\/dressyourbody.fr\\\/fr\\\/produit\\\/blouse-amy\",\"name\":\"Blouse Amy - DressYourBody - Patron de couture femme\",\"isPartOf\":{\"@id\":\"https:\\\/\\\/dressyourbody.fr\\\/fr\\\/#website\"},\"primaryImageOfPage\":{\"@id\":\"https:\\\/\\\/dressyourbody.fr\\\/fr\\\/produit\\\/blouse-amy#primaryimage\"},\"image\":{\"@id\":\"https:\\\/\\\/dressyourbody.fr\\\/fr\\\/produit\\\/blouse-amy#primaryimage\"},\"thumbnailUrl\":\"https:\\\/\\\/dressyourbody.fr\\\/wp-content\\\/uploads\\\/2020\\\/12\\\/Amy-maille-lurex-rouille-lite.jpg\",\"datePublished\":\"2020-09-22T15:36:04+00:00\",\"dateModified\":\"2026-04-09T07:26:18+00:00\",\"description\":\"La blouse Amy est caract\u00e9ris\u00e9e par ses jolies manches tout en volume fronc\u00e9es par un \u00e9lastique central, pour un style moderne et original.\",\"breadcrumb\":{\"@id\":\"https:\\\/\\\/dressyourbody.fr\\\/fr\\\/produit\\\/blouse-amy#breadcrumb\"},\"inLanguage\":\"fr-FR\",\"potentialAction\":[{\"@type\":\"ReadAction\",\"target\":[\"https:\\\/\\\/dressyourbody.fr\\\/fr\\\/produit\\\/blouse-amy\"]}]},{\"@type\":\"ImageObject\",\"inLanguage\":\"fr-FR\",\"@id\":\"https:\\\/\\\/dressyourbody.fr\\\/fr\\\/produit\\\/blouse-amy#primaryimage\",\"url\":\"https:\\\/\\\/dressyourbody.fr\\\/wp-content\\\/uploads\\\/2020\\\/12\\\/Amy-maille-lurex-rouille-lite.jpg\",\"contentUrl\":\"https:\\\/\\\/dressyourbody.fr\\\/wp-content\\\/uploads\\\/2020\\\/12\\\/Amy-maille-lurex-rouille-lite.jpg\",\"width\":1000,\"height\":1250},{\"@type\":\"BreadcrumbList\",\"@id\":\"https:\\\/\\\/dressyourbody.fr\\\/fr\\\/produit\\\/blouse-amy#breadcrumb\",\"itemListElement\":[{\"@type\":\"ListItem\",\"position\":1,\"name\":\"Accueil\",\"item\":\"https:\\\/\\\/dressyourbody.fr\\\/fr\\\/\"},{\"@type\":\"ListItem\",\"position\":2,\"name\":\"LA BOUTIQUE\",\"item\":\"https:\\\/\\\/dressyourbody.fr\\\/fr\\\/?page_id=22934\"},{\"@type\":\"ListItem\",\"position\":3,\"name\":\"Blouse Amy\"}]},{\"@type\":\"WebSite\",\"@id\":\"https:\\\/\\\/dressyourbody.fr\\\/fr\\\/#website\",\"url\":\"https:\\\/\\\/dressyourbody.fr\\\/fr\\\/\",\"name\":\"DressYourBody\",\"description\":\"Une collection compl\u00e8te de patrons couture en ligne\",\"publisher\":{\"@id\":\"https:\\\/\\\/dressyourbody.fr\\\/fr\\\/#organization\"},\"potentialAction\":[{\"@type\":\"SearchAction\",\"target\":{\"@type\":\"EntryPoint\",\"urlTemplate\":\"https:\\\/\\\/dressyourbody.fr\\\/fr\\\/?s={search_term_string}\"},\"query-input\":{\"@type\":\"PropertyValueSpecification\",\"valueRequired\":true,\"valueName\":\"search_term_string\"}}],\"inLanguage\":\"fr-FR\"},{\"@type\":\"Organization\",\"@id\":\"https:\\\/\\\/dressyourbody.fr\\\/fr\\\/#organization\",\"name\":\"DressYourBody.fr\",\"url\":\"https:\\\/\\\/dressyourbody.fr\\\/fr\\\/\",\"logo\":{\"@type\":\"ImageObject\",\"inLanguage\":\"fr-FR\",\"@id\":\"https:\\\/\\\/dressyourbody.fr\\\/fr\\\/#\\\/schema\\\/logo\\\/image\\\/\",\"url\":\"https:\\\/\\\/dressyourbody.fr\\\/wp-content\\\/uploads\\\/2018\\\/07\\\/Logo-rond.png\",\"contentUrl\":\"https:\\\/\\\/dressyourbody.fr\\\/wp-content\\\/uploads\\\/2018\\\/07\\\/Logo-rond.png\",\"width\":451,\"height\":449,\"caption\":\"DressYourBody.fr\"},\"image\":{\"@id\":\"https:\\\/\\\/dressyourbody.fr\\\/fr\\\/#\\\/schema\\\/logo\\\/image\\\/\"},\"sameAs\":[\"https:\\\/\\\/www.facebook.com\\\/dressyourbody.couture\\\/\",\"https:\\\/\\\/www.instagram.com\\\/dressyourbody.couture\\\/\",\"https:\\\/\\\/www.linkedin.com\\\/company\\\/11295981\\\/\",\"https:\\\/\\\/www.pinterest.fr\\\/dressyourbody\\\/\",\"https:\\\/\\\/www.youtube.com\\\/channel\\\/UCD9FR054rT1zUXmwxImG5vA?view_as=subscriber\"]}]}<\/script>\n<!-- \/ Yoast SEO plugin. -->","yoast_head_json":{"title":"Blouse Amy - DressYourBody - Patron de couture femme","description":"La blouse Amy est caract\u00e9ris\u00e9e par ses jolies manches tout en volume fronc\u00e9es par un \u00e9lastique central, pour un style moderne et original.","robots":{"index":"index","follow":"follow","max-snippet":"max-snippet:-1","max-image-preview":"max-image-preview:large","max-video-preview":"max-video-preview:-1"},"canonical":"https:\/\/dressyourbody.fr\/fr\/produit\/blouse-amy","og_locale":"fr_FR","og_type":"article","og_title":"Blouse Amy - DressYourBody - Patron de couture femme","og_description":"La blouse Amy est caract\u00e9ris\u00e9e par ses jolies manches tout en volume fronc\u00e9es par un \u00e9lastique central, pour un style moderne et original.","og_url":"https:\/\/dressyourbody.fr\/fr\/produit\/blouse-amy","og_site_name":"DressYourBody","article_publisher":"https:\/\/www.facebook.com\/dressyourbody.couture\/","article_modified_time":"2026-04-09T07:26:18+00:00","og_image":[{"width":1000,"height":1250,"url":"https:\/\/dressyourbody.fr\/wp-content\/uploads\/2020\/12\/Amy-maille-lurex-rouille-lite.jpg","type":"image\/jpeg"}],"twitter_card":"summary_large_image","twitter_misc":{"Dur\u00e9e de lecture estim\u00e9e":"2 minutes"},"schema":{"@context":"https:\/\/schema.org","@graph":[{"@type":"WebPage","@id":"https:\/\/dressyourbody.fr\/fr\/produit\/blouse-amy","url":"https:\/\/dressyourbody.fr\/fr\/produit\/blouse-amy","name":"Blouse Amy - DressYourBody - Patron de couture femme","isPartOf":{"@id":"https:\/\/dressyourbody.fr\/fr\/#website"},"primaryImageOfPage":{"@id":"https:\/\/dressyourbody.fr\/fr\/produit\/blouse-amy#primaryimage"},"image":{"@id":"https:\/\/dressyourbody.fr\/fr\/produit\/blouse-amy#primaryimage"},"thumbnailUrl":"https:\/\/dressyourbody.fr\/wp-content\/uploads\/2020\/12\/Amy-maille-lurex-rouille-lite.jpg","datePublished":"2020-09-22T15:36:04+00:00","dateModified":"2026-04-09T07:26:18+00:00","description":"La blouse Amy est caract\u00e9ris\u00e9e par ses jolies manches tout en volume fronc\u00e9es par un \u00e9lastique central, pour un style moderne et original.","breadcrumb":{"@id":"https:\/\/dressyourbody.fr\/fr\/produit\/blouse-amy#breadcrumb"},"inLanguage":"fr-FR","potentialAction":[{"@type":"ReadAction","target":["https:\/\/dressyourbody.fr\/fr\/produit\/blouse-amy"]}]},{"@type":"ImageObject","inLanguage":"fr-FR","@id":"https:\/\/dressyourbody.fr\/fr\/produit\/blouse-amy#primaryimage","url":"https:\/\/dressyourbody.fr\/wp-content\/uploads\/2020\/12\/Amy-maille-lurex-rouille-lite.jpg","contentUrl":"https:\/\/dressyourbody.fr\/wp-content\/uploads\/2020\/12\/Amy-maille-lurex-rouille-lite.jpg","width":1000,"height":1250},{"@type":"BreadcrumbList","@id":"https:\/\/dressyourbody.fr\/fr\/produit\/blouse-amy#breadcrumb","itemListElement":[{"@type":"ListItem","position":1,"name":"Accueil","item":"https:\/\/dressyourbody.fr\/fr\/"},{"@type":"ListItem","position":2,"name":"LA BOUTIQUE","item":"https:\/\/dressyourbody.fr\/fr\/?page_id=22934"},{"@type":"ListItem","position":3,"name":"Blouse Amy"}]},{"@type":"WebSite","@id":"https:\/\/dressyourbody.fr\/fr\/#website","url":"https:\/\/dressyourbody.fr\/fr\/","name":"DressYourBody","description":"Une collection compl\u00e8te de patrons couture en ligne","publisher":{"@id":"https:\/\/dressyourbody.fr\/fr\/#organization"},"potentialAction":[{"@type":"SearchAction","target":{"@type":"EntryPoint","urlTemplate":"https:\/\/dressyourbody.fr\/fr\/?s={search_term_string}"},"query-input":{"@type":"PropertyValueSpecification","valueRequired":true,"valueName":"search_term_string"}}],"inLanguage":"fr-FR"},{"@type":"Organization","@id":"https:\/\/dressyourbody.fr\/fr\/#organization","name":"DressYourBody.fr","url":"https:\/\/dressyourbody.fr\/fr\/","logo":{"@type":"ImageObject","inLanguage":"fr-FR","@id":"https:\/\/dressyourbody.fr\/fr\/#\/schema\/logo\/image\/","url":"https:\/\/dressyourbody.fr\/wp-content\/uploads\/2018\/07\/Logo-rond.png","contentUrl":"https:\/\/dressyourbody.fr\/wp-content\/uploads\/2018\/07\/Logo-rond.png","width":451,"height":449,"caption":"DressYourBody.fr"},"image":{"@id":"https:\/\/dressyourbody.fr\/fr\/#\/schema\/logo\/image\/"},"sameAs":["https:\/\/www.facebook.com\/dressyourbody.couture\/","https:\/\/www.instagram.com\/dressyourbody.couture\/","https:\/\/www.linkedin.com\/company\/11295981\/","https:\/\/www.pinterest.fr\/dressyourbody\/","https:\/\/www.youtube.com\/channel\/UCD9FR054rT1zUXmwxImG5vA?view_as=subscriber"]}]}},"_links":{"self":[{"href":"https:\/\/dressyourbody.fr\/fr\/wp-json\/wp\/v2\/product\/22075","targetHints":{"allow":["GET"]}}],"collection":[{"href":"https:\/\/dressyourbody.fr\/fr\/wp-json\/wp\/v2\/product"}],"about":[{"href":"https:\/\/dressyourbody.fr\/fr\/wp-json\/wp\/v2\/types\/product"}],"replies":[{"embeddable":true,"href":"https:\/\/dressyourbody.fr\/fr\/wp-json\/wp\/v2\/comments?post=22075"}],"wp:featuredmedia":[{"embeddable":true,"href":"https:\/\/dressyourbody.fr\/fr\/wp-json\/wp\/v2\/media\/24971"}],"wp:attachment":[{"href":"https:\/\/dressyourbody.fr\/fr\/wp-json\/wp\/v2\/media?parent=22075"}],"wp:term":[{"taxonomy":"product_brand","embeddable":true,"href":"https:\/\/dressyourbody.fr\/fr\/wp-json\/wp\/v2\/product_brand?post=22075"},{"taxonomy":"product_cat","embeddable":true,"href":"https:\/\/dressyourbody.fr\/fr\/wp-json\/wp\/v2\/product_cat?post=22075"},{"taxonomy":"product_tag","embeddable":true,"href":"https:\/\/dressyourbody.fr\/fr\/wp-json\/wp\/v2\/product_tag?post=22075"}],"curies":[{"name":"wp","href":"https:\/\/api.w.org\/{rel}","templated":true}]}}