{"id":21001,"date":"2020-04-26T16:21:10","date_gmt":"2020-04-26T14:21:10","guid":{"rendered":"https:\/\/dressyourbody.fr\/?post_type=product&#038;p=21001"},"modified":"2023-04-23T21:37:23","modified_gmt":"2023-04-23T19:37:23","slug":"la-manche-divine-courte","status":"publish","type":"product","link":"https:\/\/dressyourbody.fr\/fr\/produit\/la-manche-divine-courte\/","title":{"rendered":"La manche Divine courte"},"content":{"rendered":"<p>[vc_row][vc_column][vc_column_text]<span style=\"color: #993366;\"><strong>LA MANCHE DIVINE COURTE<\/strong><\/span><\/p>\n<p>&nbsp;<\/p>\n<ul>\n<li>&#8211;\u00a0 Manche courte<\/li>\n<li>&#8211;\u00a0 Fronces r\u00e9alis\u00e9es avec un \u00e9lastique ins\u00e9r\u00e9 dans la coulisse<\/li>\n<\/ul>\n<p>&nbsp;<\/p>\n<p>Pour r\u00e9aliser la manche Divine courte, il vous faut 2 bandes d\u2019\u00e9lastique de <b>largeur 5 mm<\/b>.<br \/>\nPour la longueur de l&rsquo;\u00e9lastique, le plus simple est de la calculer de la fa\u00e7on suivante:<br \/>\nTour de bras + 5 cm<\/p>\n<p>En plus de la manche Divine, pour varier les plaisirs, vous pouvez \u00e9galement t\u00e9l\u00e9charger <a href=\"https:\/\/dressyourbody.fr\/produit\/la-manche-chemisier\" target=\"_blank\" rel=\"noopener noreferrer\">la manche chemisier,<\/a> <a href=\"https:\/\/dressyourbody.fr\/produit\/la-manche-a-smocks\" target=\"_blank\" rel=\"noopener noreferrer\">la manche \u00e0 smocks<\/a> et <a href=\"https:\/\/dressyourbody.fr\/produit\/la-manche-3-4-a-fronces\" target=\"_blank\" rel=\"noopener noreferrer\">la manche 3\/4 \u00e0 fronces<\/a>!<\/p>\n<p>&nbsp;<\/p>\n<p>La manche \u00e0 smocks s&rsquo;adapte aux mod\u00e8les ci-dessous:<\/p>\n<ul>\n<li><a href=\"https:\/\/dressyourbody.fr\/produit\/blouse-pretty-baby\" target=\"_blank\" rel=\"noopener noreferrer\">La blouse \u00ab\u00a0Pretty Baby\u00a0\u00bb<\/a><\/li>\n<li><a href=\"https:\/\/dressyourbody.fr\/produit\/blouse-walk-like-me\" target=\"_blank\" rel=\"noopener noreferrer\">La blouse \u00ab\u00a0Walk like me\u00a0\u00bb<\/a><\/li>\n<li><a href=\"https:\/\/dressyourbody.fr\/produit\/top-follow-me\" target=\"_blank\" rel=\"noopener noreferrer\">La blouse \u00ab\u00a0Follow-me\u00a0\u00bb<\/a><\/li>\n<li><a href=\"https:\/\/dressyourbody.fr\/produit\/top-love-level\" target=\"_blank\" rel=\"noopener noreferrer\">La chemise \u00ab\u00a0Love level\u00a0\u00bb<\/a><\/li>\n<li><a href=\"https:\/\/dressyourbody.fr\/produit\/robe-in-the-sun\" target=\"_blank\" rel=\"noopener noreferrer\">La robe \u00ab\u00a0In the sun\u00a0\u00bb<\/a><\/li>\n<li><a href=\"https:\/\/dressyourbody.fr\/produit\/chemise-my-monster\" target=\"_blank\" rel=\"noopener noreferrer\">La chemise \u00ab\u00a0My Monster\u00a0\u00bb<\/a><\/li>\n<li><a href=\"https:\/\/dressyourbody.fr\/produit\/blouse-too-much\" target=\"_blank\" rel=\"noopener noreferrer\">La blouse \u00ab\u00a0Too much\u00a0\u00bb<\/a><\/li>\n<li><a href=\"https:\/\/dressyourbody.fr\/produit\/robe-divine\" target=\"_blank\" rel=\"noopener noreferrer\">La robe \u00ab\u00a0Divine\u00a0\u00bb<\/a><\/li>\n<\/ul>\n<p>[\/vc_column_text][\/vc_column][\/vc_row]<\/p>\n","protected":false},"excerpt":{"rendered":"<p>[vc_row][vc_column][vc_column_text]LA MANCHE DIVINE COURTE &nbsp; &#8211;\u00a0 Manche courte &#8211;\u00a0 Fronces r\u00e9alis\u00e9es avec un \u00e9lastique ins\u00e9r\u00e9 dans la coulisse &nbsp; Pour r\u00e9aliser la manche Divine courte, il vous faut 2 bandes d\u2019\u00e9lastique de largeur 5 mm. Pour la longueur de l&rsquo;\u00e9lastique, le plus simple est de la calculer de la fa\u00e7on suivante: Tour de bras + <\/p>\n<div><a class=\"zoli-read-more-link\" href=\"https:\/\/dressyourbody.fr\/fr\/produit\/la-manche-divine-courte\/\">Read More<span class=\"lexus-icon-Icon_Next\"><\/span><\/a><\/div>\n","protected":false},"featured_media":21005,"comment_status":"open","ping_status":"closed","template":"","meta":{"_acf_changed":false},"product_brand":[1278],"product_cat":[1237],"product_tag":[],"class_list":{"0":"post-21001","1":"product","2":"type-product","3":"status-publish","4":"has-post-thumbnail","6":"product_brand-dressyourbody","7":"product_cat-manches","9":"first","10":"instock","11":"downloadable","12":"virtual","13":"purchasable","14":"product-type-simple"},"acf":[],"yoast_head":"<!-- This site is optimized with the Yoast SEO plugin v27.3 - https:\/\/yoast.com\/product\/yoast-seo-wordpress\/ -->\n<title>La manche Divine courte: t\u00e9l\u00e9chargez gratuitement le patron pdf<\/title>\n<meta name=\"description\" content=\"La manche Divine courte est une d\u00e9clinaison de la manche Divine en version \u00e9t\u00e9! Parfaite pour r\u00e9aliser votre robe Divine pour les beaux jours.\" \/>\n<meta name=\"robots\" content=\"index, follow, max-snippet:-1, max-image-preview:large, max-video-preview:-1\" \/>\n<link rel=\"canonical\" href=\"https:\/\/dressyourbody.fr\/fr\/produit\/la-manche-divine-courte\" \/>\n<meta property=\"og:locale\" content=\"fr_FR\" \/>\n<meta property=\"og:type\" content=\"article\" \/>\n<meta property=\"og:title\" content=\"La manche Divine courte: t\u00e9l\u00e9chargez gratuitement le patron pdf\" \/>\n<meta property=\"og:description\" content=\"La manche Divine courte est une d\u00e9clinaison de la manche Divine en version \u00e9t\u00e9! Parfaite pour r\u00e9aliser votre robe Divine pour les beaux jours.\" \/>\n<meta property=\"og:url\" content=\"https:\/\/dressyourbody.fr\/fr\/produit\/la-manche-divine-courte\" \/>\n<meta property=\"og:site_name\" content=\"DressYourBody\" \/>\n<meta property=\"article:publisher\" content=\"https:\/\/www.facebook.com\/dressyourbody.couture\/\" \/>\n<meta property=\"article:modified_time\" content=\"2023-04-23T19:37:23+00:00\" \/>\n<meta property=\"og:image\" content=\"https:\/\/dressyourbody.fr\/wp-content\/uploads\/2020\/04\/Sketch-rectangle-e1587912129254.png\" \/>\n\t<meta property=\"og:image:width\" content=\"1344\" \/>\n\t<meta property=\"og:image:height\" content=\"2208\" \/>\n\t<meta property=\"og:image:type\" content=\"image\/png\" \/>\n<meta name=\"twitter:card\" content=\"summary_large_image\" \/>\n<meta name=\"twitter:label1\" content=\"Dur\u00e9e de lecture estim\u00e9e\" \/>\n\t<meta name=\"twitter:data1\" content=\"1 minute\" \/>\n<script type=\"application\/ld+json\" class=\"yoast-schema-graph\">{\"@context\":\"https:\\\/\\\/schema.org\",\"@graph\":[{\"@type\":\"WebPage\",\"@id\":\"https:\\\/\\\/dressyourbody.fr\\\/fr\\\/produit\\\/la-manche-divine-courte\",\"url\":\"https:\\\/\\\/dressyourbody.fr\\\/fr\\\/produit\\\/la-manche-divine-courte\",\"name\":\"La manche Divine courte: t\u00e9l\u00e9chargez gratuitement le patron pdf\",\"isPartOf\":{\"@id\":\"https:\\\/\\\/dressyourbody.fr\\\/fr\\\/#website\"},\"primaryImageOfPage\":{\"@id\":\"https:\\\/\\\/dressyourbody.fr\\\/fr\\\/produit\\\/la-manche-divine-courte#primaryimage\"},\"image\":{\"@id\":\"https:\\\/\\\/dressyourbody.fr\\\/fr\\\/produit\\\/la-manche-divine-courte#primaryimage\"},\"thumbnailUrl\":\"https:\\\/\\\/dressyourbody.fr\\\/wp-content\\\/uploads\\\/2020\\\/04\\\/Sketch-rectangle-e1587912129254.png\",\"datePublished\":\"2020-04-26T14:21:10+00:00\",\"dateModified\":\"2023-04-23T19:37:23+00:00\",\"description\":\"La manche Divine courte est une d\u00e9clinaison de la manche Divine en version \u00e9t\u00e9! Parfaite pour r\u00e9aliser votre robe Divine pour les beaux jours.\",\"breadcrumb\":{\"@id\":\"https:\\\/\\\/dressyourbody.fr\\\/fr\\\/produit\\\/la-manche-divine-courte#breadcrumb\"},\"inLanguage\":\"fr-FR\",\"potentialAction\":[{\"@type\":\"ReadAction\",\"target\":[\"https:\\\/\\\/dressyourbody.fr\\\/fr\\\/produit\\\/la-manche-divine-courte\"]}]},{\"@type\":\"ImageObject\",\"inLanguage\":\"fr-FR\",\"@id\":\"https:\\\/\\\/dressyourbody.fr\\\/fr\\\/produit\\\/la-manche-divine-courte#primaryimage\",\"url\":\"https:\\\/\\\/dressyourbody.fr\\\/wp-content\\\/uploads\\\/2020\\\/04\\\/Sketch-rectangle-e1587912129254.png\",\"contentUrl\":\"https:\\\/\\\/dressyourbody.fr\\\/wp-content\\\/uploads\\\/2020\\\/04\\\/Sketch-rectangle-e1587912129254.png\",\"width\":1344,\"height\":2208,\"caption\":\"La manche Divine courte\"},{\"@type\":\"BreadcrumbList\",\"@id\":\"https:\\\/\\\/dressyourbody.fr\\\/fr\\\/produit\\\/la-manche-divine-courte#breadcrumb\",\"itemListElement\":[{\"@type\":\"ListItem\",\"position\":1,\"name\":\"Accueil\",\"item\":\"https:\\\/\\\/dressyourbody.fr\\\/fr\\\/\"},{\"@type\":\"ListItem\",\"position\":2,\"name\":\"LA BOUTIQUE\",\"item\":\"https:\\\/\\\/dressyourbody.fr\\\/fr\\\/?page_id=22934\"},{\"@type\":\"ListItem\",\"position\":3,\"name\":\"La manche Divine courte\"}]},{\"@type\":\"WebSite\",\"@id\":\"https:\\\/\\\/dressyourbody.fr\\\/fr\\\/#website\",\"url\":\"https:\\\/\\\/dressyourbody.fr\\\/fr\\\/\",\"name\":\"DressYourBody\",\"description\":\"Une collection compl\u00e8te de patrons couture en ligne\",\"publisher\":{\"@id\":\"https:\\\/\\\/dressyourbody.fr\\\/fr\\\/#organization\"},\"potentialAction\":[{\"@type\":\"SearchAction\",\"target\":{\"@type\":\"EntryPoint\",\"urlTemplate\":\"https:\\\/\\\/dressyourbody.fr\\\/fr\\\/?s={search_term_string}\"},\"query-input\":{\"@type\":\"PropertyValueSpecification\",\"valueRequired\":true,\"valueName\":\"search_term_string\"}}],\"inLanguage\":\"fr-FR\"},{\"@type\":\"Organization\",\"@id\":\"https:\\\/\\\/dressyourbody.fr\\\/fr\\\/#organization\",\"name\":\"DressYourBody.fr\",\"url\":\"https:\\\/\\\/dressyourbody.fr\\\/fr\\\/\",\"logo\":{\"@type\":\"ImageObject\",\"inLanguage\":\"fr-FR\",\"@id\":\"https:\\\/\\\/dressyourbody.fr\\\/fr\\\/#\\\/schema\\\/logo\\\/image\\\/\",\"url\":\"https:\\\/\\\/dressyourbody.fr\\\/wp-content\\\/uploads\\\/2018\\\/07\\\/Logo-rond.png\",\"contentUrl\":\"https:\\\/\\\/dressyourbody.fr\\\/wp-content\\\/uploads\\\/2018\\\/07\\\/Logo-rond.png\",\"width\":451,\"height\":449,\"caption\":\"DressYourBody.fr\"},\"image\":{\"@id\":\"https:\\\/\\\/dressyourbody.fr\\\/fr\\\/#\\\/schema\\\/logo\\\/image\\\/\"},\"sameAs\":[\"https:\\\/\\\/www.facebook.com\\\/dressyourbody.couture\\\/\",\"https:\\\/\\\/www.instagram.com\\\/dressyourbody.couture\\\/\",\"https:\\\/\\\/www.linkedin.com\\\/company\\\/11295981\\\/\",\"https:\\\/\\\/www.pinterest.fr\\\/dressyourbody\\\/\",\"https:\\\/\\\/www.youtube.com\\\/channel\\\/UCD9FR054rT1zUXmwxImG5vA?view_as=subscriber\"]}]}<\/script>\n<!-- \/ Yoast SEO plugin. -->","yoast_head_json":{"title":"La manche Divine courte: t\u00e9l\u00e9chargez gratuitement le patron pdf","description":"La manche Divine courte est une d\u00e9clinaison de la manche Divine en version \u00e9t\u00e9! Parfaite pour r\u00e9aliser votre robe Divine pour les beaux jours.","robots":{"index":"index","follow":"follow","max-snippet":"max-snippet:-1","max-image-preview":"max-image-preview:large","max-video-preview":"max-video-preview:-1"},"canonical":"https:\/\/dressyourbody.fr\/fr\/produit\/la-manche-divine-courte","og_locale":"fr_FR","og_type":"article","og_title":"La manche Divine courte: t\u00e9l\u00e9chargez gratuitement le patron pdf","og_description":"La manche Divine courte est une d\u00e9clinaison de la manche Divine en version \u00e9t\u00e9! Parfaite pour r\u00e9aliser votre robe Divine pour les beaux jours.","og_url":"https:\/\/dressyourbody.fr\/fr\/produit\/la-manche-divine-courte","og_site_name":"DressYourBody","article_publisher":"https:\/\/www.facebook.com\/dressyourbody.couture\/","article_modified_time":"2023-04-23T19:37:23+00:00","og_image":[{"width":1344,"height":2208,"url":"https:\/\/dressyourbody.fr\/wp-content\/uploads\/2020\/04\/Sketch-rectangle-e1587912129254.png","type":"image\/png"}],"twitter_card":"summary_large_image","twitter_misc":{"Dur\u00e9e de lecture estim\u00e9e":"1 minute"},"schema":{"@context":"https:\/\/schema.org","@graph":[{"@type":"WebPage","@id":"https:\/\/dressyourbody.fr\/fr\/produit\/la-manche-divine-courte","url":"https:\/\/dressyourbody.fr\/fr\/produit\/la-manche-divine-courte","name":"La manche Divine courte: t\u00e9l\u00e9chargez gratuitement le patron pdf","isPartOf":{"@id":"https:\/\/dressyourbody.fr\/fr\/#website"},"primaryImageOfPage":{"@id":"https:\/\/dressyourbody.fr\/fr\/produit\/la-manche-divine-courte#primaryimage"},"image":{"@id":"https:\/\/dressyourbody.fr\/fr\/produit\/la-manche-divine-courte#primaryimage"},"thumbnailUrl":"https:\/\/dressyourbody.fr\/wp-content\/uploads\/2020\/04\/Sketch-rectangle-e1587912129254.png","datePublished":"2020-04-26T14:21:10+00:00","dateModified":"2023-04-23T19:37:23+00:00","description":"La manche Divine courte est une d\u00e9clinaison de la manche Divine en version \u00e9t\u00e9! Parfaite pour r\u00e9aliser votre robe Divine pour les beaux jours.","breadcrumb":{"@id":"https:\/\/dressyourbody.fr\/fr\/produit\/la-manche-divine-courte#breadcrumb"},"inLanguage":"fr-FR","potentialAction":[{"@type":"ReadAction","target":["https:\/\/dressyourbody.fr\/fr\/produit\/la-manche-divine-courte"]}]},{"@type":"ImageObject","inLanguage":"fr-FR","@id":"https:\/\/dressyourbody.fr\/fr\/produit\/la-manche-divine-courte#primaryimage","url":"https:\/\/dressyourbody.fr\/wp-content\/uploads\/2020\/04\/Sketch-rectangle-e1587912129254.png","contentUrl":"https:\/\/dressyourbody.fr\/wp-content\/uploads\/2020\/04\/Sketch-rectangle-e1587912129254.png","width":1344,"height":2208,"caption":"La manche Divine courte"},{"@type":"BreadcrumbList","@id":"https:\/\/dressyourbody.fr\/fr\/produit\/la-manche-divine-courte#breadcrumb","itemListElement":[{"@type":"ListItem","position":1,"name":"Accueil","item":"https:\/\/dressyourbody.fr\/fr\/"},{"@type":"ListItem","position":2,"name":"LA BOUTIQUE","item":"https:\/\/dressyourbody.fr\/fr\/?page_id=22934"},{"@type":"ListItem","position":3,"name":"La manche Divine courte"}]},{"@type":"WebSite","@id":"https:\/\/dressyourbody.fr\/fr\/#website","url":"https:\/\/dressyourbody.fr\/fr\/","name":"DressYourBody","description":"Une collection compl\u00e8te de patrons couture en ligne","publisher":{"@id":"https:\/\/dressyourbody.fr\/fr\/#organization"},"potentialAction":[{"@type":"SearchAction","target":{"@type":"EntryPoint","urlTemplate":"https:\/\/dressyourbody.fr\/fr\/?s={search_term_string}"},"query-input":{"@type":"PropertyValueSpecification","valueRequired":true,"valueName":"search_term_string"}}],"inLanguage":"fr-FR"},{"@type":"Organization","@id":"https:\/\/dressyourbody.fr\/fr\/#organization","name":"DressYourBody.fr","url":"https:\/\/dressyourbody.fr\/fr\/","logo":{"@type":"ImageObject","inLanguage":"fr-FR","@id":"https:\/\/dressyourbody.fr\/fr\/#\/schema\/logo\/image\/","url":"https:\/\/dressyourbody.fr\/wp-content\/uploads\/2018\/07\/Logo-rond.png","contentUrl":"https:\/\/dressyourbody.fr\/wp-content\/uploads\/2018\/07\/Logo-rond.png","width":451,"height":449,"caption":"DressYourBody.fr"},"image":{"@id":"https:\/\/dressyourbody.fr\/fr\/#\/schema\/logo\/image\/"},"sameAs":["https:\/\/www.facebook.com\/dressyourbody.couture\/","https:\/\/www.instagram.com\/dressyourbody.couture\/","https:\/\/www.linkedin.com\/company\/11295981\/","https:\/\/www.pinterest.fr\/dressyourbody\/","https:\/\/www.youtube.com\/channel\/UCD9FR054rT1zUXmwxImG5vA?view_as=subscriber"]}]}},"_links":{"self":[{"href":"https:\/\/dressyourbody.fr\/fr\/wp-json\/wp\/v2\/product\/21001","targetHints":{"allow":["GET"]}}],"collection":[{"href":"https:\/\/dressyourbody.fr\/fr\/wp-json\/wp\/v2\/product"}],"about":[{"href":"https:\/\/dressyourbody.fr\/fr\/wp-json\/wp\/v2\/types\/product"}],"replies":[{"embeddable":true,"href":"https:\/\/dressyourbody.fr\/fr\/wp-json\/wp\/v2\/comments?post=21001"}],"wp:featuredmedia":[{"embeddable":true,"href":"https:\/\/dressyourbody.fr\/fr\/wp-json\/wp\/v2\/media\/21005"}],"wp:attachment":[{"href":"https:\/\/dressyourbody.fr\/fr\/wp-json\/wp\/v2\/media?parent=21001"}],"wp:term":[{"taxonomy":"product_brand","embeddable":true,"href":"https:\/\/dressyourbody.fr\/fr\/wp-json\/wp\/v2\/product_brand?post=21001"},{"taxonomy":"product_cat","embeddable":true,"href":"https:\/\/dressyourbody.fr\/fr\/wp-json\/wp\/v2\/product_cat?post=21001"},{"taxonomy":"product_tag","embeddable":true,"href":"https:\/\/dressyourbody.fr\/fr\/wp-json\/wp\/v2\/product_tag?post=21001"}],"curies":[{"name":"wp","href":"https:\/\/api.w.org\/{rel}","templated":true}]}}