{"id":18719,"date":"2019-05-29T00:14:49","date_gmt":"2019-05-28T22:14:49","guid":{"rendered":"https:\/\/dressyourbody.fr\/?post_type=product&#038;p=18719"},"modified":"2026-04-06T13:42:10","modified_gmt":"2026-04-06T11:42:10","slug":"jupe-jump","status":"publish","type":"product","link":"https:\/\/dressyourbody.fr\/fr\/produit\/jupe-jump","title":{"rendered":"JUPE JUMP"},"content":{"rendered":"<p>La jupe Jump est une petite jupe \u00e0 pont, courte, d&rsquo;inspiration marin avec ses 2 colonnes de boutons de chaque c\u00f4t\u00e9. Pas de zip, pas de ceinture, elle est tr\u00e8s facile \u00e0 r\u00e9aliser.<\/p>\n<p>Vous pouvez la r\u00e9aliser en jeans, en toile de coton ou en velours par exemple. C&rsquo;est une pi\u00e8ce pratique et facile \u00e0 porter !<\/p>\n<p><strong>TAILLES :<\/strong> Planche de patrons allant de la taille 34 \u00e0 46. Vous pouvez vous r\u00e9f\u00e9rer \u00e0 la <a href=\"#popmake-23087\">grille des tailles<\/a>.<\/p>\n<p><strong>TISSU :\u00a0<\/strong>La jupe Jump est tout-\u00e0-fait adapt\u00e9e \u00e0 l\u2019utilisation de tissus un peu raides tels que le jeans ou la toile de coton. Elle peut n\u00e9anmoins \u00eatre \u00e9galement r\u00e9alis\u00e9e dans d\u2019autres mati\u00e8res un peu plus l\u00e9g\u00e8res tels que du lin par exemple.<\/p>\n<p><strong>DIFFICULT\u00c9 :<\/strong> Tous niveaux de couture<\/p>\n","protected":false},"excerpt":{"rendered":"<p>La jupe Jump est une petite jupe \u00e0 pont, courte, d&rsquo;inspiration marin avec ses 2 colonnes de boutons de chaque c\u00f4t\u00e9. Pas de zip, pas de ceinture, elle est tr\u00e8s facile \u00e0 r\u00e9aliser. Vous pouvez la r\u00e9aliser en jeans, en toile de coton ou en velours par exemple. C&rsquo;est une pi\u00e8ce pratique et facile \u00e0 <\/p>\n<div><a class=\"zoli-read-more-link\" href=\"https:\/\/dressyourbody.fr\/fr\/produit\/jupe-jump\">Read More<span class=\"lexus-icon-Icon_Next\"><\/span><\/a><\/div>\n","protected":false},"featured_media":18726,"comment_status":"open","ping_status":"closed","template":"","meta":{"cybocfi_hide_featured_image":""},"product_cat":[1235],"product_tag":[],"class_list":{"0":"post-18719","1":"product","2":"type-product","3":"status-publish","4":"has-post-thumbnail","6":"product_brand-dressyourbody","7":"product_cat-jupes","8":"product_shipping_class-standard-shipping","9":"pa_difficulte-debutant","10":"pa_formatpatron-patron-pdf-format-a4-a0","11":"pa_formatpatron-patronpochette","13":"first","14":"instock","15":"shipping-taxable","16":"purchasable","17":"product-type-variable"},"yoast_head":"<!-- This site is optimized with the Yoast SEO plugin v19.13 - https:\/\/yoast.com\/wordpress\/plugins\/seo\/ -->\n<title>Jupe JUMP - DressYourBody - Patron de couture femme<\/title>\n<meta name=\"description\" content=\"La jupe Jump est une jupe \u00e0 pont. Elle se ferme par 3 boutons situ\u00e9s de chaque c\u00f4t\u00e9. Une couture facile et rapide!\" \/>\n<meta name=\"robots\" content=\"index, follow, max-snippet:-1, max-image-preview:large, max-video-preview:-1\" \/>\n<link rel=\"canonical\" href=\"https:\/\/dressyourbody.fr\/fr\/produit\/jupe-jump\" \/>\n<meta property=\"og:locale\" content=\"fr_FR\" \/>\n<meta property=\"og:type\" content=\"article\" \/>\n<meta property=\"og:title\" content=\"Jupe JUMP - DressYourBody - Patron de couture femme\" \/>\n<meta property=\"og:description\" content=\"La jupe Jump est une jupe \u00e0 pont. Elle se ferme par 3 boutons situ\u00e9s de chaque c\u00f4t\u00e9. Une couture facile et rapide!\" \/>\n<meta property=\"og:url\" content=\"https:\/\/dressyourbody.fr\/fr\/produit\/jupe-jump\" \/>\n<meta property=\"og:site_name\" content=\"DressYourBody\" \/>\n<meta property=\"article:publisher\" content=\"https:\/\/www.facebook.com\/dressyourbody.couture\/\" \/>\n<meta property=\"article:modified_time\" content=\"2026-04-06T11:42:10+00:00\" \/>\n<meta property=\"og:image\" content=\"https:\/\/dressyourbody.fr\/wp-content\/uploads\/2019\/05\/Jupe-Jump-2.jpg\" \/>\n\t<meta property=\"og:image:width\" content=\"2389\" \/>\n\t<meta property=\"og:image:height\" content=\"2390\" \/>\n\t<meta property=\"og:image:type\" content=\"image\/jpeg\" \/>\n<meta name=\"twitter:card\" content=\"summary_large_image\" \/>\n<meta name=\"twitter:label1\" content=\"Availability\" \/>\n\t<meta name=\"twitter:data1\" content=\"In stock\" \/>\n<script type=\"application\/ld+json\" class=\"yoast-schema-graph\">{\"@context\":\"https:\/\/schema.org\",\"@graph\":[{\"@type\":\"WebPage\",\"@id\":\"https:\/\/dressyourbody.fr\/fr\/produit\/jupe-jump\",\"url\":\"https:\/\/dressyourbody.fr\/fr\/produit\/jupe-jump\",\"name\":\"Jupe JUMP - DressYourBody - Patron de couture femme\",\"isPartOf\":{\"@id\":\"https:\/\/dressyourbody.fr\/fr\/#website\"},\"datePublished\":\"2019-05-28T22:14:49+00:00\",\"dateModified\":\"2026-04-06T11:42:10+00:00\",\"description\":\"La jupe Jump est une jupe \u00e0 pont. Elle se ferme par 3 boutons situ\u00e9s de chaque c\u00f4t\u00e9. Une couture facile et rapide!\",\"breadcrumb\":{\"@id\":\"https:\/\/dressyourbody.fr\/fr\/produit\/jupe-jump#breadcrumb\"},\"inLanguage\":\"fr-FR\",\"potentialAction\":[{\"@type\":\"ReadAction\",\"target\":[\"https:\/\/dressyourbody.fr\/fr\/produit\/jupe-jump\"]}]},{\"@type\":\"BreadcrumbList\",\"@id\":\"https:\/\/dressyourbody.fr\/fr\/produit\/jupe-jump#breadcrumb\",\"itemListElement\":[{\"@type\":\"ListItem\",\"position\":1,\"name\":\"Accueil\",\"item\":\"https:\/\/dressyourbody.fr\/fr\/\"},{\"@type\":\"ListItem\",\"position\":2,\"name\":\"LA BOUTIQUE\",\"item\":\"https:\/\/dressyourbody.fr\/fr\/les-patrons-de-couture\"},{\"@type\":\"ListItem\",\"position\":3,\"name\":\"JUPE JUMP\"}]},{\"@type\":\"WebSite\",\"@id\":\"https:\/\/dressyourbody.fr\/fr\/#website\",\"url\":\"https:\/\/dressyourbody.fr\/fr\/\",\"name\":\"DressYourBody\",\"description\":\"Une collection compl\u00e8te de patrons couture en ligne\",\"publisher\":{\"@id\":\"https:\/\/dressyourbody.fr\/fr\/#organization\"},\"potentialAction\":[{\"@type\":\"SearchAction\",\"target\":{\"@type\":\"EntryPoint\",\"urlTemplate\":\"https:\/\/dressyourbody.fr\/fr\/?s={search_term_string}\"},\"query-input\":\"required name=search_term_string\"}],\"inLanguage\":\"fr-FR\"},{\"@type\":\"Organization\",\"@id\":\"https:\/\/dressyourbody.fr\/fr\/#organization\",\"name\":\"DressYourBody.fr\",\"url\":\"https:\/\/dressyourbody.fr\/fr\/\",\"logo\":{\"@type\":\"ImageObject\",\"inLanguage\":\"fr-FR\",\"@id\":\"https:\/\/dressyourbody.fr\/fr\/#\/schema\/logo\/image\/\",\"url\":\"https:\/\/dressyourbody.fr\/wp-content\/uploads\/2018\/07\/Logo-rond.png\",\"contentUrl\":\"https:\/\/dressyourbody.fr\/wp-content\/uploads\/2018\/07\/Logo-rond.png\",\"width\":451,\"height\":449,\"caption\":\"DressYourBody.fr\"},\"image\":{\"@id\":\"https:\/\/dressyourbody.fr\/fr\/#\/schema\/logo\/image\/\"},\"sameAs\":[\"https:\/\/www.instagram.com\/dressyourbody.couture\/\",\"https:\/\/www.linkedin.com\/company\/11295981\/\",\"https:\/\/www.pinterest.fr\/dressyourbody\/\",\"https:\/\/www.youtube.com\/channel\/UCD9FR054rT1zUXmwxImG5vA?view_as=subscriber\",\"https:\/\/www.facebook.com\/dressyourbody.couture\/\"]}]}<\/script>\n<meta property=\"og:availability\" content=\"instock\" \/>\n<meta property=\"product:availability\" content=\"instock\" \/>\n<meta property=\"product:condition\" content=\"new\" \/>\n<!-- \/ Yoast SEO plugin. -->","yoast_head_json":{"title":"Jupe JUMP - DressYourBody - Patron de couture femme","description":"La jupe Jump est une jupe \u00e0 pont. Elle se ferme par 3 boutons situ\u00e9s de chaque c\u00f4t\u00e9. Une couture facile et rapide!","robots":{"index":"index","follow":"follow","max-snippet":"max-snippet:-1","max-image-preview":"max-image-preview:large","max-video-preview":"max-video-preview:-1"},"canonical":"https:\/\/dressyourbody.fr\/fr\/produit\/jupe-jump","og_locale":"fr_FR","og_type":"article","og_title":"Jupe JUMP - DressYourBody - Patron de couture femme","og_description":"La jupe Jump est une jupe \u00e0 pont. Elle se ferme par 3 boutons situ\u00e9s de chaque c\u00f4t\u00e9. Une couture facile et rapide!","og_url":"https:\/\/dressyourbody.fr\/fr\/produit\/jupe-jump","og_site_name":"DressYourBody","article_publisher":"https:\/\/www.facebook.com\/dressyourbody.couture\/","article_modified_time":"2026-04-06T11:42:10+00:00","og_image":[{"width":2389,"height":2390,"url":"https:\/\/dressyourbody.fr\/wp-content\/uploads\/2019\/05\/Jupe-Jump-2.jpg","type":"image\/jpeg"}],"twitter_card":"summary_large_image","twitter_misc":{"Availability":"In stock"},"schema":{"@context":"https:\/\/schema.org","@graph":[{"@type":"WebPage","@id":"https:\/\/dressyourbody.fr\/fr\/produit\/jupe-jump","url":"https:\/\/dressyourbody.fr\/fr\/produit\/jupe-jump","name":"Jupe JUMP - DressYourBody - Patron de couture femme","isPartOf":{"@id":"https:\/\/dressyourbody.fr\/fr\/#website"},"datePublished":"2019-05-28T22:14:49+00:00","dateModified":"2026-04-06T11:42:10+00:00","description":"La jupe Jump est une jupe \u00e0 pont. Elle se ferme par 3 boutons situ\u00e9s de chaque c\u00f4t\u00e9. Une couture facile et rapide!","breadcrumb":{"@id":"https:\/\/dressyourbody.fr\/fr\/produit\/jupe-jump#breadcrumb"},"inLanguage":"fr-FR","potentialAction":[{"@type":"ReadAction","target":["https:\/\/dressyourbody.fr\/fr\/produit\/jupe-jump"]}]},{"@type":"BreadcrumbList","@id":"https:\/\/dressyourbody.fr\/fr\/produit\/jupe-jump#breadcrumb","itemListElement":[{"@type":"ListItem","position":1,"name":"Accueil","item":"https:\/\/dressyourbody.fr\/fr\/"},{"@type":"ListItem","position":2,"name":"LA BOUTIQUE","item":"https:\/\/dressyourbody.fr\/fr\/les-patrons-de-couture"},{"@type":"ListItem","position":3,"name":"JUPE JUMP"}]},{"@type":"WebSite","@id":"https:\/\/dressyourbody.fr\/fr\/#website","url":"https:\/\/dressyourbody.fr\/fr\/","name":"DressYourBody","description":"Une collection compl\u00e8te de patrons couture en ligne","publisher":{"@id":"https:\/\/dressyourbody.fr\/fr\/#organization"},"potentialAction":[{"@type":"SearchAction","target":{"@type":"EntryPoint","urlTemplate":"https:\/\/dressyourbody.fr\/fr\/?s={search_term_string}"},"query-input":"required name=search_term_string"}],"inLanguage":"fr-FR"},{"@type":"Organization","@id":"https:\/\/dressyourbody.fr\/fr\/#organization","name":"DressYourBody.fr","url":"https:\/\/dressyourbody.fr\/fr\/","logo":{"@type":"ImageObject","inLanguage":"fr-FR","@id":"https:\/\/dressyourbody.fr\/fr\/#\/schema\/logo\/image\/","url":"https:\/\/dressyourbody.fr\/wp-content\/uploads\/2018\/07\/Logo-rond.png","contentUrl":"https:\/\/dressyourbody.fr\/wp-content\/uploads\/2018\/07\/Logo-rond.png","width":451,"height":449,"caption":"DressYourBody.fr"},"image":{"@id":"https:\/\/dressyourbody.fr\/fr\/#\/schema\/logo\/image\/"},"sameAs":["https:\/\/www.instagram.com\/dressyourbody.couture\/","https:\/\/www.linkedin.com\/company\/11295981\/","https:\/\/www.pinterest.fr\/dressyourbody\/","https:\/\/www.youtube.com\/channel\/UCD9FR054rT1zUXmwxImG5vA?view_as=subscriber","https:\/\/www.facebook.com\/dressyourbody.couture\/"]}]},"og_availability":"instock","product_availability":"instock","product_condition":"new"},"_links":{"self":[{"href":"https:\/\/dressyourbody.fr\/fr\/wp-json\/wp\/v2\/product\/18719","targetHints":{"allow":["GET"]}}],"collection":[{"href":"https:\/\/dressyourbody.fr\/fr\/wp-json\/wp\/v2\/product"}],"about":[{"href":"https:\/\/dressyourbody.fr\/fr\/wp-json\/wp\/v2\/types\/product"}],"replies":[{"embeddable":true,"href":"https:\/\/dressyourbody.fr\/fr\/wp-json\/wp\/v2\/comments?post=18719"}],"wp:featuredmedia":[{"embeddable":true,"href":"https:\/\/dressyourbody.fr\/fr\/wp-json\/wp\/v2\/media\/18726"}],"wp:attachment":[{"href":"https:\/\/dressyourbody.fr\/fr\/wp-json\/wp\/v2\/media?parent=18719"}],"wp:term":[{"taxonomy":"product_cat","embeddable":true,"href":"https:\/\/dressyourbody.fr\/fr\/wp-json\/wp\/v2\/product_cat?post=18719"},{"taxonomy":"product_tag","embeddable":true,"href":"https:\/\/dressyourbody.fr\/fr\/wp-json\/wp\/v2\/product_tag?post=18719"}],"curies":[{"name":"wp","href":"https:\/\/api.w.org\/{rel}","templated":true}]}}