{"id":18406,"date":"2019-04-21T17:34:39","date_gmt":"2019-04-21T15:34:39","guid":{"rendered":"https:\/\/dressyourbody.fr\/?post_type=product&#038;p=18406"},"modified":"2026-04-09T11:53:47","modified_gmt":"2026-04-09T09:53:47","slug":"robe-in-the-sun","status":"publish","type":"product","link":"https:\/\/dressyourbody.fr\/fr\/produit\/robe-in-the-sun\/","title":{"rendered":"Robe In the sun"},"content":{"rendered":"<p>La robe In the sun est une jolie robe dans l&rsquo;\u00e8re du temps avec volants et petites fronces!<br \/>\nTr\u00e8s f\u00e9minine avec sa d\u00e9coupe bretelle dans laquelle est ins\u00e9r\u00e9 un joli volant aux proportions discr\u00e8tes, elle est aussi super agr\u00e9able \u00e0 porter gr\u00e2ce \u00e0 son ampleur.<br \/>\nVous pouvez en r\u00e9aliser une version toute simple, sans volant, comme la version en soie graphique noire et blanche dans les photos du produit.<br \/>\nD\u00e9clin\u00e9e en top, elle fonctionne \u00e9galement tr\u00e8s bien.<\/p>\n<p>La robe In the sun est compatible avec le Bar \u00e0 manches. Pour une version mi-saison avec manches vous pouvez t\u00e9l\u00e9charger gratuitement et utiliser les manches du <a href=\"https:\/\/dressyourbody.fr\/fr\/categorie-produit\/manches\" target=\"_blank\" rel=\"noopener noreferrer\">\u00ab\u00a0Bar \u00e0 manches\u00a0\u00bb<\/a> DressYourBody.<\/p>\n<p><strong>TAILLES<\/strong> <strong>:<\/strong> Planche de patrons allant de la taille 34 \u00e0 46 soit un tour de poitrine du 81\u00a0 au 108 cm. Vous pouvez \u00e9galement vous r\u00e9f\u00e9rer \u00e0 la <a class=\"pum-trigger\" href=\"https:\/\/dressyourbody.fr\/fr\/produit\/robe-in-the-sun#popmake-23087\">grille des tailles<\/a>.<\/p>\n<p><strong>TISSU<\/strong> <strong>:<\/strong> Peut fonctionner avec beaucoup de tissus l\u00e9gers ensuite c\u2019est la fluidit\u00e9 de la mati\u00e8re qui impactera beaucoup le rendu du v\u00eatement.<br \/>\nUn tissu raide donnera plus de volume avec les fronces qu\u2019un tissu plus fluide.<\/p>\n<p><strong>DIFFICULT\u00c9\u00a0:<\/strong> Tous niveaux de couture<\/p>\n","protected":false},"excerpt":{"rendered":"<p>La robe In the sun est une jolie robe dans l&rsquo;\u00e8re du temps avec volants et petites fronces. <\/p>\n<div><a class=\"zoli-read-more-link\" href=\"https:\/\/dressyourbody.fr\/fr\/produit\/robe-in-the-sun\/\">Read More<span class=\"lexus-icon-Icon_Next\"><\/span><\/a><\/div>\n","protected":false},"featured_media":19001,"comment_status":"open","ping_status":"closed","template":"","meta":{"_acf_changed":false},"product_brand":[1278],"product_cat":[1233],"product_tag":[1144,1142,639],"class_list":{"0":"post-18406","1":"product","2":"type-product","3":"status-publish","4":"has-post-thumbnail","6":"product_brand-dressyourbody","7":"product_cat-robes","8":"product_tag-dress","9":"product_tag-patronderobe","10":"product_tag-robe","11":"product_shipping_class-standard-shipping","12":"pa_difficulte-debutant","13":"pa_formatpatron-patron-pdf-format-a4-a0","14":"pa_formatpatron-patronpochette","16":"first","17":"outofstock","18":"shipping-taxable","19":"purchasable","20":"product-type-variable"},"acf":[],"yoast_head":"<!-- This site is optimized with the Yoast SEO plugin v27.3 - https:\/\/yoast.com\/product\/yoast-seo-wordpress\/ -->\n<title>Robe IN THE SUN - DressYourBody - Patron de couture femme<\/title>\n<meta name=\"description\" content=\"La robe In the sun est une jolie robe tr\u00e8s f\u00e9minine avec sa\u00a0d\u00e9coupe bretelle dans laquelle est ins\u00e9r\u00e9 un joli volant.\" \/>\n<meta name=\"robots\" content=\"index, follow, max-snippet:-1, max-video-preview:-1, noimageindex\" \/>\n<link rel=\"canonical\" href=\"https:\/\/dressyourbody.fr\/fr\/produit\/robe-in-the-sun\" \/>\n<meta property=\"og:locale\" content=\"fr_FR\" \/>\n<meta property=\"og:type\" content=\"article\" \/>\n<meta property=\"og:title\" content=\"Robe IN THE SUN - DressYourBody - Patron de couture femme\" \/>\n<meta property=\"og:description\" content=\"La robe In the sun est une jolie robe tr\u00e8s f\u00e9minine avec sa\u00a0d\u00e9coupe bretelle dans laquelle est ins\u00e9r\u00e9 un joli volant.\" \/>\n<meta property=\"og:url\" content=\"https:\/\/dressyourbody.fr\/fr\/produit\/robe-in-the-sun\" \/>\n<meta property=\"og:site_name\" content=\"DressYourBody\" \/>\n<meta property=\"article:publisher\" content=\"https:\/\/www.facebook.com\/dressyourbody.couture\/\" \/>\n<meta property=\"article:modified_time\" content=\"2026-04-09T09:53:47+00:00\" \/>\n<meta property=\"og:image\" content=\"https:\/\/dressyourbody.fr\/wp-content\/uploads\/2019\/04\/Sun1.jpg\" \/>\n\t<meta property=\"og:image:width\" content=\"2536\" \/>\n\t<meta property=\"og:image:height\" content=\"2536\" \/>\n\t<meta property=\"og:image:type\" content=\"image\/jpeg\" \/>\n<meta name=\"twitter:card\" content=\"summary_large_image\" \/>\n<meta name=\"twitter:label1\" content=\"Dur\u00e9e de lecture estim\u00e9e\" \/>\n\t<meta name=\"twitter:data1\" content=\"1 minute\" \/>\n<script type=\"application\/ld+json\" class=\"yoast-schema-graph\">{\"@context\":\"https:\\\/\\\/schema.org\",\"@graph\":[{\"@type\":\"WebPage\",\"@id\":\"https:\\\/\\\/dressyourbody.fr\\\/fr\\\/produit\\\/robe-in-the-sun\",\"url\":\"https:\\\/\\\/dressyourbody.fr\\\/fr\\\/produit\\\/robe-in-the-sun\",\"name\":\"Robe IN THE SUN - DressYourBody - Patron de couture femme\",\"isPartOf\":{\"@id\":\"https:\\\/\\\/dressyourbody.fr\\\/fr\\\/#website\"},\"primaryImageOfPage\":{\"@id\":\"https:\\\/\\\/dressyourbody.fr\\\/fr\\\/produit\\\/robe-in-the-sun#primaryimage\"},\"image\":{\"@id\":\"https:\\\/\\\/dressyourbody.fr\\\/fr\\\/produit\\\/robe-in-the-sun#primaryimage\"},\"thumbnailUrl\":\"https:\\\/\\\/dressyourbody.fr\\\/wp-content\\\/uploads\\\/2019\\\/04\\\/Sun1.jpg\",\"datePublished\":\"2019-04-21T15:34:39+00:00\",\"dateModified\":\"2026-04-09T09:53:47+00:00\",\"description\":\"La robe In the sun est une jolie robe tr\u00e8s f\u00e9minine avec sa\u00a0d\u00e9coupe bretelle dans laquelle est ins\u00e9r\u00e9 un joli volant.\",\"breadcrumb\":{\"@id\":\"https:\\\/\\\/dressyourbody.fr\\\/fr\\\/produit\\\/robe-in-the-sun#breadcrumb\"},\"inLanguage\":\"fr-FR\",\"potentialAction\":[{\"@type\":\"ReadAction\",\"target\":[\"https:\\\/\\\/dressyourbody.fr\\\/fr\\\/produit\\\/robe-in-the-sun\"]}]},{\"@type\":\"ImageObject\",\"inLanguage\":\"fr-FR\",\"@id\":\"https:\\\/\\\/dressyourbody.fr\\\/fr\\\/produit\\\/robe-in-the-sun#primaryimage\",\"url\":\"https:\\\/\\\/dressyourbody.fr\\\/wp-content\\\/uploads\\\/2019\\\/04\\\/Sun1.jpg\",\"contentUrl\":\"https:\\\/\\\/dressyourbody.fr\\\/wp-content\\\/uploads\\\/2019\\\/04\\\/Sun1.jpg\",\"width\":2536,\"height\":2536},{\"@type\":\"BreadcrumbList\",\"@id\":\"https:\\\/\\\/dressyourbody.fr\\\/fr\\\/produit\\\/robe-in-the-sun#breadcrumb\",\"itemListElement\":[{\"@type\":\"ListItem\",\"position\":1,\"name\":\"Accueil\",\"item\":\"https:\\\/\\\/dressyourbody.fr\\\/fr\\\/\"},{\"@type\":\"ListItem\",\"position\":2,\"name\":\"LA BOUTIQUE\",\"item\":\"https:\\\/\\\/dressyourbody.fr\\\/fr\\\/?page_id=22934\"},{\"@type\":\"ListItem\",\"position\":3,\"name\":\"Robe In the sun\"}]},{\"@type\":\"WebSite\",\"@id\":\"https:\\\/\\\/dressyourbody.fr\\\/fr\\\/#website\",\"url\":\"https:\\\/\\\/dressyourbody.fr\\\/fr\\\/\",\"name\":\"DressYourBody\",\"description\":\"Une collection compl\u00e8te de patrons couture en ligne\",\"publisher\":{\"@id\":\"https:\\\/\\\/dressyourbody.fr\\\/fr\\\/#organization\"},\"potentialAction\":[{\"@type\":\"SearchAction\",\"target\":{\"@type\":\"EntryPoint\",\"urlTemplate\":\"https:\\\/\\\/dressyourbody.fr\\\/fr\\\/?s={search_term_string}\"},\"query-input\":{\"@type\":\"PropertyValueSpecification\",\"valueRequired\":true,\"valueName\":\"search_term_string\"}}],\"inLanguage\":\"fr-FR\"},{\"@type\":\"Organization\",\"@id\":\"https:\\\/\\\/dressyourbody.fr\\\/fr\\\/#organization\",\"name\":\"DressYourBody.fr\",\"url\":\"https:\\\/\\\/dressyourbody.fr\\\/fr\\\/\",\"logo\":{\"@type\":\"ImageObject\",\"inLanguage\":\"fr-FR\",\"@id\":\"https:\\\/\\\/dressyourbody.fr\\\/fr\\\/#\\\/schema\\\/logo\\\/image\\\/\",\"url\":\"https:\\\/\\\/dressyourbody.fr\\\/wp-content\\\/uploads\\\/2018\\\/07\\\/Logo-rond.png\",\"contentUrl\":\"https:\\\/\\\/dressyourbody.fr\\\/wp-content\\\/uploads\\\/2018\\\/07\\\/Logo-rond.png\",\"width\":451,\"height\":449,\"caption\":\"DressYourBody.fr\"},\"image\":{\"@id\":\"https:\\\/\\\/dressyourbody.fr\\\/fr\\\/#\\\/schema\\\/logo\\\/image\\\/\"},\"sameAs\":[\"https:\\\/\\\/www.facebook.com\\\/dressyourbody.couture\\\/\",\"https:\\\/\\\/www.instagram.com\\\/dressyourbody.couture\\\/\",\"https:\\\/\\\/www.linkedin.com\\\/company\\\/11295981\\\/\",\"https:\\\/\\\/www.pinterest.fr\\\/dressyourbody\\\/\",\"https:\\\/\\\/www.youtube.com\\\/channel\\\/UCD9FR054rT1zUXmwxImG5vA?view_as=subscriber\"]}]}<\/script>\n<!-- \/ Yoast SEO plugin. -->","yoast_head_json":{"title":"Robe IN THE SUN - DressYourBody - Patron de couture femme","description":"La robe In the sun est une jolie robe tr\u00e8s f\u00e9minine avec sa\u00a0d\u00e9coupe bretelle dans laquelle est ins\u00e9r\u00e9 un joli volant.","robots":{"index":"index","follow":"follow","max-snippet":"max-snippet:-1","max-video-preview":"max-video-preview:-1","imageindex":"noimageindex"},"canonical":"https:\/\/dressyourbody.fr\/fr\/produit\/robe-in-the-sun","og_locale":"fr_FR","og_type":"article","og_title":"Robe IN THE SUN - DressYourBody - Patron de couture femme","og_description":"La robe In the sun est une jolie robe tr\u00e8s f\u00e9minine avec sa\u00a0d\u00e9coupe bretelle dans laquelle est ins\u00e9r\u00e9 un joli volant.","og_url":"https:\/\/dressyourbody.fr\/fr\/produit\/robe-in-the-sun","og_site_name":"DressYourBody","article_publisher":"https:\/\/www.facebook.com\/dressyourbody.couture\/","article_modified_time":"2026-04-09T09:53:47+00:00","og_image":[{"width":2536,"height":2536,"url":"https:\/\/dressyourbody.fr\/wp-content\/uploads\/2019\/04\/Sun1.jpg","type":"image\/jpeg"}],"twitter_card":"summary_large_image","twitter_misc":{"Dur\u00e9e de lecture estim\u00e9e":"1 minute"},"schema":{"@context":"https:\/\/schema.org","@graph":[{"@type":"WebPage","@id":"https:\/\/dressyourbody.fr\/fr\/produit\/robe-in-the-sun","url":"https:\/\/dressyourbody.fr\/fr\/produit\/robe-in-the-sun","name":"Robe IN THE SUN - DressYourBody - Patron de couture femme","isPartOf":{"@id":"https:\/\/dressyourbody.fr\/fr\/#website"},"primaryImageOfPage":{"@id":"https:\/\/dressyourbody.fr\/fr\/produit\/robe-in-the-sun#primaryimage"},"image":{"@id":"https:\/\/dressyourbody.fr\/fr\/produit\/robe-in-the-sun#primaryimage"},"thumbnailUrl":"https:\/\/dressyourbody.fr\/wp-content\/uploads\/2019\/04\/Sun1.jpg","datePublished":"2019-04-21T15:34:39+00:00","dateModified":"2026-04-09T09:53:47+00:00","description":"La robe In the sun est une jolie robe tr\u00e8s f\u00e9minine avec sa\u00a0d\u00e9coupe bretelle dans laquelle est ins\u00e9r\u00e9 un joli volant.","breadcrumb":{"@id":"https:\/\/dressyourbody.fr\/fr\/produit\/robe-in-the-sun#breadcrumb"},"inLanguage":"fr-FR","potentialAction":[{"@type":"ReadAction","target":["https:\/\/dressyourbody.fr\/fr\/produit\/robe-in-the-sun"]}]},{"@type":"ImageObject","inLanguage":"fr-FR","@id":"https:\/\/dressyourbody.fr\/fr\/produit\/robe-in-the-sun#primaryimage","url":"https:\/\/dressyourbody.fr\/wp-content\/uploads\/2019\/04\/Sun1.jpg","contentUrl":"https:\/\/dressyourbody.fr\/wp-content\/uploads\/2019\/04\/Sun1.jpg","width":2536,"height":2536},{"@type":"BreadcrumbList","@id":"https:\/\/dressyourbody.fr\/fr\/produit\/robe-in-the-sun#breadcrumb","itemListElement":[{"@type":"ListItem","position":1,"name":"Accueil","item":"https:\/\/dressyourbody.fr\/fr\/"},{"@type":"ListItem","position":2,"name":"LA BOUTIQUE","item":"https:\/\/dressyourbody.fr\/fr\/?page_id=22934"},{"@type":"ListItem","position":3,"name":"Robe In the sun"}]},{"@type":"WebSite","@id":"https:\/\/dressyourbody.fr\/fr\/#website","url":"https:\/\/dressyourbody.fr\/fr\/","name":"DressYourBody","description":"Une collection compl\u00e8te de patrons couture en ligne","publisher":{"@id":"https:\/\/dressyourbody.fr\/fr\/#organization"},"potentialAction":[{"@type":"SearchAction","target":{"@type":"EntryPoint","urlTemplate":"https:\/\/dressyourbody.fr\/fr\/?s={search_term_string}"},"query-input":{"@type":"PropertyValueSpecification","valueRequired":true,"valueName":"search_term_string"}}],"inLanguage":"fr-FR"},{"@type":"Organization","@id":"https:\/\/dressyourbody.fr\/fr\/#organization","name":"DressYourBody.fr","url":"https:\/\/dressyourbody.fr\/fr\/","logo":{"@type":"ImageObject","inLanguage":"fr-FR","@id":"https:\/\/dressyourbody.fr\/fr\/#\/schema\/logo\/image\/","url":"https:\/\/dressyourbody.fr\/wp-content\/uploads\/2018\/07\/Logo-rond.png","contentUrl":"https:\/\/dressyourbody.fr\/wp-content\/uploads\/2018\/07\/Logo-rond.png","width":451,"height":449,"caption":"DressYourBody.fr"},"image":{"@id":"https:\/\/dressyourbody.fr\/fr\/#\/schema\/logo\/image\/"},"sameAs":["https:\/\/www.facebook.com\/dressyourbody.couture\/","https:\/\/www.instagram.com\/dressyourbody.couture\/","https:\/\/www.linkedin.com\/company\/11295981\/","https:\/\/www.pinterest.fr\/dressyourbody\/","https:\/\/www.youtube.com\/channel\/UCD9FR054rT1zUXmwxImG5vA?view_as=subscriber"]}]}},"_links":{"self":[{"href":"https:\/\/dressyourbody.fr\/fr\/wp-json\/wp\/v2\/product\/18406","targetHints":{"allow":["GET"]}}],"collection":[{"href":"https:\/\/dressyourbody.fr\/fr\/wp-json\/wp\/v2\/product"}],"about":[{"href":"https:\/\/dressyourbody.fr\/fr\/wp-json\/wp\/v2\/types\/product"}],"replies":[{"embeddable":true,"href":"https:\/\/dressyourbody.fr\/fr\/wp-json\/wp\/v2\/comments?post=18406"}],"wp:featuredmedia":[{"embeddable":true,"href":"https:\/\/dressyourbody.fr\/fr\/wp-json\/wp\/v2\/media\/19001"}],"wp:attachment":[{"href":"https:\/\/dressyourbody.fr\/fr\/wp-json\/wp\/v2\/media?parent=18406"}],"wp:term":[{"taxonomy":"product_brand","embeddable":true,"href":"https:\/\/dressyourbody.fr\/fr\/wp-json\/wp\/v2\/product_brand?post=18406"},{"taxonomy":"product_cat","embeddable":true,"href":"https:\/\/dressyourbody.fr\/fr\/wp-json\/wp\/v2\/product_cat?post=18406"},{"taxonomy":"product_tag","embeddable":true,"href":"https:\/\/dressyourbody.fr\/fr\/wp-json\/wp\/v2\/product_tag?post=18406"}],"curies":[{"name":"wp","href":"https:\/\/api.w.org\/{rel}","templated":true}]}}