{"id":17773,"date":"2018-12-20T11:39:52","date_gmt":"2018-12-20T09:39:52","guid":{"rendered":"https:\/\/dressyourbody.fr\/?post_type=product&#038;p=17773"},"modified":"2026-04-09T11:54:20","modified_gmt":"2026-04-09T09:54:20","slug":"manteau-angel","status":"publish","type":"product","link":"https:\/\/dressyourbody.fr\/fr\/produit\/manteau-angel\/","title":{"rendered":"Manteau Angel"},"content":{"rendered":"<p>Manteau Angel ou Cape Angel ?! Les deux mon capitaine!<\/p>\n<p>Et c&rsquo;est toute l&rsquo;originalit\u00e9 du manteau Angel. Le buste est r\u00e9alis\u00e9 comme celui d&rsquo;un manteau, avec deux emmanchures, ce qui permet de le fermer pour rester bien au chaud. Et par contre, les deux manches tr\u00e8s amples, lui donnent un effet cape pour un look tendance. Son ampleur vous permet de mettre facilement en dessous un bon gros pull ou une petite doudoune l\u00e9g\u00e8re.<\/p>\n<p>Et comme c&rsquo;est toujours bien utile, vous trouverez 2 poches prises dans la couture, juste en dessous des manches!<\/p>\n<p><strong>TAILLES :<\/strong> Planche de patrons allant de la taille XS \u00e0 XL soit un tour de poitrine allant de 81 \u00e0 116 cm. Vous pouvez \u00e9galement vous r\u00e9f\u00e9rer \u00e0 la <a href=\"#popmake-23087\">grille des tailles<\/a>.<\/p>\n<p><strong>TISSU :<\/strong> Lainage pour manteau mais assez souple pour ne pas avoir des manches trop raides avec trop de volume.<\/p>\n<p><strong>DIFFICULT\u00c9 :<\/strong> Niveau exp\u00e9riment\u00e9<\/p>\n<p><strong>D\u00c9TAIL :\u00a0<\/strong><\/p>\n<ul>\n<li style=\"color: #444444;\">Manteau ferm\u00e9 avec manches \u00ab effet cape \u00bb<\/li>\n<li style=\"color: #444444;\">Devant asym\u00e9trique<\/li>\n<li style=\"color: #444444;\">Col droit montant<\/li>\n<li style=\"color: #444444;\">Pas de doublure, manteau gans\u00e9 \u00e0 l&rsquo;int\u00e9rieur<\/li>\n<li style=\"color: #444444;\">2 poches<\/li>\n<\/ul>\n","protected":false},"excerpt":{"rendered":"<p>Manteau Angel ou Cape Angel ?! Les deux mon capitaine! Et c&rsquo;est toute l&rsquo;originalit\u00e9 du manteau Angel. Le buste est r\u00e9alis\u00e9 comme celui d&rsquo;un manteau, avec deux emmanchures, ce qui permet de le fermer pour rester bien au chaud. Et par contre, les deux manches tr\u00e8s amples, lui donnent un effet cape pour un look <\/p>\n<div><a class=\"zoli-read-more-link\" href=\"https:\/\/dressyourbody.fr\/fr\/produit\/manteau-angel\/\">Read More<span class=\"lexus-icon-Icon_Next\"><\/span><\/a><\/div>\n","protected":false},"featured_media":17784,"comment_status":"open","ping_status":"closed","template":"","meta":{"_acf_changed":false},"product_brand":[1278],"product_cat":[1232],"product_tag":[1410],"class_list":{"0":"post-17773","1":"product","2":"type-product","3":"status-publish","4":"has-post-thumbnail","6":"product_brand-dressyourbody","7":"product_cat-vestes-et-manteaux","8":"product_tag-vestesmanteaux","9":"product_shipping_class-pack-dunes","10":"pa_difficulte-expert","11":"pa_formatpatron-patron-pdf-format-a4-a0","12":"pa_formatpatron-patronpochette","14":"first","15":"instock","16":"shipping-taxable","17":"purchasable","18":"product-type-variable"},"acf":[],"yoast_head":"<!-- This site is optimized with the Yoast SEO plugin v27.3 - https:\/\/yoast.com\/product\/yoast-seo-wordpress\/ -->\n<title>Manteau ANGEL - Patron de couture femme XS \u00e0 XL<\/title>\n<meta name=\"description\" content=\"Manteau Angel ou Cape?! Et bien les 2 ! Le buste est r\u00e9alis\u00e9 comme un manteau, mais avec des manches tr\u00e8s amples pour un effet cape tr\u00e8s tendance.\" \/>\n<meta name=\"robots\" content=\"index, follow, max-snippet:-1, max-image-preview:large, max-video-preview:-1\" \/>\n<link rel=\"canonical\" href=\"https:\/\/dressyourbody.fr\/fr\/produit\/manteau-angel\" \/>\n<meta property=\"og:locale\" content=\"fr_FR\" \/>\n<meta property=\"og:type\" content=\"article\" \/>\n<meta property=\"og:title\" content=\"Manteau ANGEL - Patron de couture femme XS \u00e0 XL\" \/>\n<meta property=\"og:description\" content=\"Manteau Angel ou Cape?! Et bien les 2 ! Le buste est r\u00e9alis\u00e9 comme un manteau, mais avec des manches tr\u00e8s amples pour un effet cape tr\u00e8s tendance.\" \/>\n<meta property=\"og:url\" content=\"https:\/\/dressyourbody.fr\/fr\/produit\/manteau-angel\" \/>\n<meta property=\"og:site_name\" content=\"DressYourBody\" \/>\n<meta property=\"article:publisher\" content=\"https:\/\/www.facebook.com\/dressyourbody.couture\/\" \/>\n<meta property=\"article:modified_time\" content=\"2026-04-09T09:54:20+00:00\" \/>\n<meta property=\"og:image\" content=\"https:\/\/dressyourbody.fr\/wp-content\/uploads\/2018\/12\/1_Angel-scaled.jpg\" \/>\n\t<meta property=\"og:image:width\" content=\"2560\" \/>\n\t<meta property=\"og:image:height\" content=\"2560\" \/>\n\t<meta property=\"og:image:type\" content=\"image\/jpeg\" \/>\n<meta name=\"twitter:card\" content=\"summary_large_image\" \/>\n<meta name=\"twitter:label1\" content=\"Dur\u00e9e de lecture estim\u00e9e\" \/>\n\t<meta name=\"twitter:data1\" content=\"1 minute\" \/>\n<script type=\"application\/ld+json\" class=\"yoast-schema-graph\">{\"@context\":\"https:\\\/\\\/schema.org\",\"@graph\":[{\"@type\":\"WebPage\",\"@id\":\"https:\\\/\\\/dressyourbody.fr\\\/fr\\\/produit\\\/manteau-angel\",\"url\":\"https:\\\/\\\/dressyourbody.fr\\\/fr\\\/produit\\\/manteau-angel\",\"name\":\"Manteau ANGEL - Patron de couture femme XS \u00e0 XL\",\"isPartOf\":{\"@id\":\"https:\\\/\\\/dressyourbody.fr\\\/fr\\\/#website\"},\"primaryImageOfPage\":{\"@id\":\"https:\\\/\\\/dressyourbody.fr\\\/fr\\\/produit\\\/manteau-angel#primaryimage\"},\"image\":{\"@id\":\"https:\\\/\\\/dressyourbody.fr\\\/fr\\\/produit\\\/manteau-angel#primaryimage\"},\"thumbnailUrl\":\"https:\\\/\\\/dressyourbody.fr\\\/wp-content\\\/uploads\\\/2018\\\/12\\\/1_Angel-scaled.jpg\",\"datePublished\":\"2018-12-20T09:39:52+00:00\",\"dateModified\":\"2026-04-09T09:54:20+00:00\",\"description\":\"Manteau Angel ou Cape?! Et bien les 2 ! Le buste est r\u00e9alis\u00e9 comme un manteau, mais avec des manches tr\u00e8s amples pour un effet cape tr\u00e8s tendance.\",\"breadcrumb\":{\"@id\":\"https:\\\/\\\/dressyourbody.fr\\\/fr\\\/produit\\\/manteau-angel#breadcrumb\"},\"inLanguage\":\"fr-FR\",\"potentialAction\":[{\"@type\":\"ReadAction\",\"target\":[\"https:\\\/\\\/dressyourbody.fr\\\/fr\\\/produit\\\/manteau-angel\"]}]},{\"@type\":\"ImageObject\",\"inLanguage\":\"fr-FR\",\"@id\":\"https:\\\/\\\/dressyourbody.fr\\\/fr\\\/produit\\\/manteau-angel#primaryimage\",\"url\":\"https:\\\/\\\/dressyourbody.fr\\\/wp-content\\\/uploads\\\/2018\\\/12\\\/1_Angel-scaled.jpg\",\"contentUrl\":\"https:\\\/\\\/dressyourbody.fr\\\/wp-content\\\/uploads\\\/2018\\\/12\\\/1_Angel-scaled.jpg\",\"width\":2560,\"height\":2560,\"caption\":\"Manteau Angel\"},{\"@type\":\"BreadcrumbList\",\"@id\":\"https:\\\/\\\/dressyourbody.fr\\\/fr\\\/produit\\\/manteau-angel#breadcrumb\",\"itemListElement\":[{\"@type\":\"ListItem\",\"position\":1,\"name\":\"Accueil\",\"item\":\"https:\\\/\\\/dressyourbody.fr\\\/fr\\\/\"},{\"@type\":\"ListItem\",\"position\":2,\"name\":\"LA BOUTIQUE\",\"item\":\"https:\\\/\\\/dressyourbody.fr\\\/fr\\\/?page_id=22934\"},{\"@type\":\"ListItem\",\"position\":3,\"name\":\"Manteau Angel\"}]},{\"@type\":\"WebSite\",\"@id\":\"https:\\\/\\\/dressyourbody.fr\\\/fr\\\/#website\",\"url\":\"https:\\\/\\\/dressyourbody.fr\\\/fr\\\/\",\"name\":\"DressYourBody\",\"description\":\"Une collection compl\u00e8te de patrons couture en ligne\",\"publisher\":{\"@id\":\"https:\\\/\\\/dressyourbody.fr\\\/fr\\\/#organization\"},\"potentialAction\":[{\"@type\":\"SearchAction\",\"target\":{\"@type\":\"EntryPoint\",\"urlTemplate\":\"https:\\\/\\\/dressyourbody.fr\\\/fr\\\/?s={search_term_string}\"},\"query-input\":{\"@type\":\"PropertyValueSpecification\",\"valueRequired\":true,\"valueName\":\"search_term_string\"}}],\"inLanguage\":\"fr-FR\"},{\"@type\":\"Organization\",\"@id\":\"https:\\\/\\\/dressyourbody.fr\\\/fr\\\/#organization\",\"name\":\"DressYourBody.fr\",\"url\":\"https:\\\/\\\/dressyourbody.fr\\\/fr\\\/\",\"logo\":{\"@type\":\"ImageObject\",\"inLanguage\":\"fr-FR\",\"@id\":\"https:\\\/\\\/dressyourbody.fr\\\/fr\\\/#\\\/schema\\\/logo\\\/image\\\/\",\"url\":\"https:\\\/\\\/dressyourbody.fr\\\/wp-content\\\/uploads\\\/2018\\\/07\\\/Logo-rond.png\",\"contentUrl\":\"https:\\\/\\\/dressyourbody.fr\\\/wp-content\\\/uploads\\\/2018\\\/07\\\/Logo-rond.png\",\"width\":451,\"height\":449,\"caption\":\"DressYourBody.fr\"},\"image\":{\"@id\":\"https:\\\/\\\/dressyourbody.fr\\\/fr\\\/#\\\/schema\\\/logo\\\/image\\\/\"},\"sameAs\":[\"https:\\\/\\\/www.facebook.com\\\/dressyourbody.couture\\\/\",\"https:\\\/\\\/www.instagram.com\\\/dressyourbody.couture\\\/\",\"https:\\\/\\\/www.linkedin.com\\\/company\\\/11295981\\\/\",\"https:\\\/\\\/www.pinterest.fr\\\/dressyourbody\\\/\",\"https:\\\/\\\/www.youtube.com\\\/channel\\\/UCD9FR054rT1zUXmwxImG5vA?view_as=subscriber\"]}]}<\/script>\n<!-- \/ Yoast SEO plugin. -->","yoast_head_json":{"title":"Manteau ANGEL - Patron de couture femme XS \u00e0 XL","description":"Manteau Angel ou Cape?! Et bien les 2 ! Le buste est r\u00e9alis\u00e9 comme un manteau, mais avec des manches tr\u00e8s amples pour un effet cape tr\u00e8s tendance.","robots":{"index":"index","follow":"follow","max-snippet":"max-snippet:-1","max-image-preview":"max-image-preview:large","max-video-preview":"max-video-preview:-1"},"canonical":"https:\/\/dressyourbody.fr\/fr\/produit\/manteau-angel","og_locale":"fr_FR","og_type":"article","og_title":"Manteau ANGEL - Patron de couture femme XS \u00e0 XL","og_description":"Manteau Angel ou Cape?! Et bien les 2 ! Le buste est r\u00e9alis\u00e9 comme un manteau, mais avec des manches tr\u00e8s amples pour un effet cape tr\u00e8s tendance.","og_url":"https:\/\/dressyourbody.fr\/fr\/produit\/manteau-angel","og_site_name":"DressYourBody","article_publisher":"https:\/\/www.facebook.com\/dressyourbody.couture\/","article_modified_time":"2026-04-09T09:54:20+00:00","og_image":[{"width":2560,"height":2560,"url":"https:\/\/dressyourbody.fr\/wp-content\/uploads\/2018\/12\/1_Angel-scaled.jpg","type":"image\/jpeg"}],"twitter_card":"summary_large_image","twitter_misc":{"Dur\u00e9e de lecture estim\u00e9e":"1 minute"},"schema":{"@context":"https:\/\/schema.org","@graph":[{"@type":"WebPage","@id":"https:\/\/dressyourbody.fr\/fr\/produit\/manteau-angel","url":"https:\/\/dressyourbody.fr\/fr\/produit\/manteau-angel","name":"Manteau ANGEL - Patron de couture femme XS \u00e0 XL","isPartOf":{"@id":"https:\/\/dressyourbody.fr\/fr\/#website"},"primaryImageOfPage":{"@id":"https:\/\/dressyourbody.fr\/fr\/produit\/manteau-angel#primaryimage"},"image":{"@id":"https:\/\/dressyourbody.fr\/fr\/produit\/manteau-angel#primaryimage"},"thumbnailUrl":"https:\/\/dressyourbody.fr\/wp-content\/uploads\/2018\/12\/1_Angel-scaled.jpg","datePublished":"2018-12-20T09:39:52+00:00","dateModified":"2026-04-09T09:54:20+00:00","description":"Manteau Angel ou Cape?! Et bien les 2 ! Le buste est r\u00e9alis\u00e9 comme un manteau, mais avec des manches tr\u00e8s amples pour un effet cape tr\u00e8s tendance.","breadcrumb":{"@id":"https:\/\/dressyourbody.fr\/fr\/produit\/manteau-angel#breadcrumb"},"inLanguage":"fr-FR","potentialAction":[{"@type":"ReadAction","target":["https:\/\/dressyourbody.fr\/fr\/produit\/manteau-angel"]}]},{"@type":"ImageObject","inLanguage":"fr-FR","@id":"https:\/\/dressyourbody.fr\/fr\/produit\/manteau-angel#primaryimage","url":"https:\/\/dressyourbody.fr\/wp-content\/uploads\/2018\/12\/1_Angel-scaled.jpg","contentUrl":"https:\/\/dressyourbody.fr\/wp-content\/uploads\/2018\/12\/1_Angel-scaled.jpg","width":2560,"height":2560,"caption":"Manteau Angel"},{"@type":"BreadcrumbList","@id":"https:\/\/dressyourbody.fr\/fr\/produit\/manteau-angel#breadcrumb","itemListElement":[{"@type":"ListItem","position":1,"name":"Accueil","item":"https:\/\/dressyourbody.fr\/fr\/"},{"@type":"ListItem","position":2,"name":"LA BOUTIQUE","item":"https:\/\/dressyourbody.fr\/fr\/?page_id=22934"},{"@type":"ListItem","position":3,"name":"Manteau Angel"}]},{"@type":"WebSite","@id":"https:\/\/dressyourbody.fr\/fr\/#website","url":"https:\/\/dressyourbody.fr\/fr\/","name":"DressYourBody","description":"Une collection compl\u00e8te de patrons couture en ligne","publisher":{"@id":"https:\/\/dressyourbody.fr\/fr\/#organization"},"potentialAction":[{"@type":"SearchAction","target":{"@type":"EntryPoint","urlTemplate":"https:\/\/dressyourbody.fr\/fr\/?s={search_term_string}"},"query-input":{"@type":"PropertyValueSpecification","valueRequired":true,"valueName":"search_term_string"}}],"inLanguage":"fr-FR"},{"@type":"Organization","@id":"https:\/\/dressyourbody.fr\/fr\/#organization","name":"DressYourBody.fr","url":"https:\/\/dressyourbody.fr\/fr\/","logo":{"@type":"ImageObject","inLanguage":"fr-FR","@id":"https:\/\/dressyourbody.fr\/fr\/#\/schema\/logo\/image\/","url":"https:\/\/dressyourbody.fr\/wp-content\/uploads\/2018\/07\/Logo-rond.png","contentUrl":"https:\/\/dressyourbody.fr\/wp-content\/uploads\/2018\/07\/Logo-rond.png","width":451,"height":449,"caption":"DressYourBody.fr"},"image":{"@id":"https:\/\/dressyourbody.fr\/fr\/#\/schema\/logo\/image\/"},"sameAs":["https:\/\/www.facebook.com\/dressyourbody.couture\/","https:\/\/www.instagram.com\/dressyourbody.couture\/","https:\/\/www.linkedin.com\/company\/11295981\/","https:\/\/www.pinterest.fr\/dressyourbody\/","https:\/\/www.youtube.com\/channel\/UCD9FR054rT1zUXmwxImG5vA?view_as=subscriber"]}]}},"_links":{"self":[{"href":"https:\/\/dressyourbody.fr\/fr\/wp-json\/wp\/v2\/product\/17773","targetHints":{"allow":["GET"]}}],"collection":[{"href":"https:\/\/dressyourbody.fr\/fr\/wp-json\/wp\/v2\/product"}],"about":[{"href":"https:\/\/dressyourbody.fr\/fr\/wp-json\/wp\/v2\/types\/product"}],"replies":[{"embeddable":true,"href":"https:\/\/dressyourbody.fr\/fr\/wp-json\/wp\/v2\/comments?post=17773"}],"wp:featuredmedia":[{"embeddable":true,"href":"https:\/\/dressyourbody.fr\/fr\/wp-json\/wp\/v2\/media\/17784"}],"wp:attachment":[{"href":"https:\/\/dressyourbody.fr\/fr\/wp-json\/wp\/v2\/media?parent=17773"}],"wp:term":[{"taxonomy":"product_brand","embeddable":true,"href":"https:\/\/dressyourbody.fr\/fr\/wp-json\/wp\/v2\/product_brand?post=17773"},{"taxonomy":"product_cat","embeddable":true,"href":"https:\/\/dressyourbody.fr\/fr\/wp-json\/wp\/v2\/product_cat?post=17773"},{"taxonomy":"product_tag","embeddable":true,"href":"https:\/\/dressyourbody.fr\/fr\/wp-json\/wp\/v2\/product_tag?post=17773"}],"curies":[{"name":"wp","href":"https:\/\/api.w.org\/{rel}","templated":true}]}}