{"id":17721,"date":"2018-12-15T19:01:47","date_gmt":"2018-12-15T17:01:47","guid":{"rendered":"https:\/\/dressyourbody.fr\/?post_type=product&#038;p=17721"},"modified":"2023-04-23T21:37:24","modified_gmt":"2023-04-23T19:37:24","slug":"la-manche-chemisier","status":"publish","type":"product","link":"https:\/\/dressyourbody.fr\/fr\/produit\/la-manche-chemisier\/","title":{"rendered":"La manche chemisier (version pdf)"},"content":{"rendered":"<p><span style=\"color: #993366;\"><strong>MANCHE CHEMISIER<\/strong><\/span><\/p>\n<ul>\n<li>Manche de longue<\/li>\n<li>Poignet avec fente ind\u00e9chirable<\/li>\n<li>2 plis<\/li>\n<\/ul>\n<p>&nbsp;<\/p>\n<p>En plus de la manche chemisier, pour varier les plaisirs, vous pouvez \u00e9galement t\u00e9l\u00e9charger <a href=\"https:\/\/dressyourbody.fr\/produit\/la-manche-a-smocks\" target=\"_blank\" rel=\"noopener noreferrer\">la manche \u00e0 smocks<\/a> et <a href=\"https:\/\/dressyourbody.fr\/produit\/la-manche-3-4-a-fronces\" target=\"_blank\" rel=\"noopener noreferrer\">la manche 3\/4 \u00e0 fronces<\/a>!<\/p>\n<p>&nbsp;<\/p>\n","protected":false},"excerpt":{"rendered":"<p>MANCHE CHEMISIER Manche de longue Poignet avec fente ind\u00e9chirable 2 plis &nbsp; En plus de la manche chemisier, pour varier les plaisirs, vous pouvez \u00e9galement t\u00e9l\u00e9charger la manche \u00e0 smocks et la manche 3\/4 \u00e0 fronces! &nbsp; <\/p>\n<div><a class=\"zoli-read-more-link\" href=\"https:\/\/dressyourbody.fr\/fr\/produit\/la-manche-chemisier\/\">Read More<span class=\"lexus-icon-Icon_Next\"><\/span><\/a><\/div>\n","protected":false},"featured_media":19199,"comment_status":"open","ping_status":"closed","template":"","meta":{"_acf_changed":false},"product_brand":[1278],"product_cat":[1237],"product_tag":[],"class_list":{"0":"post-17721","1":"product","2":"type-product","3":"status-publish","4":"has-post-thumbnail","6":"product_brand-dressyourbody","7":"product_cat-manches","9":"first","10":"instock","11":"downloadable","12":"virtual","13":"purchasable","14":"product-type-simple"},"acf":[],"yoast_head":"<!-- This site is optimized with the Yoast SEO plugin v27.3 - https:\/\/yoast.com\/product\/yoast-seo-wordpress\/ -->\n<title>La manche chemisier (version pdf) - DressYourBody<\/title>\n<meta name=\"description\" content=\"Initialement con\u00e7ue pour la chemise &quot;My Monster&quot;, la manche chemisier peut s&#039;adapter \u00e0 d&#039;autres blouses et chemisiers de la collection DressYourBody. C&#039;est pourquoi vous pouvez t\u00e9l\u00e9charger en PDF la manche chemisier seule! A vous de choisir sur quel v\u00eatement l&#039;adapter!\" \/>\n<meta name=\"robots\" content=\"index, follow, max-snippet:-1, max-image-preview:large, max-video-preview:-1\" \/>\n<link rel=\"canonical\" href=\"https:\/\/dressyourbody.fr\/fr\/produit\/la-manche-chemisier\" \/>\n<meta property=\"og:locale\" content=\"fr_FR\" \/>\n<meta property=\"og:type\" content=\"article\" \/>\n<meta property=\"og:title\" content=\"La manche chemisier (version pdf) - DressYourBody\" \/>\n<meta property=\"og:description\" content=\"Initialement con\u00e7ue pour la chemise &quot;My Monster&quot;, la manche chemisier peut s&#039;adapter \u00e0 d&#039;autres blouses et chemisiers de la collection DressYourBody. C&#039;est pourquoi vous pouvez t\u00e9l\u00e9charger en PDF la manche chemisier seule! A vous de choisir sur quel v\u00eatement l&#039;adapter!\" \/>\n<meta property=\"og:url\" content=\"https:\/\/dressyourbody.fr\/fr\/produit\/la-manche-chemisier\" \/>\n<meta property=\"og:site_name\" content=\"DressYourBody\" \/>\n<meta property=\"article:publisher\" content=\"https:\/\/www.facebook.com\/dressyourbody.couture\/\" \/>\n<meta property=\"article:modified_time\" content=\"2023-04-23T19:37:24+00:00\" \/>\n<meta property=\"og:image\" content=\"https:\/\/dressyourbody.fr\/wp-content\/uploads\/2019\/09\/Manche-chemisier_sans-cadre_logo.png\" \/>\n\t<meta property=\"og:image:width\" content=\"574\" \/>\n\t<meta property=\"og:image:height\" content=\"739\" \/>\n\t<meta property=\"og:image:type\" content=\"image\/png\" \/>\n<meta name=\"twitter:card\" content=\"summary_large_image\" \/>\n<script type=\"application\/ld+json\" class=\"yoast-schema-graph\">{\"@context\":\"https:\\\/\\\/schema.org\",\"@graph\":[{\"@type\":\"WebPage\",\"@id\":\"https:\\\/\\\/dressyourbody.fr\\\/fr\\\/produit\\\/la-manche-chemisier\",\"url\":\"https:\\\/\\\/dressyourbody.fr\\\/fr\\\/produit\\\/la-manche-chemisier\",\"name\":\"La manche chemisier (version pdf) - DressYourBody\",\"isPartOf\":{\"@id\":\"https:\\\/\\\/dressyourbody.fr\\\/fr\\\/#website\"},\"primaryImageOfPage\":{\"@id\":\"https:\\\/\\\/dressyourbody.fr\\\/fr\\\/produit\\\/la-manche-chemisier#primaryimage\"},\"image\":{\"@id\":\"https:\\\/\\\/dressyourbody.fr\\\/fr\\\/produit\\\/la-manche-chemisier#primaryimage\"},\"thumbnailUrl\":\"https:\\\/\\\/dressyourbody.fr\\\/wp-content\\\/uploads\\\/2019\\\/09\\\/Manche-chemisier_sans-cadre_logo.png\",\"datePublished\":\"2018-12-15T17:01:47+00:00\",\"dateModified\":\"2023-04-23T19:37:24+00:00\",\"description\":\"Initialement con\u00e7ue pour la chemise \\\"My Monster\\\", la manche chemisier peut s'adapter \u00e0 d'autres blouses et chemisiers de la collection DressYourBody. C'est pourquoi vous pouvez t\u00e9l\u00e9charger en PDF la manche chemisier seule! A vous de choisir sur quel v\u00eatement l'adapter!\",\"breadcrumb\":{\"@id\":\"https:\\\/\\\/dressyourbody.fr\\\/fr\\\/produit\\\/la-manche-chemisier#breadcrumb\"},\"inLanguage\":\"fr-FR\",\"potentialAction\":[{\"@type\":\"ReadAction\",\"target\":[\"https:\\\/\\\/dressyourbody.fr\\\/fr\\\/produit\\\/la-manche-chemisier\"]}]},{\"@type\":\"ImageObject\",\"inLanguage\":\"fr-FR\",\"@id\":\"https:\\\/\\\/dressyourbody.fr\\\/fr\\\/produit\\\/la-manche-chemisier#primaryimage\",\"url\":\"https:\\\/\\\/dressyourbody.fr\\\/wp-content\\\/uploads\\\/2019\\\/09\\\/Manche-chemisier_sans-cadre_logo.png\",\"contentUrl\":\"https:\\\/\\\/dressyourbody.fr\\\/wp-content\\\/uploads\\\/2019\\\/09\\\/Manche-chemisier_sans-cadre_logo.png\",\"width\":574,\"height\":739,\"caption\":\"Manche chemisier gratuite\"},{\"@type\":\"BreadcrumbList\",\"@id\":\"https:\\\/\\\/dressyourbody.fr\\\/fr\\\/produit\\\/la-manche-chemisier#breadcrumb\",\"itemListElement\":[{\"@type\":\"ListItem\",\"position\":1,\"name\":\"Accueil\",\"item\":\"https:\\\/\\\/dressyourbody.fr\\\/fr\\\/\"},{\"@type\":\"ListItem\",\"position\":2,\"name\":\"LA BOUTIQUE\",\"item\":\"https:\\\/\\\/dressyourbody.fr\\\/fr\\\/?page_id=22934\"},{\"@type\":\"ListItem\",\"position\":3,\"name\":\"La manche chemisier (version pdf)\"}]},{\"@type\":\"WebSite\",\"@id\":\"https:\\\/\\\/dressyourbody.fr\\\/fr\\\/#website\",\"url\":\"https:\\\/\\\/dressyourbody.fr\\\/fr\\\/\",\"name\":\"DressYourBody\",\"description\":\"Une collection compl\u00e8te de patrons couture en ligne\",\"publisher\":{\"@id\":\"https:\\\/\\\/dressyourbody.fr\\\/fr\\\/#organization\"},\"potentialAction\":[{\"@type\":\"SearchAction\",\"target\":{\"@type\":\"EntryPoint\",\"urlTemplate\":\"https:\\\/\\\/dressyourbody.fr\\\/fr\\\/?s={search_term_string}\"},\"query-input\":{\"@type\":\"PropertyValueSpecification\",\"valueRequired\":true,\"valueName\":\"search_term_string\"}}],\"inLanguage\":\"fr-FR\"},{\"@type\":\"Organization\",\"@id\":\"https:\\\/\\\/dressyourbody.fr\\\/fr\\\/#organization\",\"name\":\"DressYourBody.fr\",\"url\":\"https:\\\/\\\/dressyourbody.fr\\\/fr\\\/\",\"logo\":{\"@type\":\"ImageObject\",\"inLanguage\":\"fr-FR\",\"@id\":\"https:\\\/\\\/dressyourbody.fr\\\/fr\\\/#\\\/schema\\\/logo\\\/image\\\/\",\"url\":\"https:\\\/\\\/dressyourbody.fr\\\/wp-content\\\/uploads\\\/2018\\\/07\\\/Logo-rond.png\",\"contentUrl\":\"https:\\\/\\\/dressyourbody.fr\\\/wp-content\\\/uploads\\\/2018\\\/07\\\/Logo-rond.png\",\"width\":451,\"height\":449,\"caption\":\"DressYourBody.fr\"},\"image\":{\"@id\":\"https:\\\/\\\/dressyourbody.fr\\\/fr\\\/#\\\/schema\\\/logo\\\/image\\\/\"},\"sameAs\":[\"https:\\\/\\\/www.facebook.com\\\/dressyourbody.couture\\\/\",\"https:\\\/\\\/www.instagram.com\\\/dressyourbody.couture\\\/\",\"https:\\\/\\\/www.linkedin.com\\\/company\\\/11295981\\\/\",\"https:\\\/\\\/www.pinterest.fr\\\/dressyourbody\\\/\",\"https:\\\/\\\/www.youtube.com\\\/channel\\\/UCD9FR054rT1zUXmwxImG5vA?view_as=subscriber\"]}]}<\/script>\n<!-- \/ Yoast SEO plugin. -->","yoast_head_json":{"title":"La manche chemisier (version pdf) - DressYourBody","description":"Initialement con\u00e7ue pour la chemise \"My Monster\", la manche chemisier peut s'adapter \u00e0 d'autres blouses et chemisiers de la collection DressYourBody. C'est pourquoi vous pouvez t\u00e9l\u00e9charger en PDF la manche chemisier seule! A vous de choisir sur quel v\u00eatement l'adapter!","robots":{"index":"index","follow":"follow","max-snippet":"max-snippet:-1","max-image-preview":"max-image-preview:large","max-video-preview":"max-video-preview:-1"},"canonical":"https:\/\/dressyourbody.fr\/fr\/produit\/la-manche-chemisier","og_locale":"fr_FR","og_type":"article","og_title":"La manche chemisier (version pdf) - DressYourBody","og_description":"Initialement con\u00e7ue pour la chemise \"My Monster\", la manche chemisier peut s'adapter \u00e0 d'autres blouses et chemisiers de la collection DressYourBody. C'est pourquoi vous pouvez t\u00e9l\u00e9charger en PDF la manche chemisier seule! A vous de choisir sur quel v\u00eatement l'adapter!","og_url":"https:\/\/dressyourbody.fr\/fr\/produit\/la-manche-chemisier","og_site_name":"DressYourBody","article_publisher":"https:\/\/www.facebook.com\/dressyourbody.couture\/","article_modified_time":"2023-04-23T19:37:24+00:00","og_image":[{"width":574,"height":739,"url":"https:\/\/dressyourbody.fr\/wp-content\/uploads\/2019\/09\/Manche-chemisier_sans-cadre_logo.png","type":"image\/png"}],"twitter_card":"summary_large_image","schema":{"@context":"https:\/\/schema.org","@graph":[{"@type":"WebPage","@id":"https:\/\/dressyourbody.fr\/fr\/produit\/la-manche-chemisier","url":"https:\/\/dressyourbody.fr\/fr\/produit\/la-manche-chemisier","name":"La manche chemisier (version pdf) - DressYourBody","isPartOf":{"@id":"https:\/\/dressyourbody.fr\/fr\/#website"},"primaryImageOfPage":{"@id":"https:\/\/dressyourbody.fr\/fr\/produit\/la-manche-chemisier#primaryimage"},"image":{"@id":"https:\/\/dressyourbody.fr\/fr\/produit\/la-manche-chemisier#primaryimage"},"thumbnailUrl":"https:\/\/dressyourbody.fr\/wp-content\/uploads\/2019\/09\/Manche-chemisier_sans-cadre_logo.png","datePublished":"2018-12-15T17:01:47+00:00","dateModified":"2023-04-23T19:37:24+00:00","description":"Initialement con\u00e7ue pour la chemise \"My Monster\", la manche chemisier peut s'adapter \u00e0 d'autres blouses et chemisiers de la collection DressYourBody. C'est pourquoi vous pouvez t\u00e9l\u00e9charger en PDF la manche chemisier seule! A vous de choisir sur quel v\u00eatement l'adapter!","breadcrumb":{"@id":"https:\/\/dressyourbody.fr\/fr\/produit\/la-manche-chemisier#breadcrumb"},"inLanguage":"fr-FR","potentialAction":[{"@type":"ReadAction","target":["https:\/\/dressyourbody.fr\/fr\/produit\/la-manche-chemisier"]}]},{"@type":"ImageObject","inLanguage":"fr-FR","@id":"https:\/\/dressyourbody.fr\/fr\/produit\/la-manche-chemisier#primaryimage","url":"https:\/\/dressyourbody.fr\/wp-content\/uploads\/2019\/09\/Manche-chemisier_sans-cadre_logo.png","contentUrl":"https:\/\/dressyourbody.fr\/wp-content\/uploads\/2019\/09\/Manche-chemisier_sans-cadre_logo.png","width":574,"height":739,"caption":"Manche chemisier gratuite"},{"@type":"BreadcrumbList","@id":"https:\/\/dressyourbody.fr\/fr\/produit\/la-manche-chemisier#breadcrumb","itemListElement":[{"@type":"ListItem","position":1,"name":"Accueil","item":"https:\/\/dressyourbody.fr\/fr\/"},{"@type":"ListItem","position":2,"name":"LA BOUTIQUE","item":"https:\/\/dressyourbody.fr\/fr\/?page_id=22934"},{"@type":"ListItem","position":3,"name":"La manche chemisier (version pdf)"}]},{"@type":"WebSite","@id":"https:\/\/dressyourbody.fr\/fr\/#website","url":"https:\/\/dressyourbody.fr\/fr\/","name":"DressYourBody","description":"Une collection compl\u00e8te de patrons couture en ligne","publisher":{"@id":"https:\/\/dressyourbody.fr\/fr\/#organization"},"potentialAction":[{"@type":"SearchAction","target":{"@type":"EntryPoint","urlTemplate":"https:\/\/dressyourbody.fr\/fr\/?s={search_term_string}"},"query-input":{"@type":"PropertyValueSpecification","valueRequired":true,"valueName":"search_term_string"}}],"inLanguage":"fr-FR"},{"@type":"Organization","@id":"https:\/\/dressyourbody.fr\/fr\/#organization","name":"DressYourBody.fr","url":"https:\/\/dressyourbody.fr\/fr\/","logo":{"@type":"ImageObject","inLanguage":"fr-FR","@id":"https:\/\/dressyourbody.fr\/fr\/#\/schema\/logo\/image\/","url":"https:\/\/dressyourbody.fr\/wp-content\/uploads\/2018\/07\/Logo-rond.png","contentUrl":"https:\/\/dressyourbody.fr\/wp-content\/uploads\/2018\/07\/Logo-rond.png","width":451,"height":449,"caption":"DressYourBody.fr"},"image":{"@id":"https:\/\/dressyourbody.fr\/fr\/#\/schema\/logo\/image\/"},"sameAs":["https:\/\/www.facebook.com\/dressyourbody.couture\/","https:\/\/www.instagram.com\/dressyourbody.couture\/","https:\/\/www.linkedin.com\/company\/11295981\/","https:\/\/www.pinterest.fr\/dressyourbody\/","https:\/\/www.youtube.com\/channel\/UCD9FR054rT1zUXmwxImG5vA?view_as=subscriber"]}]}},"_links":{"self":[{"href":"https:\/\/dressyourbody.fr\/fr\/wp-json\/wp\/v2\/product\/17721","targetHints":{"allow":["GET"]}}],"collection":[{"href":"https:\/\/dressyourbody.fr\/fr\/wp-json\/wp\/v2\/product"}],"about":[{"href":"https:\/\/dressyourbody.fr\/fr\/wp-json\/wp\/v2\/types\/product"}],"replies":[{"embeddable":true,"href":"https:\/\/dressyourbody.fr\/fr\/wp-json\/wp\/v2\/comments?post=17721"}],"wp:featuredmedia":[{"embeddable":true,"href":"https:\/\/dressyourbody.fr\/fr\/wp-json\/wp\/v2\/media\/19199"}],"wp:attachment":[{"href":"https:\/\/dressyourbody.fr\/fr\/wp-json\/wp\/v2\/media?parent=17721"}],"wp:term":[{"taxonomy":"product_brand","embeddable":true,"href":"https:\/\/dressyourbody.fr\/fr\/wp-json\/wp\/v2\/product_brand?post=17721"},{"taxonomy":"product_cat","embeddable":true,"href":"https:\/\/dressyourbody.fr\/fr\/wp-json\/wp\/v2\/product_cat?post=17721"},{"taxonomy":"product_tag","embeddable":true,"href":"https:\/\/dressyourbody.fr\/fr\/wp-json\/wp\/v2\/product_tag?post=17721"}],"curies":[{"name":"wp","href":"https:\/\/api.w.org\/{rel}","templated":true}]}}