{"id":17468,"date":"2018-10-02T23:17:27","date_gmt":"2018-10-02T21:17:27","guid":{"rendered":"https:\/\/dressyourbody.fr\/?post_type=product&#038;p=17468"},"modified":"2026-04-09T18:54:23","modified_gmt":"2026-04-09T16:54:23","slug":"top-stay-pretty","status":"publish","type":"product","link":"https:\/\/dressyourbody.fr\/fr\/produit\/top-stay-pretty\/","title":{"rendered":"Top Stay pretty"},"content":{"rendered":"<p>Toute simple et f\u00e9minine, j&rsquo;ai pens\u00e9 la blouse Stay pretty pour toutes les personnes qui d\u00e9marrent la couture.<\/p>\n<p>Pas d&rsquo;\u00e9l\u00e9ments techniques compliqu\u00e9s, peu de surpiq\u00fbres, elle r\u00e9pond \u00e0 tous les crit\u00e8res pour faire d&rsquo;elle le patron id\u00e9al pour les d\u00e9butants (<a href=\"https:\/\/dressyourbody.fr\/bien-choisir-son-patron-debutant\" target=\"_blank\" rel=\"noopener noreferrer\">voir les 5 crit\u00e8res qui d\u00e9finissent un bon patron pour d\u00e9buter<\/a>). Et surtout, elle est tr\u00e8s trompeuse puisqu&rsquo;elle est tr\u00e8s loin d&rsquo;\u00eatre basique et elle produit un bel effet.<\/p>\n<p>La jolie d\u00e9coupe sur le devant lui apporte un c\u00f4t\u00e9 recherch\u00e9. Et si vous la voulez moins discr\u00e8te, vous pouvez ajouter un passepoil ou m\u00eame jouer les contrastes avec un tissu de couleur diff\u00e9rente du reste de la blouse.<\/p>\n<p><strong>TAILLES :<\/strong> Planche de patrons allant de la taille 34 \u00e0 50 soit un tour de poitrine du 81 au 116 cm.\u00a0Vous pouvez \u00e9galement vous r\u00e9f\u00e9rer \u00e0 la <a href=\"#popmake-23087\">grille des tailles<\/a>.<\/p>\n<p><strong>TISSU :<\/strong>\u00a0Peut se faire avec toutes sortes de tissu assez l\u00e9ger<\/p>\n<p>Cependant si vous d\u00e9marrez la couture, je vous conseille un tissu simple en coton qui est beaucoup plus simple \u00e0 couper et \u00e0 coudre que d\u2019autres mati\u00e8res. Sur la photo du produit, la blouse est r\u00e9alis\u00e9 en coton coquelicot de la collection Frou-Frou.<\/p>\n<p>Sur la photo en blanc, le tissus est de la double gaze de coton, tr\u00e8s extensible, donc d\u00e9conseill\u00e9e pour d\u00e9marrer!<\/p>\n<p><strong>DIFFICULT\u00c9 :<\/strong> Tous niveaux de couture<\/p>\n<p><strong>D\u00c9TAIL :<\/strong><\/p>\n<ul>\n<li><span style=\"color: #444444;\">Blouse droite<\/span><\/li>\n<li><span style=\"color: #444444;\">D\u00e9coupe devant<\/span><\/li>\n<li><span style=\"color: #444444;\">Encolure finie par une parementure<\/span><\/li>\n<li><span style=\"color: #444444;\">Hauteur Milieu Dos: 59 cm pour la taille 38<\/span><\/li>\n<\/ul>\n<p>&nbsp;<\/p>\n","protected":false},"excerpt":{"rendered":"<p>Toute simple et f\u00e9minine, j&rsquo;ai pens\u00e9 la blouse Stay pretty pour toutes les personnes qui d\u00e9marrent la couture. Pas d&rsquo;\u00e9l\u00e9ments techniques compliqu\u00e9s, peu de surpiq\u00fbres, elle r\u00e9pond \u00e0 tous les crit\u00e8res pour faire d&rsquo;elle le patron id\u00e9al pour les d\u00e9butants (voir les 5 crit\u00e8res qui d\u00e9finissent un bon patron pour d\u00e9buter). Et surtout, elle est <\/p>\n<div><a class=\"zoli-read-more-link\" href=\"https:\/\/dressyourbody.fr\/fr\/produit\/top-stay-pretty\/\">Read More<span class=\"lexus-icon-Icon_Next\"><\/span><\/a><\/div>\n","protected":false},"featured_media":17470,"comment_status":"open","ping_status":"closed","template":"","meta":{"_acf_changed":false},"product_brand":[1278],"product_cat":[1234],"product_tag":[1035],"class_list":{"0":"post-17468","1":"product","2":"type-product","3":"status-publish","4":"has-post-thumbnail","6":"product_brand-dressyourbody","7":"product_cat-tops","8":"product_tag-blouse","9":"product_shipping_class-standard-shipping","10":"pa_difficulte-debutant","11":"pa_formatpatron-patron-pdf-format-a4-a0","12":"pa_formatpatron-patronpochette","14":"first","15":"instock","16":"shipping-taxable","17":"purchasable","18":"product-type-variable"},"acf":[],"yoast_head":"<!-- This site is optimized with the Yoast SEO plugin v27.3 - https:\/\/yoast.com\/product\/yoast-seo-wordpress\/ -->\n<title>Top STAY PRETTY - DressYourBody - Patron de couture T34 \u00e0 50<\/title>\n<meta name=\"description\" content=\"Le top Stay pretty r\u00e9pond \u00e0 tous les crit\u00e8res pour faire de lui le patron id\u00e9al pour les d\u00e9butants. Une coupe simple peu d&#039;\u00e9l\u00e9ments techniques compliqu\u00e9s.\" \/>\n<meta name=\"robots\" content=\"index, follow, max-snippet:-1, max-image-preview:large, max-video-preview:-1\" \/>\n<link rel=\"canonical\" href=\"https:\/\/dressyourbody.fr\/fr\/produit\/top-stay-pretty\" \/>\n<meta property=\"og:locale\" content=\"fr_FR\" \/>\n<meta property=\"og:type\" content=\"article\" \/>\n<meta property=\"og:title\" content=\"Top STAY PRETTY - DressYourBody - Patron de couture T34 \u00e0 50\" \/>\n<meta property=\"og:description\" content=\"Le top Stay pretty r\u00e9pond \u00e0 tous les crit\u00e8res pour faire de lui le patron id\u00e9al pour les d\u00e9butants. Une coupe simple peu d&#039;\u00e9l\u00e9ments techniques compliqu\u00e9s.\" \/>\n<meta property=\"og:url\" content=\"https:\/\/dressyourbody.fr\/fr\/produit\/top-stay-pretty\" \/>\n<meta property=\"og:site_name\" content=\"DressYourBody\" \/>\n<meta property=\"article:publisher\" content=\"https:\/\/www.facebook.com\/dressyourbody.couture\/\" \/>\n<meta property=\"article:modified_time\" content=\"2026-04-09T16:54:23+00:00\" \/>\n<meta property=\"og:image\" content=\"https:\/\/dressyourbody.fr\/wp-content\/uploads\/2018\/10\/Stay-pretty-X-Frou-Frou-4-scaled.jpg\" \/>\n\t<meta property=\"og:image:width\" content=\"1920\" \/>\n\t<meta property=\"og:image:height\" content=\"2560\" \/>\n\t<meta property=\"og:image:type\" content=\"image\/jpeg\" \/>\n<meta name=\"twitter:card\" content=\"summary_large_image\" \/>\n<meta name=\"twitter:label1\" content=\"Dur\u00e9e de lecture estim\u00e9e\" \/>\n\t<meta name=\"twitter:data1\" content=\"2 minutes\" \/>\n<script type=\"application\/ld+json\" class=\"yoast-schema-graph\">{\"@context\":\"https:\\\/\\\/schema.org\",\"@graph\":[{\"@type\":\"WebPage\",\"@id\":\"https:\\\/\\\/dressyourbody.fr\\\/fr\\\/produit\\\/top-stay-pretty\",\"url\":\"https:\\\/\\\/dressyourbody.fr\\\/fr\\\/produit\\\/top-stay-pretty\",\"name\":\"Top STAY PRETTY - DressYourBody - Patron de couture T34 \u00e0 50\",\"isPartOf\":{\"@id\":\"https:\\\/\\\/dressyourbody.fr\\\/fr\\\/#website\"},\"primaryImageOfPage\":{\"@id\":\"https:\\\/\\\/dressyourbody.fr\\\/fr\\\/produit\\\/top-stay-pretty#primaryimage\"},\"image\":{\"@id\":\"https:\\\/\\\/dressyourbody.fr\\\/fr\\\/produit\\\/top-stay-pretty#primaryimage\"},\"thumbnailUrl\":\"https:\\\/\\\/dressyourbody.fr\\\/wp-content\\\/uploads\\\/2018\\\/10\\\/Stay-pretty-X-Frou-Frou-4-scaled.jpg\",\"datePublished\":\"2018-10-02T21:17:27+00:00\",\"dateModified\":\"2026-04-09T16:54:23+00:00\",\"description\":\"Le top Stay pretty r\u00e9pond \u00e0 tous les crit\u00e8res pour faire de lui le patron id\u00e9al pour les d\u00e9butants. Une coupe simple peu d'\u00e9l\u00e9ments techniques compliqu\u00e9s.\",\"breadcrumb\":{\"@id\":\"https:\\\/\\\/dressyourbody.fr\\\/fr\\\/produit\\\/top-stay-pretty#breadcrumb\"},\"inLanguage\":\"fr-FR\",\"potentialAction\":[{\"@type\":\"ReadAction\",\"target\":[\"https:\\\/\\\/dressyourbody.fr\\\/fr\\\/produit\\\/top-stay-pretty\"]}]},{\"@type\":\"ImageObject\",\"inLanguage\":\"fr-FR\",\"@id\":\"https:\\\/\\\/dressyourbody.fr\\\/fr\\\/produit\\\/top-stay-pretty#primaryimage\",\"url\":\"https:\\\/\\\/dressyourbody.fr\\\/wp-content\\\/uploads\\\/2018\\\/10\\\/Stay-pretty-X-Frou-Frou-4-scaled.jpg\",\"contentUrl\":\"https:\\\/\\\/dressyourbody.fr\\\/wp-content\\\/uploads\\\/2018\\\/10\\\/Stay-pretty-X-Frou-Frou-4-scaled.jpg\",\"width\":1920,\"height\":2560,\"caption\":\"Blouse Stay pretty\"},{\"@type\":\"BreadcrumbList\",\"@id\":\"https:\\\/\\\/dressyourbody.fr\\\/fr\\\/produit\\\/top-stay-pretty#breadcrumb\",\"itemListElement\":[{\"@type\":\"ListItem\",\"position\":1,\"name\":\"Accueil\",\"item\":\"https:\\\/\\\/dressyourbody.fr\\\/fr\\\/\"},{\"@type\":\"ListItem\",\"position\":2,\"name\":\"LA BOUTIQUE\",\"item\":\"https:\\\/\\\/dressyourbody.fr\\\/fr\\\/?page_id=22934\"},{\"@type\":\"ListItem\",\"position\":3,\"name\":\"Top Stay pretty\"}]},{\"@type\":\"WebSite\",\"@id\":\"https:\\\/\\\/dressyourbody.fr\\\/fr\\\/#website\",\"url\":\"https:\\\/\\\/dressyourbody.fr\\\/fr\\\/\",\"name\":\"DressYourBody\",\"description\":\"Une collection compl\u00e8te de patrons couture en ligne\",\"publisher\":{\"@id\":\"https:\\\/\\\/dressyourbody.fr\\\/fr\\\/#organization\"},\"potentialAction\":[{\"@type\":\"SearchAction\",\"target\":{\"@type\":\"EntryPoint\",\"urlTemplate\":\"https:\\\/\\\/dressyourbody.fr\\\/fr\\\/?s={search_term_string}\"},\"query-input\":{\"@type\":\"PropertyValueSpecification\",\"valueRequired\":true,\"valueName\":\"search_term_string\"}}],\"inLanguage\":\"fr-FR\"},{\"@type\":\"Organization\",\"@id\":\"https:\\\/\\\/dressyourbody.fr\\\/fr\\\/#organization\",\"name\":\"DressYourBody.fr\",\"url\":\"https:\\\/\\\/dressyourbody.fr\\\/fr\\\/\",\"logo\":{\"@type\":\"ImageObject\",\"inLanguage\":\"fr-FR\",\"@id\":\"https:\\\/\\\/dressyourbody.fr\\\/fr\\\/#\\\/schema\\\/logo\\\/image\\\/\",\"url\":\"https:\\\/\\\/dressyourbody.fr\\\/wp-content\\\/uploads\\\/2018\\\/07\\\/Logo-rond.png\",\"contentUrl\":\"https:\\\/\\\/dressyourbody.fr\\\/wp-content\\\/uploads\\\/2018\\\/07\\\/Logo-rond.png\",\"width\":451,\"height\":449,\"caption\":\"DressYourBody.fr\"},\"image\":{\"@id\":\"https:\\\/\\\/dressyourbody.fr\\\/fr\\\/#\\\/schema\\\/logo\\\/image\\\/\"},\"sameAs\":[\"https:\\\/\\\/www.facebook.com\\\/dressyourbody.couture\\\/\",\"https:\\\/\\\/www.instagram.com\\\/dressyourbody.couture\\\/\",\"https:\\\/\\\/www.linkedin.com\\\/company\\\/11295981\\\/\",\"https:\\\/\\\/www.pinterest.fr\\\/dressyourbody\\\/\",\"https:\\\/\\\/www.youtube.com\\\/channel\\\/UCD9FR054rT1zUXmwxImG5vA?view_as=subscriber\"]}]}<\/script>\n<!-- \/ Yoast SEO plugin. -->","yoast_head_json":{"title":"Top STAY PRETTY - DressYourBody - Patron de couture T34 \u00e0 50","description":"Le top Stay pretty r\u00e9pond \u00e0 tous les crit\u00e8res pour faire de lui le patron id\u00e9al pour les d\u00e9butants. Une coupe simple peu d'\u00e9l\u00e9ments techniques compliqu\u00e9s.","robots":{"index":"index","follow":"follow","max-snippet":"max-snippet:-1","max-image-preview":"max-image-preview:large","max-video-preview":"max-video-preview:-1"},"canonical":"https:\/\/dressyourbody.fr\/fr\/produit\/top-stay-pretty","og_locale":"fr_FR","og_type":"article","og_title":"Top STAY PRETTY - DressYourBody - Patron de couture T34 \u00e0 50","og_description":"Le top Stay pretty r\u00e9pond \u00e0 tous les crit\u00e8res pour faire de lui le patron id\u00e9al pour les d\u00e9butants. Une coupe simple peu d'\u00e9l\u00e9ments techniques compliqu\u00e9s.","og_url":"https:\/\/dressyourbody.fr\/fr\/produit\/top-stay-pretty","og_site_name":"DressYourBody","article_publisher":"https:\/\/www.facebook.com\/dressyourbody.couture\/","article_modified_time":"2026-04-09T16:54:23+00:00","og_image":[{"width":1920,"height":2560,"url":"https:\/\/dressyourbody.fr\/wp-content\/uploads\/2018\/10\/Stay-pretty-X-Frou-Frou-4-scaled.jpg","type":"image\/jpeg"}],"twitter_card":"summary_large_image","twitter_misc":{"Dur\u00e9e de lecture estim\u00e9e":"2 minutes"},"schema":{"@context":"https:\/\/schema.org","@graph":[{"@type":"WebPage","@id":"https:\/\/dressyourbody.fr\/fr\/produit\/top-stay-pretty","url":"https:\/\/dressyourbody.fr\/fr\/produit\/top-stay-pretty","name":"Top STAY PRETTY - DressYourBody - Patron de couture T34 \u00e0 50","isPartOf":{"@id":"https:\/\/dressyourbody.fr\/fr\/#website"},"primaryImageOfPage":{"@id":"https:\/\/dressyourbody.fr\/fr\/produit\/top-stay-pretty#primaryimage"},"image":{"@id":"https:\/\/dressyourbody.fr\/fr\/produit\/top-stay-pretty#primaryimage"},"thumbnailUrl":"https:\/\/dressyourbody.fr\/wp-content\/uploads\/2018\/10\/Stay-pretty-X-Frou-Frou-4-scaled.jpg","datePublished":"2018-10-02T21:17:27+00:00","dateModified":"2026-04-09T16:54:23+00:00","description":"Le top Stay pretty r\u00e9pond \u00e0 tous les crit\u00e8res pour faire de lui le patron id\u00e9al pour les d\u00e9butants. Une coupe simple peu d'\u00e9l\u00e9ments techniques compliqu\u00e9s.","breadcrumb":{"@id":"https:\/\/dressyourbody.fr\/fr\/produit\/top-stay-pretty#breadcrumb"},"inLanguage":"fr-FR","potentialAction":[{"@type":"ReadAction","target":["https:\/\/dressyourbody.fr\/fr\/produit\/top-stay-pretty"]}]},{"@type":"ImageObject","inLanguage":"fr-FR","@id":"https:\/\/dressyourbody.fr\/fr\/produit\/top-stay-pretty#primaryimage","url":"https:\/\/dressyourbody.fr\/wp-content\/uploads\/2018\/10\/Stay-pretty-X-Frou-Frou-4-scaled.jpg","contentUrl":"https:\/\/dressyourbody.fr\/wp-content\/uploads\/2018\/10\/Stay-pretty-X-Frou-Frou-4-scaled.jpg","width":1920,"height":2560,"caption":"Blouse Stay pretty"},{"@type":"BreadcrumbList","@id":"https:\/\/dressyourbody.fr\/fr\/produit\/top-stay-pretty#breadcrumb","itemListElement":[{"@type":"ListItem","position":1,"name":"Accueil","item":"https:\/\/dressyourbody.fr\/fr\/"},{"@type":"ListItem","position":2,"name":"LA BOUTIQUE","item":"https:\/\/dressyourbody.fr\/fr\/?page_id=22934"},{"@type":"ListItem","position":3,"name":"Top Stay pretty"}]},{"@type":"WebSite","@id":"https:\/\/dressyourbody.fr\/fr\/#website","url":"https:\/\/dressyourbody.fr\/fr\/","name":"DressYourBody","description":"Une collection compl\u00e8te de patrons couture en ligne","publisher":{"@id":"https:\/\/dressyourbody.fr\/fr\/#organization"},"potentialAction":[{"@type":"SearchAction","target":{"@type":"EntryPoint","urlTemplate":"https:\/\/dressyourbody.fr\/fr\/?s={search_term_string}"},"query-input":{"@type":"PropertyValueSpecification","valueRequired":true,"valueName":"search_term_string"}}],"inLanguage":"fr-FR"},{"@type":"Organization","@id":"https:\/\/dressyourbody.fr\/fr\/#organization","name":"DressYourBody.fr","url":"https:\/\/dressyourbody.fr\/fr\/","logo":{"@type":"ImageObject","inLanguage":"fr-FR","@id":"https:\/\/dressyourbody.fr\/fr\/#\/schema\/logo\/image\/","url":"https:\/\/dressyourbody.fr\/wp-content\/uploads\/2018\/07\/Logo-rond.png","contentUrl":"https:\/\/dressyourbody.fr\/wp-content\/uploads\/2018\/07\/Logo-rond.png","width":451,"height":449,"caption":"DressYourBody.fr"},"image":{"@id":"https:\/\/dressyourbody.fr\/fr\/#\/schema\/logo\/image\/"},"sameAs":["https:\/\/www.facebook.com\/dressyourbody.couture\/","https:\/\/www.instagram.com\/dressyourbody.couture\/","https:\/\/www.linkedin.com\/company\/11295981\/","https:\/\/www.pinterest.fr\/dressyourbody\/","https:\/\/www.youtube.com\/channel\/UCD9FR054rT1zUXmwxImG5vA?view_as=subscriber"]}]}},"_links":{"self":[{"href":"https:\/\/dressyourbody.fr\/fr\/wp-json\/wp\/v2\/product\/17468","targetHints":{"allow":["GET"]}}],"collection":[{"href":"https:\/\/dressyourbody.fr\/fr\/wp-json\/wp\/v2\/product"}],"about":[{"href":"https:\/\/dressyourbody.fr\/fr\/wp-json\/wp\/v2\/types\/product"}],"replies":[{"embeddable":true,"href":"https:\/\/dressyourbody.fr\/fr\/wp-json\/wp\/v2\/comments?post=17468"}],"wp:featuredmedia":[{"embeddable":true,"href":"https:\/\/dressyourbody.fr\/fr\/wp-json\/wp\/v2\/media\/17470"}],"wp:attachment":[{"href":"https:\/\/dressyourbody.fr\/fr\/wp-json\/wp\/v2\/media?parent=17468"}],"wp:term":[{"taxonomy":"product_brand","embeddable":true,"href":"https:\/\/dressyourbody.fr\/fr\/wp-json\/wp\/v2\/product_brand?post=17468"},{"taxonomy":"product_cat","embeddable":true,"href":"https:\/\/dressyourbody.fr\/fr\/wp-json\/wp\/v2\/product_cat?post=17468"},{"taxonomy":"product_tag","embeddable":true,"href":"https:\/\/dressyourbody.fr\/fr\/wp-json\/wp\/v2\/product_tag?post=17468"}],"curies":[{"name":"wp","href":"https:\/\/api.w.org\/{rel}","templated":true}]}}