{"id":15958,"date":"2018-03-04T16:22:43","date_gmt":"2018-03-04T14:22:43","guid":{"rendered":"https:\/\/dressyourbody.fr\/fr\/?post_type=product&#038;p=15958"},"modified":"2026-04-12T15:23:12","modified_gmt":"2026-04-12T13:23:12","slug":"blouse-walk-like-me","status":"publish","type":"product","link":"https:\/\/dressyourbody.fr\/fr\/produit\/blouse-walk-like-me\/","title":{"rendered":"Blouse Walk like me"},"content":{"rendered":"<p>Petite s\u0153ur de la blouse Follow me, on garde l&rsquo;inspiration romantique avec le volant fronc\u00e9 dos et devant mais exit le petit col montant et la patte de boutonnage cach\u00e9e. Avec ses manches droites 3\/4 et son encolure finie par un biais, c&rsquo;est une couture facile pour une jolie blouse \u00e0 porter en toute occasion!<\/p>\n<p>Et petite astuce, si vous choisissez un tissu \u00e0 carreaux par exemple, pensez que les empi\u00e8cements devant et dos peuvent \u00eatre coup\u00e9s \u00e9galement dans le biais &#8230; cela vous \u00e9vitera les raccords \ud83d\ude09 et donnera un effet visuel tr\u00e8s sympa (cf photos de la blouse \u00ab\u00a0Follow me\u00a0\u00bb).<\/p>\n<p>La blouse Walk like me est compatible avec le <a href=\"https:\/\/dressyourbody.fr\/categorie-produit\/manches\" target=\"_blank\" rel=\"noopener noreferrer\">\u00ab\u00a0Bar \u00e0 manches\u00a0\u00bb<\/a>. Alors n&rsquo;h\u00e9sitez pas \u00e0 mixer les styles avec les manches 3\/4 \u00e0 fronces ou la manche chemisier par exemple!<\/p>\n<p><strong>TAILLES :<\/strong> planche de patrons allant de la taille 34 \u00e0 46 soit un tour de poitrine du 81 au 108 cm. Vous pouvez \u00e9galement vous r\u00e9f\u00e9rer \u00e0 la <a href=\"#popmake-23087\">grille des tailles<\/a>.<\/p>\n<p><strong>TISSU :<\/strong> Beaucoup de tissus peuvent convenir mais \u00e9viter toutefois des tissus trop \u00e9pais qui donneraient trop de volume avec la bande de fronces. Vous pouvez donc choisir une cotonnade, de la viscose, du lin, de la soie\u2026<\/p>\n<p><strong>DIFFICULT\u00c9 :<\/strong> Niveau interm\u00e9diaire<\/p>\n<p><strong>D\u00c9TAIL :<\/strong><\/p>\n<ul>\n<li>Col arrondi fini par un biais<\/li>\n<li>Bande fronc\u00e9e sur le devant et le dos<\/li>\n<li>Manches 3\/4 simples<\/li>\n<li>Pas de pince poitrine<\/li>\n<\/ul>\n","protected":false},"excerpt":{"rendered":"<p>&nbsp;<\/p>\n<p><span style=\"color: #ffffff;\"><strong>PATRON :\u00a0<\/strong><\/span><\/p>\n<p><span style=\"color: #ffffff;\">Tailles 34 \u00e0 44<\/span><\/p>\n<p><span style=\"color: #ffffff;\">Niveau interm\u00e9diaire<\/span> <\/p>\n<div><a class=\"zoli-read-more-link\" href=\"https:\/\/dressyourbody.fr\/fr\/produit\/blouse-walk-like-me\/\">Read More<span class=\"lexus-icon-Icon_Next\"><\/span><\/a><\/div>\n","protected":false},"featured_media":15957,"comment_status":"open","ping_status":"closed","template":"","meta":{"_acf_changed":false},"product_brand":[1278],"product_cat":[1234],"product_tag":[],"class_list":{"0":"post-15958","1":"product","2":"type-product","3":"status-publish","4":"has-post-thumbnail","6":"product_brand-dressyourbody","7":"product_cat-tops","8":"product_shipping_class-standard-shipping","9":"pa_difficulte-moyen","10":"pa_formatpatron-patron-pdf-format-a4-a0","11":"pa_formatpatron-patronpochette","12":"pa_formatpatron-supplement-plastron-gratuit","14":"first","15":"outofstock","16":"shipping-taxable","17":"purchasable","18":"product-type-variable","19":"has-default-attributes"},"acf":[],"yoast_head":"<!-- This site is optimized with the Yoast SEO plugin v27.3 - https:\/\/yoast.com\/product\/yoast-seo-wordpress\/ -->\n<title>Blouse WALK LIKE ME - DressYourBody - Patron de couture femme.<\/title>\n<meta name=\"description\" content=\"La blouse Walk like me est jolie blouse toute simple, agr\u00e9ment\u00e9e d&#039;un petit volant dos et devant qui lui apporte une petite touche romantique.\" \/>\n<meta name=\"robots\" content=\"index, follow, max-snippet:-1, max-image-preview:large, max-video-preview:-1\" \/>\n<link rel=\"canonical\" href=\"https:\/\/dressyourbody.fr\/fr\/produit\/blouse-walk-like-me\/\" \/>\n<meta property=\"og:locale\" content=\"fr_FR\" \/>\n<meta property=\"og:type\" content=\"article\" \/>\n<meta property=\"og:title\" content=\"Blouse WALK LIKE ME - DressYourBody - Patron de couture femme.\" \/>\n<meta property=\"og:description\" content=\"La blouse Walk like me est jolie blouse toute simple, agr\u00e9ment\u00e9e d&#039;un petit volant dos et devant qui lui apporte une petite touche romantique.\" \/>\n<meta property=\"og:url\" content=\"https:\/\/dressyourbody.fr\/fr\/produit\/blouse-walk-like-me\/\" \/>\n<meta property=\"og:site_name\" content=\"DressYourBody\" \/>\n<meta property=\"article:publisher\" content=\"https:\/\/www.facebook.com\/dressyourbody.couture\/\" \/>\n<meta property=\"article:modified_time\" content=\"2026-04-12T13:23:12+00:00\" \/>\n<meta property=\"og:image\" content=\"https:\/\/dressyourbody.fr\/wp-content\/uploads\/2018\/02\/DSC03626-2.jpg\" \/>\n\t<meta property=\"og:image:width\" content=\"1520\" \/>\n\t<meta property=\"og:image:height\" content=\"2288\" \/>\n\t<meta property=\"og:image:type\" content=\"image\/jpeg\" \/>\n<meta name=\"twitter:card\" content=\"summary_large_image\" \/>\n<meta name=\"twitter:label1\" content=\"Dur\u00e9e de lecture estim\u00e9e\" \/>\n\t<meta name=\"twitter:data1\" content=\"2 minutes\" \/>\n<script type=\"application\/ld+json\" class=\"yoast-schema-graph\">{\"@context\":\"https:\\\/\\\/schema.org\",\"@graph\":[{\"@type\":\"WebPage\",\"@id\":\"https:\\\/\\\/dressyourbody.fr\\\/fr\\\/produit\\\/blouse-walk-like-me\\\/\",\"url\":\"https:\\\/\\\/dressyourbody.fr\\\/fr\\\/produit\\\/blouse-walk-like-me\\\/\",\"name\":\"Blouse WALK LIKE ME - DressYourBody - Patron de couture femme.\",\"isPartOf\":{\"@id\":\"https:\\\/\\\/dressyourbody.fr\\\/fr\\\/#website\"},\"primaryImageOfPage\":{\"@id\":\"https:\\\/\\\/dressyourbody.fr\\\/fr\\\/produit\\\/blouse-walk-like-me\\\/#primaryimage\"},\"image\":{\"@id\":\"https:\\\/\\\/dressyourbody.fr\\\/fr\\\/produit\\\/blouse-walk-like-me\\\/#primaryimage\"},\"thumbnailUrl\":\"https:\\\/\\\/dressyourbody.fr\\\/wp-content\\\/uploads\\\/2018\\\/02\\\/DSC03626-2.jpg\",\"datePublished\":\"2018-03-04T14:22:43+00:00\",\"dateModified\":\"2026-04-12T13:23:12+00:00\",\"description\":\"La blouse Walk like me est jolie blouse toute simple, agr\u00e9ment\u00e9e d'un petit volant dos et devant qui lui apporte une petite touche romantique.\",\"breadcrumb\":{\"@id\":\"https:\\\/\\\/dressyourbody.fr\\\/fr\\\/produit\\\/blouse-walk-like-me\\\/#breadcrumb\"},\"inLanguage\":\"fr-FR\",\"potentialAction\":[{\"@type\":\"ReadAction\",\"target\":[\"https:\\\/\\\/dressyourbody.fr\\\/fr\\\/produit\\\/blouse-walk-like-me\\\/\"]}]},{\"@type\":\"ImageObject\",\"inLanguage\":\"fr-FR\",\"@id\":\"https:\\\/\\\/dressyourbody.fr\\\/fr\\\/produit\\\/blouse-walk-like-me\\\/#primaryimage\",\"url\":\"https:\\\/\\\/dressyourbody.fr\\\/wp-content\\\/uploads\\\/2018\\\/02\\\/DSC03626-2.jpg\",\"contentUrl\":\"https:\\\/\\\/dressyourbody.fr\\\/wp-content\\\/uploads\\\/2018\\\/02\\\/DSC03626-2.jpg\",\"width\":1520,\"height\":2288,\"caption\":\"Top Walk like me\"},{\"@type\":\"BreadcrumbList\",\"@id\":\"https:\\\/\\\/dressyourbody.fr\\\/fr\\\/produit\\\/blouse-walk-like-me\\\/#breadcrumb\",\"itemListElement\":[{\"@type\":\"ListItem\",\"position\":1,\"name\":\"Accueil\",\"item\":\"https:\\\/\\\/dressyourbody.fr\\\/fr\\\/\"},{\"@type\":\"ListItem\",\"position\":2,\"name\":\"LA BOUTIQUE\",\"item\":\"https:\\\/\\\/dressyourbody.fr\\\/fr\\\/?page_id=22934\"},{\"@type\":\"ListItem\",\"position\":3,\"name\":\"Blouse Walk like me\"}]},{\"@type\":\"WebSite\",\"@id\":\"https:\\\/\\\/dressyourbody.fr\\\/fr\\\/#website\",\"url\":\"https:\\\/\\\/dressyourbody.fr\\\/fr\\\/\",\"name\":\"DressYourBody\",\"description\":\"Une collection compl\u00e8te de patrons couture en ligne\",\"publisher\":{\"@id\":\"https:\\\/\\\/dressyourbody.fr\\\/fr\\\/#organization\"},\"potentialAction\":[{\"@type\":\"SearchAction\",\"target\":{\"@type\":\"EntryPoint\",\"urlTemplate\":\"https:\\\/\\\/dressyourbody.fr\\\/fr\\\/?s={search_term_string}\"},\"query-input\":{\"@type\":\"PropertyValueSpecification\",\"valueRequired\":true,\"valueName\":\"search_term_string\"}}],\"inLanguage\":\"fr-FR\"},{\"@type\":\"Organization\",\"@id\":\"https:\\\/\\\/dressyourbody.fr\\\/fr\\\/#organization\",\"name\":\"DressYourBody.fr\",\"url\":\"https:\\\/\\\/dressyourbody.fr\\\/fr\\\/\",\"logo\":{\"@type\":\"ImageObject\",\"inLanguage\":\"fr-FR\",\"@id\":\"https:\\\/\\\/dressyourbody.fr\\\/fr\\\/#\\\/schema\\\/logo\\\/image\\\/\",\"url\":\"https:\\\/\\\/dressyourbody.fr\\\/wp-content\\\/uploads\\\/2018\\\/07\\\/Logo-rond.png\",\"contentUrl\":\"https:\\\/\\\/dressyourbody.fr\\\/wp-content\\\/uploads\\\/2018\\\/07\\\/Logo-rond.png\",\"width\":451,\"height\":449,\"caption\":\"DressYourBody.fr\"},\"image\":{\"@id\":\"https:\\\/\\\/dressyourbody.fr\\\/fr\\\/#\\\/schema\\\/logo\\\/image\\\/\"},\"sameAs\":[\"https:\\\/\\\/www.facebook.com\\\/dressyourbody.couture\\\/\",\"https:\\\/\\\/www.instagram.com\\\/dressyourbody.couture\\\/\",\"https:\\\/\\\/www.linkedin.com\\\/company\\\/11295981\\\/\",\"https:\\\/\\\/www.pinterest.fr\\\/dressyourbody\\\/\",\"https:\\\/\\\/www.youtube.com\\\/channel\\\/UCD9FR054rT1zUXmwxImG5vA?view_as=subscriber\"]}]}<\/script>\n<!-- \/ Yoast SEO plugin. -->","yoast_head_json":{"title":"Blouse WALK LIKE ME - DressYourBody - Patron de couture femme.","description":"La blouse Walk like me est jolie blouse toute simple, agr\u00e9ment\u00e9e d'un petit volant dos et devant qui lui apporte une petite touche romantique.","robots":{"index":"index","follow":"follow","max-snippet":"max-snippet:-1","max-image-preview":"max-image-preview:large","max-video-preview":"max-video-preview:-1"},"canonical":"https:\/\/dressyourbody.fr\/fr\/produit\/blouse-walk-like-me\/","og_locale":"fr_FR","og_type":"article","og_title":"Blouse WALK LIKE ME - DressYourBody - Patron de couture femme.","og_description":"La blouse Walk like me est jolie blouse toute simple, agr\u00e9ment\u00e9e d'un petit volant dos et devant qui lui apporte une petite touche romantique.","og_url":"https:\/\/dressyourbody.fr\/fr\/produit\/blouse-walk-like-me\/","og_site_name":"DressYourBody","article_publisher":"https:\/\/www.facebook.com\/dressyourbody.couture\/","article_modified_time":"2026-04-12T13:23:12+00:00","og_image":[{"width":1520,"height":2288,"url":"https:\/\/dressyourbody.fr\/wp-content\/uploads\/2018\/02\/DSC03626-2.jpg","type":"image\/jpeg"}],"twitter_card":"summary_large_image","twitter_misc":{"Dur\u00e9e de lecture estim\u00e9e":"2 minutes"},"schema":{"@context":"https:\/\/schema.org","@graph":[{"@type":"WebPage","@id":"https:\/\/dressyourbody.fr\/fr\/produit\/blouse-walk-like-me\/","url":"https:\/\/dressyourbody.fr\/fr\/produit\/blouse-walk-like-me\/","name":"Blouse WALK LIKE ME - DressYourBody - Patron de couture femme.","isPartOf":{"@id":"https:\/\/dressyourbody.fr\/fr\/#website"},"primaryImageOfPage":{"@id":"https:\/\/dressyourbody.fr\/fr\/produit\/blouse-walk-like-me\/#primaryimage"},"image":{"@id":"https:\/\/dressyourbody.fr\/fr\/produit\/blouse-walk-like-me\/#primaryimage"},"thumbnailUrl":"https:\/\/dressyourbody.fr\/wp-content\/uploads\/2018\/02\/DSC03626-2.jpg","datePublished":"2018-03-04T14:22:43+00:00","dateModified":"2026-04-12T13:23:12+00:00","description":"La blouse Walk like me est jolie blouse toute simple, agr\u00e9ment\u00e9e d'un petit volant dos et devant qui lui apporte une petite touche romantique.","breadcrumb":{"@id":"https:\/\/dressyourbody.fr\/fr\/produit\/blouse-walk-like-me\/#breadcrumb"},"inLanguage":"fr-FR","potentialAction":[{"@type":"ReadAction","target":["https:\/\/dressyourbody.fr\/fr\/produit\/blouse-walk-like-me\/"]}]},{"@type":"ImageObject","inLanguage":"fr-FR","@id":"https:\/\/dressyourbody.fr\/fr\/produit\/blouse-walk-like-me\/#primaryimage","url":"https:\/\/dressyourbody.fr\/wp-content\/uploads\/2018\/02\/DSC03626-2.jpg","contentUrl":"https:\/\/dressyourbody.fr\/wp-content\/uploads\/2018\/02\/DSC03626-2.jpg","width":1520,"height":2288,"caption":"Top Walk like me"},{"@type":"BreadcrumbList","@id":"https:\/\/dressyourbody.fr\/fr\/produit\/blouse-walk-like-me\/#breadcrumb","itemListElement":[{"@type":"ListItem","position":1,"name":"Accueil","item":"https:\/\/dressyourbody.fr\/fr\/"},{"@type":"ListItem","position":2,"name":"LA BOUTIQUE","item":"https:\/\/dressyourbody.fr\/fr\/?page_id=22934"},{"@type":"ListItem","position":3,"name":"Blouse Walk like me"}]},{"@type":"WebSite","@id":"https:\/\/dressyourbody.fr\/fr\/#website","url":"https:\/\/dressyourbody.fr\/fr\/","name":"DressYourBody","description":"Une collection compl\u00e8te de patrons couture en ligne","publisher":{"@id":"https:\/\/dressyourbody.fr\/fr\/#organization"},"potentialAction":[{"@type":"SearchAction","target":{"@type":"EntryPoint","urlTemplate":"https:\/\/dressyourbody.fr\/fr\/?s={search_term_string}"},"query-input":{"@type":"PropertyValueSpecification","valueRequired":true,"valueName":"search_term_string"}}],"inLanguage":"fr-FR"},{"@type":"Organization","@id":"https:\/\/dressyourbody.fr\/fr\/#organization","name":"DressYourBody.fr","url":"https:\/\/dressyourbody.fr\/fr\/","logo":{"@type":"ImageObject","inLanguage":"fr-FR","@id":"https:\/\/dressyourbody.fr\/fr\/#\/schema\/logo\/image\/","url":"https:\/\/dressyourbody.fr\/wp-content\/uploads\/2018\/07\/Logo-rond.png","contentUrl":"https:\/\/dressyourbody.fr\/wp-content\/uploads\/2018\/07\/Logo-rond.png","width":451,"height":449,"caption":"DressYourBody.fr"},"image":{"@id":"https:\/\/dressyourbody.fr\/fr\/#\/schema\/logo\/image\/"},"sameAs":["https:\/\/www.facebook.com\/dressyourbody.couture\/","https:\/\/www.instagram.com\/dressyourbody.couture\/","https:\/\/www.linkedin.com\/company\/11295981\/","https:\/\/www.pinterest.fr\/dressyourbody\/","https:\/\/www.youtube.com\/channel\/UCD9FR054rT1zUXmwxImG5vA?view_as=subscriber"]}]}},"_links":{"self":[{"href":"https:\/\/dressyourbody.fr\/fr\/wp-json\/wp\/v2\/product\/15958","targetHints":{"allow":["GET"]}}],"collection":[{"href":"https:\/\/dressyourbody.fr\/fr\/wp-json\/wp\/v2\/product"}],"about":[{"href":"https:\/\/dressyourbody.fr\/fr\/wp-json\/wp\/v2\/types\/product"}],"replies":[{"embeddable":true,"href":"https:\/\/dressyourbody.fr\/fr\/wp-json\/wp\/v2\/comments?post=15958"}],"wp:featuredmedia":[{"embeddable":true,"href":"https:\/\/dressyourbody.fr\/fr\/wp-json\/wp\/v2\/media\/15957"}],"wp:attachment":[{"href":"https:\/\/dressyourbody.fr\/fr\/wp-json\/wp\/v2\/media?parent=15958"}],"wp:term":[{"taxonomy":"product_brand","embeddable":true,"href":"https:\/\/dressyourbody.fr\/fr\/wp-json\/wp\/v2\/product_brand?post=15958"},{"taxonomy":"product_cat","embeddable":true,"href":"https:\/\/dressyourbody.fr\/fr\/wp-json\/wp\/v2\/product_cat?post=15958"},{"taxonomy":"product_tag","embeddable":true,"href":"https:\/\/dressyourbody.fr\/fr\/wp-json\/wp\/v2\/product_tag?post=15958"}],"curies":[{"name":"wp","href":"https:\/\/api.w.org\/{rel}","templated":true}]}}