{"id":15907,"date":"2018-02-22T16:53:06","date_gmt":"2018-02-22T14:53:06","guid":{"rendered":"https:\/\/dressyourbody.fr\/fr\/?post_type=product&#038;p=15907"},"modified":"2026-04-12T15:23:22","modified_gmt":"2026-04-12T13:23:22","slug":"blouse-follow-me","status":"publish","type":"product","link":"https:\/\/dressyourbody.fr\/fr\/produit\/blouse-follow-me\/","title":{"rendered":"Blouse Follow me"},"content":{"rendered":"<p>Une inspiration tr\u00e8s romantique pour cette jolie blouse avec son volant fronc\u00e9 dos et devant et son petit col montant.<\/p>\n<p>Fronces encore en bas des manches 3\/4 &#8230; et oui, d\u00e9cid\u00e9ment j&rsquo;aime bien les fronces!<\/p>\n<p>En fonction de votre tissu et de son motif, les empi\u00e8cements devant et dos peuvent \u00eatre coup\u00e9s dans le droit fil ou dans le biais, cela donnera un effet visuel diff\u00e9rent. En tout cas, pour les carreaux, je recommande vivement la coupe dans le biais qui vous simplifiera la vie pour les raccords \ud83d\ude09 et ajoutera un effet est sympa.<\/p>\n<p>Sinon la coupe de la blouse est une coupe assez droite donc agr\u00e9able \u00e0 porter, sur un jeans ou un pantalon \u00ab\u00a0patte d&rsquo;\u00e9ph\u00a0\u00bb en velours par exemple pour un look plus r\u00e9tro.<\/p>\n<p>La blouse \u00ab\u00a0Follow me\u00a0\u00bb est compatible avec le <a href=\"https:\/\/dressyourbody.fr\/categorie-produit\/manches\" target=\"_blank\" rel=\"noopener noreferrer\">\u00ab\u00a0Bar \u00e0 manches\u00a0\u00bb<\/a>. Alors n&rsquo;h\u00e9sitez pas \u00e0 mixer les styles avec les manches 3\/4 \u00e0 fronces ou la manche chemisier par exemple!<\/p>\n<p><strong>TAILLES :<\/strong> planche de patrons allant de la taille 34 \u00e0 46 soit un tour de poitrine allant de 81 \u00e0 108 cm.\u00a0Vous pouvez \u00e9galement vous r\u00e9f\u00e9rer \u00e0 la <a href=\"#popmake-23087\">grille des tailles<\/a>.<\/p>\n<p><strong>TISSU :<\/strong> Tout type de tissu mais pas trop \u00e9pais pour \u00e9viter trop de volume avec la bande de fronces: cotonnade, viscose, soie\u2026 R\u00e9alis\u00e9 ici avec un Twill viscose \u00e9cossais de chez France Duval-Stalla dont j\u2019adore le discret fil de lurex qui vient \u00e9gayer l\u2019ensemble.<\/p>\n<p><strong>DIFFICULT\u00c9 :<\/strong> niveau exp\u00e9riment\u00e9.<\/p>\n<p>J&rsquo;ai class\u00e9 le patron dans la cat\u00e9gorie \u00ab\u00a0couturi\u00e8res confirm\u00e9es\u00a0\u00bb car avec le col, la patte de boutonnage et les manches il y a quand m\u00eame un peu de travail mais absolument rien d&rsquo;insurmontable. Et \u00e7a vaut le coup vous ne trouvez pas?!<\/p>\n<p><strong>D\u00c9TAIL :<\/strong><\/p>\n<ul>\n<li>Col Mao boutonn\u00e9 sur l\u2019arri\u00e8re<\/li>\n<li>Patte de boutonnage cach\u00e9e sur l\u2019arri\u00e8re<\/li>\n<li>Bande fronc\u00e9e sur le devant et le dos<\/li>\n<li>Manches 3\/4 fronc\u00e9es avec fente ind\u00e9chirable<\/li>\n<li>Pas de pince poitrine<\/li>\n<\/ul>\n","protected":false},"excerpt":{"rendered":"<p>&nbsp;<\/p>\n<p><span style=\"color: #ffffff;\"><strong>PATRON :\u00a0<\/strong><\/span><\/p>\n<p><span style=\"color: #ffffff;\">Tailles 34 \u00e0 44<\/span><\/p>\n<p><span style=\"color: #ffffff;\">Niveau exp\u00e9riment\u00e9<\/span> <\/p>\n<div><a class=\"zoli-read-more-link\" href=\"https:\/\/dressyourbody.fr\/fr\/produit\/blouse-follow-me\/\">Read More<span class=\"lexus-icon-Icon_Next\"><\/span><\/a><\/div>\n","protected":false},"featured_media":15917,"comment_status":"open","ping_status":"closed","template":"","meta":{"_acf_changed":false},"product_brand":[1278],"product_cat":[1234],"product_tag":[],"class_list":{"0":"post-15907","1":"product","2":"type-product","3":"status-publish","4":"has-post-thumbnail","6":"product_brand-dressyourbody","7":"product_cat-tops","8":"product_shipping_class-standard-shipping","9":"pa_difficulte-expert","10":"pa_formatpatron-patron-pdf-format-a4-a0","11":"pa_formatpatron-patronpochette","12":"pa_formatpatron-supplement-plastron-gratuit","14":"first","15":"outofstock","16":"shipping-taxable","17":"purchasable","18":"product-type-variable"},"acf":[],"yoast_head":"<!-- This site is optimized with the Yoast SEO plugin v27.3 - https:\/\/yoast.com\/product\/yoast-seo-wordpress\/ -->\n<title>Blouse FOLLOW ME - DressYourBody - Patron de couture femme.<\/title>\n<meta name=\"description\" content=\"Une blouse Follow me d&#039;inspiration romantique avec son volant fronc\u00e9 devant et dos, son petit col montant, et sa patte de boutonnage cach\u00e9e.\" \/>\n<meta name=\"robots\" content=\"index, follow, max-snippet:-1, max-image-preview:large, max-video-preview:-1\" \/>\n<link rel=\"canonical\" href=\"https:\/\/dressyourbody.fr\/fr\/produit\/blouse-follow-me\/\" \/>\n<meta property=\"og:locale\" content=\"fr_FR\" \/>\n<meta property=\"og:type\" content=\"article\" \/>\n<meta property=\"og:title\" content=\"Blouse FOLLOW ME - DressYourBody - Patron de couture femme.\" \/>\n<meta property=\"og:description\" content=\"Une blouse Follow me d&#039;inspiration romantique avec son volant fronc\u00e9 devant et dos, son petit col montant, et sa patte de boutonnage cach\u00e9e.\" \/>\n<meta property=\"og:url\" content=\"https:\/\/dressyourbody.fr\/fr\/produit\/blouse-follow-me\/\" \/>\n<meta property=\"og:site_name\" content=\"DressYourBody\" \/>\n<meta property=\"article:publisher\" content=\"https:\/\/www.facebook.com\/dressyourbody.couture\/\" \/>\n<meta property=\"article:modified_time\" content=\"2026-04-12T13:23:22+00:00\" \/>\n<meta property=\"og:image\" content=\"https:\/\/dressyourbody.fr\/wp-content\/uploads\/2018\/02\/DSC03597-e1519318051869.jpg\" \/>\n\t<meta property=\"og:image:width\" content=\"1520\" \/>\n\t<meta property=\"og:image:height\" content=\"2288\" \/>\n\t<meta property=\"og:image:type\" content=\"image\/jpeg\" \/>\n<meta name=\"twitter:card\" content=\"summary_large_image\" \/>\n<meta name=\"twitter:label1\" content=\"Dur\u00e9e de lecture estim\u00e9e\" \/>\n\t<meta name=\"twitter:data1\" content=\"2 minutes\" \/>\n<script type=\"application\/ld+json\" class=\"yoast-schema-graph\">{\"@context\":\"https:\\\/\\\/schema.org\",\"@graph\":[{\"@type\":\"WebPage\",\"@id\":\"https:\\\/\\\/dressyourbody.fr\\\/fr\\\/produit\\\/blouse-follow-me\\\/\",\"url\":\"https:\\\/\\\/dressyourbody.fr\\\/fr\\\/produit\\\/blouse-follow-me\\\/\",\"name\":\"Blouse FOLLOW ME - DressYourBody - Patron de couture femme.\",\"isPartOf\":{\"@id\":\"https:\\\/\\\/dressyourbody.fr\\\/fr\\\/#website\"},\"primaryImageOfPage\":{\"@id\":\"https:\\\/\\\/dressyourbody.fr\\\/fr\\\/produit\\\/blouse-follow-me\\\/#primaryimage\"},\"image\":{\"@id\":\"https:\\\/\\\/dressyourbody.fr\\\/fr\\\/produit\\\/blouse-follow-me\\\/#primaryimage\"},\"thumbnailUrl\":\"https:\\\/\\\/dressyourbody.fr\\\/wp-content\\\/uploads\\\/2018\\\/02\\\/DSC03597-e1519318051869.jpg\",\"datePublished\":\"2018-02-22T14:53:06+00:00\",\"dateModified\":\"2026-04-12T13:23:22+00:00\",\"description\":\"Une blouse Follow me d'inspiration romantique avec son volant fronc\u00e9 devant et dos, son petit col montant, et sa patte de boutonnage cach\u00e9e.\",\"breadcrumb\":{\"@id\":\"https:\\\/\\\/dressyourbody.fr\\\/fr\\\/produit\\\/blouse-follow-me\\\/#breadcrumb\"},\"inLanguage\":\"fr-FR\",\"potentialAction\":[{\"@type\":\"ReadAction\",\"target\":[\"https:\\\/\\\/dressyourbody.fr\\\/fr\\\/produit\\\/blouse-follow-me\\\/\"]}]},{\"@type\":\"ImageObject\",\"inLanguage\":\"fr-FR\",\"@id\":\"https:\\\/\\\/dressyourbody.fr\\\/fr\\\/produit\\\/blouse-follow-me\\\/#primaryimage\",\"url\":\"https:\\\/\\\/dressyourbody.fr\\\/wp-content\\\/uploads\\\/2018\\\/02\\\/DSC03597-e1519318051869.jpg\",\"contentUrl\":\"https:\\\/\\\/dressyourbody.fr\\\/wp-content\\\/uploads\\\/2018\\\/02\\\/DSC03597-e1519318051869.jpg\",\"width\":1520,\"height\":2288,\"caption\":\"Top Follow me\"},{\"@type\":\"BreadcrumbList\",\"@id\":\"https:\\\/\\\/dressyourbody.fr\\\/fr\\\/produit\\\/blouse-follow-me\\\/#breadcrumb\",\"itemListElement\":[{\"@type\":\"ListItem\",\"position\":1,\"name\":\"Accueil\",\"item\":\"https:\\\/\\\/dressyourbody.fr\\\/fr\\\/\"},{\"@type\":\"ListItem\",\"position\":2,\"name\":\"LA BOUTIQUE\",\"item\":\"https:\\\/\\\/dressyourbody.fr\\\/fr\\\/?page_id=22934\"},{\"@type\":\"ListItem\",\"position\":3,\"name\":\"Blouse Follow me\"}]},{\"@type\":\"WebSite\",\"@id\":\"https:\\\/\\\/dressyourbody.fr\\\/fr\\\/#website\",\"url\":\"https:\\\/\\\/dressyourbody.fr\\\/fr\\\/\",\"name\":\"DressYourBody\",\"description\":\"Une collection compl\u00e8te de patrons couture en ligne\",\"publisher\":{\"@id\":\"https:\\\/\\\/dressyourbody.fr\\\/fr\\\/#organization\"},\"potentialAction\":[{\"@type\":\"SearchAction\",\"target\":{\"@type\":\"EntryPoint\",\"urlTemplate\":\"https:\\\/\\\/dressyourbody.fr\\\/fr\\\/?s={search_term_string}\"},\"query-input\":{\"@type\":\"PropertyValueSpecification\",\"valueRequired\":true,\"valueName\":\"search_term_string\"}}],\"inLanguage\":\"fr-FR\"},{\"@type\":\"Organization\",\"@id\":\"https:\\\/\\\/dressyourbody.fr\\\/fr\\\/#organization\",\"name\":\"DressYourBody.fr\",\"url\":\"https:\\\/\\\/dressyourbody.fr\\\/fr\\\/\",\"logo\":{\"@type\":\"ImageObject\",\"inLanguage\":\"fr-FR\",\"@id\":\"https:\\\/\\\/dressyourbody.fr\\\/fr\\\/#\\\/schema\\\/logo\\\/image\\\/\",\"url\":\"https:\\\/\\\/dressyourbody.fr\\\/wp-content\\\/uploads\\\/2018\\\/07\\\/Logo-rond.png\",\"contentUrl\":\"https:\\\/\\\/dressyourbody.fr\\\/wp-content\\\/uploads\\\/2018\\\/07\\\/Logo-rond.png\",\"width\":451,\"height\":449,\"caption\":\"DressYourBody.fr\"},\"image\":{\"@id\":\"https:\\\/\\\/dressyourbody.fr\\\/fr\\\/#\\\/schema\\\/logo\\\/image\\\/\"},\"sameAs\":[\"https:\\\/\\\/www.facebook.com\\\/dressyourbody.couture\\\/\",\"https:\\\/\\\/www.instagram.com\\\/dressyourbody.couture\\\/\",\"https:\\\/\\\/www.linkedin.com\\\/company\\\/11295981\\\/\",\"https:\\\/\\\/www.pinterest.fr\\\/dressyourbody\\\/\",\"https:\\\/\\\/www.youtube.com\\\/channel\\\/UCD9FR054rT1zUXmwxImG5vA?view_as=subscriber\"]}]}<\/script>\n<!-- \/ Yoast SEO plugin. -->","yoast_head_json":{"title":"Blouse FOLLOW ME - DressYourBody - Patron de couture femme.","description":"Une blouse Follow me d'inspiration romantique avec son volant fronc\u00e9 devant et dos, son petit col montant, et sa patte de boutonnage cach\u00e9e.","robots":{"index":"index","follow":"follow","max-snippet":"max-snippet:-1","max-image-preview":"max-image-preview:large","max-video-preview":"max-video-preview:-1"},"canonical":"https:\/\/dressyourbody.fr\/fr\/produit\/blouse-follow-me\/","og_locale":"fr_FR","og_type":"article","og_title":"Blouse FOLLOW ME - DressYourBody - Patron de couture femme.","og_description":"Une blouse Follow me d'inspiration romantique avec son volant fronc\u00e9 devant et dos, son petit col montant, et sa patte de boutonnage cach\u00e9e.","og_url":"https:\/\/dressyourbody.fr\/fr\/produit\/blouse-follow-me\/","og_site_name":"DressYourBody","article_publisher":"https:\/\/www.facebook.com\/dressyourbody.couture\/","article_modified_time":"2026-04-12T13:23:22+00:00","og_image":[{"width":1520,"height":2288,"url":"https:\/\/dressyourbody.fr\/wp-content\/uploads\/2018\/02\/DSC03597-e1519318051869.jpg","type":"image\/jpeg"}],"twitter_card":"summary_large_image","twitter_misc":{"Dur\u00e9e de lecture estim\u00e9e":"2 minutes"},"schema":{"@context":"https:\/\/schema.org","@graph":[{"@type":"WebPage","@id":"https:\/\/dressyourbody.fr\/fr\/produit\/blouse-follow-me\/","url":"https:\/\/dressyourbody.fr\/fr\/produit\/blouse-follow-me\/","name":"Blouse FOLLOW ME - DressYourBody - Patron de couture femme.","isPartOf":{"@id":"https:\/\/dressyourbody.fr\/fr\/#website"},"primaryImageOfPage":{"@id":"https:\/\/dressyourbody.fr\/fr\/produit\/blouse-follow-me\/#primaryimage"},"image":{"@id":"https:\/\/dressyourbody.fr\/fr\/produit\/blouse-follow-me\/#primaryimage"},"thumbnailUrl":"https:\/\/dressyourbody.fr\/wp-content\/uploads\/2018\/02\/DSC03597-e1519318051869.jpg","datePublished":"2018-02-22T14:53:06+00:00","dateModified":"2026-04-12T13:23:22+00:00","description":"Une blouse Follow me d'inspiration romantique avec son volant fronc\u00e9 devant et dos, son petit col montant, et sa patte de boutonnage cach\u00e9e.","breadcrumb":{"@id":"https:\/\/dressyourbody.fr\/fr\/produit\/blouse-follow-me\/#breadcrumb"},"inLanguage":"fr-FR","potentialAction":[{"@type":"ReadAction","target":["https:\/\/dressyourbody.fr\/fr\/produit\/blouse-follow-me\/"]}]},{"@type":"ImageObject","inLanguage":"fr-FR","@id":"https:\/\/dressyourbody.fr\/fr\/produit\/blouse-follow-me\/#primaryimage","url":"https:\/\/dressyourbody.fr\/wp-content\/uploads\/2018\/02\/DSC03597-e1519318051869.jpg","contentUrl":"https:\/\/dressyourbody.fr\/wp-content\/uploads\/2018\/02\/DSC03597-e1519318051869.jpg","width":1520,"height":2288,"caption":"Top Follow me"},{"@type":"BreadcrumbList","@id":"https:\/\/dressyourbody.fr\/fr\/produit\/blouse-follow-me\/#breadcrumb","itemListElement":[{"@type":"ListItem","position":1,"name":"Accueil","item":"https:\/\/dressyourbody.fr\/fr\/"},{"@type":"ListItem","position":2,"name":"LA BOUTIQUE","item":"https:\/\/dressyourbody.fr\/fr\/?page_id=22934"},{"@type":"ListItem","position":3,"name":"Blouse Follow me"}]},{"@type":"WebSite","@id":"https:\/\/dressyourbody.fr\/fr\/#website","url":"https:\/\/dressyourbody.fr\/fr\/","name":"DressYourBody","description":"Une collection compl\u00e8te de patrons couture en ligne","publisher":{"@id":"https:\/\/dressyourbody.fr\/fr\/#organization"},"potentialAction":[{"@type":"SearchAction","target":{"@type":"EntryPoint","urlTemplate":"https:\/\/dressyourbody.fr\/fr\/?s={search_term_string}"},"query-input":{"@type":"PropertyValueSpecification","valueRequired":true,"valueName":"search_term_string"}}],"inLanguage":"fr-FR"},{"@type":"Organization","@id":"https:\/\/dressyourbody.fr\/fr\/#organization","name":"DressYourBody.fr","url":"https:\/\/dressyourbody.fr\/fr\/","logo":{"@type":"ImageObject","inLanguage":"fr-FR","@id":"https:\/\/dressyourbody.fr\/fr\/#\/schema\/logo\/image\/","url":"https:\/\/dressyourbody.fr\/wp-content\/uploads\/2018\/07\/Logo-rond.png","contentUrl":"https:\/\/dressyourbody.fr\/wp-content\/uploads\/2018\/07\/Logo-rond.png","width":451,"height":449,"caption":"DressYourBody.fr"},"image":{"@id":"https:\/\/dressyourbody.fr\/fr\/#\/schema\/logo\/image\/"},"sameAs":["https:\/\/www.facebook.com\/dressyourbody.couture\/","https:\/\/www.instagram.com\/dressyourbody.couture\/","https:\/\/www.linkedin.com\/company\/11295981\/","https:\/\/www.pinterest.fr\/dressyourbody\/","https:\/\/www.youtube.com\/channel\/UCD9FR054rT1zUXmwxImG5vA?view_as=subscriber"]}]}},"_links":{"self":[{"href":"https:\/\/dressyourbody.fr\/fr\/wp-json\/wp\/v2\/product\/15907","targetHints":{"allow":["GET"]}}],"collection":[{"href":"https:\/\/dressyourbody.fr\/fr\/wp-json\/wp\/v2\/product"}],"about":[{"href":"https:\/\/dressyourbody.fr\/fr\/wp-json\/wp\/v2\/types\/product"}],"replies":[{"embeddable":true,"href":"https:\/\/dressyourbody.fr\/fr\/wp-json\/wp\/v2\/comments?post=15907"}],"wp:featuredmedia":[{"embeddable":true,"href":"https:\/\/dressyourbody.fr\/fr\/wp-json\/wp\/v2\/media\/15917"}],"wp:attachment":[{"href":"https:\/\/dressyourbody.fr\/fr\/wp-json\/wp\/v2\/media?parent=15907"}],"wp:term":[{"taxonomy":"product_brand","embeddable":true,"href":"https:\/\/dressyourbody.fr\/fr\/wp-json\/wp\/v2\/product_brand?post=15907"},{"taxonomy":"product_cat","embeddable":true,"href":"https:\/\/dressyourbody.fr\/fr\/wp-json\/wp\/v2\/product_cat?post=15907"},{"taxonomy":"product_tag","embeddable":true,"href":"https:\/\/dressyourbody.fr\/fr\/wp-json\/wp\/v2\/product_tag?post=15907"}],"curies":[{"name":"wp","href":"https:\/\/api.w.org\/{rel}","templated":true}]}}