{"id":15148,"date":"2017-09-27T20:37:20","date_gmt":"2017-09-27T18:37:20","guid":{"rendered":"https:\/\/dressyourbody.fr\/fr\/?post_type=product&#038;p=15148"},"modified":"2026-04-12T15:23:54","modified_gmt":"2026-04-12T13:23:54","slug":"top-best-day-ever","status":"publish","type":"product","link":"https:\/\/dressyourbody.fr\/fr\/produit\/top-best-day-ever\/","title":{"rendered":"Top Best day ever"},"content":{"rendered":"<p>Ce top tout simple avec sa coupe droite et son encolure arrondie est tr\u00e8s f\u00e9minin gr\u00e2ce aux volants sur l&#8217;emmanchure. Et pour changer des fronces habituelles, le volume du volant est donn\u00e9 par deux plis \u00e0 l&rsquo;avant et deux \u00e0 l&rsquo;arri\u00e8re.<\/p>\n<p>En soie, fluide et noir par exemple, il est chic et \u00e9l\u00e9gant. En coton (conseill\u00e9 pour les d\u00e9butantes), il devient le top parfait \u00e0 enfiler sur un jean pour le week-end.<\/p>\n<p><strong>TAILLES :<\/strong> Planche de patrons allant de la taille 34 \u00e0 50 soit un tour de poitrine de 81 \u00e0 116 cm.\u00a0Vous pouvez \u00e9galement vous r\u00e9f\u00e9rer \u00e0 la <a href=\"#popmake-23087\">grille des tailles<\/a>.<\/p>\n<p><strong>TISSUS :<\/strong> Tissu l\u00e9ger: cotonnade, soie, viscose\u2026<\/p>\n<p><strong>DIFFICULT\u00c9 :<\/strong> Tous niveaux de couture<\/p>\n<p><strong>D\u00c9TAIL :<\/strong><\/p>\n<ul>\n<li>Top sans manche avec volants aux emmanchures<\/li>\n<li>Encolure arrondie, finie par un biais pos\u00e9 \u00e0 l\u2019int\u00e9rieur<\/li>\n<li>Coupe droite, tr\u00e8s l\u00e9g\u00e8rement ajust\u00e9e \u00e0 la taille<\/li>\n<li>Hauteur milieu dos: 56 cm pour la taille 38<\/li>\n<\/ul>\n","protected":false},"excerpt":{"rendered":"<p><span style=\"color: #ffffff;\"><strong>PATRON :\u00a0<\/strong><\/span><\/p>\n<p><span style=\"color: #ffffff;\">Tailles 34 \u00e0 50<\/span><\/p>\n<p><span style=\"color: #ffffff;\">Tous niveaux de couture<\/span> <\/p>\n<div><a class=\"zoli-read-more-link\" href=\"https:\/\/dressyourbody.fr\/fr\/produit\/top-best-day-ever\/\">Read More<span class=\"lexus-icon-Icon_Next\"><\/span><\/a><\/div>\n","protected":false},"featured_media":18162,"comment_status":"open","ping_status":"closed","template":"","meta":{"_acf_changed":false},"product_brand":[1278],"product_cat":[1234],"product_tag":[649,734,742,637],"class_list":{"0":"post-15148","1":"product","2":"type-product","3":"status-publish","4":"has-post-thumbnail","6":"product_brand-dressyourbody","7":"product_cat-tops","8":"product_tag-chaine-et-trame","9":"product_tag-couture","10":"product_tag-debutant","11":"product_tag-patron","12":"product_shipping_class-standard-shipping","13":"pa_difficulte-debutant","14":"pa_formatpatron-patron-pdf-format-a4-a0","15":"pa_formatpatron-patronpochette","17":"first","18":"instock","19":"shipping-taxable","20":"purchasable","21":"product-type-variable"},"acf":[],"yoast_head":"<!-- This site is optimized with the Yoast SEO plugin v27.4 - https:\/\/yoast.com\/product\/yoast-seo-wordpress\/ -->\n<title>Top Best Day Ever - DressYourBody - Patron de couture femme<\/title>\n<meta name=\"description\" content=\"Le top Best Day Ever est tout simple avec sa coupe droite et son encolure arrondie. Il est tr\u00e8s f\u00e9minin gr\u00e2ce aux volants sur l&#039;emmanchure.\" \/>\n<meta name=\"robots\" content=\"index, follow, max-snippet:-1, max-image-preview:large, max-video-preview:-1\" \/>\n<link rel=\"canonical\" href=\"https:\/\/dressyourbody.fr\/fr\/produit\/top-best-day-ever\/\" \/>\n<meta property=\"og:locale\" content=\"fr_FR\" \/>\n<meta property=\"og:type\" content=\"article\" \/>\n<meta property=\"og:title\" content=\"Top Best Day Ever - DressYourBody - Patron de couture femme\" \/>\n<meta property=\"og:description\" content=\"Le top Best Day Ever est tout simple avec sa coupe droite et son encolure arrondie. Il est tr\u00e8s f\u00e9minin gr\u00e2ce aux volants sur l&#039;emmanchure.\" \/>\n<meta property=\"og:url\" content=\"https:\/\/dressyourbody.fr\/fr\/produit\/top-best-day-ever\/\" \/>\n<meta property=\"og:site_name\" content=\"DressYourBody\" \/>\n<meta property=\"article:publisher\" content=\"https:\/\/www.facebook.com\/dressyourbody.couture\/\" \/>\n<meta property=\"article:modified_time\" content=\"2026-04-12T13:23:54+00:00\" \/>\n<meta property=\"og:image\" content=\"https:\/\/dressyourbody.fr\/wp-content\/uploads\/2018\/08\/BDE5-scaled.jpg\" \/>\n\t<meta property=\"og:image:width\" content=\"2560\" \/>\n\t<meta property=\"og:image:height\" content=\"2560\" \/>\n\t<meta property=\"og:image:type\" content=\"image\/jpeg\" \/>\n<meta name=\"twitter:card\" content=\"summary_large_image\" \/>\n<meta name=\"twitter:label1\" content=\"Dur\u00e9e de lecture estim\u00e9e\" \/>\n\t<meta name=\"twitter:data1\" content=\"1 minute\" \/>\n<script type=\"application\/ld+json\" class=\"yoast-schema-graph\">{\"@context\":\"https:\\\/\\\/schema.org\",\"@graph\":[{\"@type\":\"WebPage\",\"@id\":\"https:\\\/\\\/dressyourbody.fr\\\/fr\\\/produit\\\/top-best-day-ever\\\/\",\"url\":\"https:\\\/\\\/dressyourbody.fr\\\/fr\\\/produit\\\/top-best-day-ever\\\/\",\"name\":\"Top Best Day Ever - DressYourBody - Patron de couture femme\",\"isPartOf\":{\"@id\":\"https:\\\/\\\/dressyourbody.fr\\\/fr\\\/#website\"},\"primaryImageOfPage\":{\"@id\":\"https:\\\/\\\/dressyourbody.fr\\\/fr\\\/produit\\\/top-best-day-ever\\\/#primaryimage\"},\"image\":{\"@id\":\"https:\\\/\\\/dressyourbody.fr\\\/fr\\\/produit\\\/top-best-day-ever\\\/#primaryimage\"},\"thumbnailUrl\":\"https:\\\/\\\/dressyourbody.fr\\\/wp-content\\\/uploads\\\/2018\\\/08\\\/BDE5-scaled.jpg\",\"datePublished\":\"2017-09-27T18:37:20+00:00\",\"dateModified\":\"2026-04-12T13:23:54+00:00\",\"description\":\"Le top Best Day Ever est tout simple avec sa coupe droite et son encolure arrondie. Il est tr\u00e8s f\u00e9minin gr\u00e2ce aux volants sur l'emmanchure.\",\"breadcrumb\":{\"@id\":\"https:\\\/\\\/dressyourbody.fr\\\/fr\\\/produit\\\/top-best-day-ever\\\/#breadcrumb\"},\"inLanguage\":\"fr-FR\",\"potentialAction\":[{\"@type\":\"ReadAction\",\"target\":[\"https:\\\/\\\/dressyourbody.fr\\\/fr\\\/produit\\\/top-best-day-ever\\\/\"]}]},{\"@type\":\"ImageObject\",\"inLanguage\":\"fr-FR\",\"@id\":\"https:\\\/\\\/dressyourbody.fr\\\/fr\\\/produit\\\/top-best-day-ever\\\/#primaryimage\",\"url\":\"https:\\\/\\\/dressyourbody.fr\\\/wp-content\\\/uploads\\\/2018\\\/08\\\/BDE5-scaled.jpg\",\"contentUrl\":\"https:\\\/\\\/dressyourbody.fr\\\/wp-content\\\/uploads\\\/2018\\\/08\\\/BDE5-scaled.jpg\",\"width\":2560,\"height\":2560,\"caption\":\"Cours de couture facile\"},{\"@type\":\"BreadcrumbList\",\"@id\":\"https:\\\/\\\/dressyourbody.fr\\\/fr\\\/produit\\\/top-best-day-ever\\\/#breadcrumb\",\"itemListElement\":[{\"@type\":\"ListItem\",\"position\":1,\"name\":\"Accueil\",\"item\":\"https:\\\/\\\/dressyourbody.fr\\\/fr\\\/\"},{\"@type\":\"ListItem\",\"position\":2,\"name\":\"LA BOUTIQUE\",\"item\":\"https:\\\/\\\/dressyourbody.fr\\\/fr\\\/?page_id=22934\"},{\"@type\":\"ListItem\",\"position\":3,\"name\":\"Top Best day ever\"}]},{\"@type\":\"WebSite\",\"@id\":\"https:\\\/\\\/dressyourbody.fr\\\/fr\\\/#website\",\"url\":\"https:\\\/\\\/dressyourbody.fr\\\/fr\\\/\",\"name\":\"DressYourBody\",\"description\":\"Une collection compl\u00e8te de patrons couture en ligne\",\"publisher\":{\"@id\":\"https:\\\/\\\/dressyourbody.fr\\\/fr\\\/#organization\"},\"potentialAction\":[{\"@type\":\"SearchAction\",\"target\":{\"@type\":\"EntryPoint\",\"urlTemplate\":\"https:\\\/\\\/dressyourbody.fr\\\/fr\\\/?s={search_term_string}\"},\"query-input\":{\"@type\":\"PropertyValueSpecification\",\"valueRequired\":true,\"valueName\":\"search_term_string\"}}],\"inLanguage\":\"fr-FR\"},{\"@type\":\"Organization\",\"@id\":\"https:\\\/\\\/dressyourbody.fr\\\/fr\\\/#organization\",\"name\":\"DressYourBody.fr\",\"url\":\"https:\\\/\\\/dressyourbody.fr\\\/fr\\\/\",\"logo\":{\"@type\":\"ImageObject\",\"inLanguage\":\"fr-FR\",\"@id\":\"https:\\\/\\\/dressyourbody.fr\\\/fr\\\/#\\\/schema\\\/logo\\\/image\\\/\",\"url\":\"https:\\\/\\\/dressyourbody.fr\\\/wp-content\\\/uploads\\\/2018\\\/07\\\/Logo-rond.png\",\"contentUrl\":\"https:\\\/\\\/dressyourbody.fr\\\/wp-content\\\/uploads\\\/2018\\\/07\\\/Logo-rond.png\",\"width\":451,\"height\":449,\"caption\":\"DressYourBody.fr\"},\"image\":{\"@id\":\"https:\\\/\\\/dressyourbody.fr\\\/fr\\\/#\\\/schema\\\/logo\\\/image\\\/\"},\"sameAs\":[\"https:\\\/\\\/www.facebook.com\\\/dressyourbody.couture\\\/\",\"https:\\\/\\\/www.instagram.com\\\/dressyourbody.couture\\\/\",\"https:\\\/\\\/www.linkedin.com\\\/company\\\/11295981\\\/\",\"https:\\\/\\\/www.pinterest.fr\\\/dressyourbody\\\/\",\"https:\\\/\\\/www.youtube.com\\\/channel\\\/UCD9FR054rT1zUXmwxImG5vA?view_as=subscriber\"]}]}<\/script>\n<!-- \/ Yoast SEO plugin. -->","yoast_head_json":{"title":"Top Best Day Ever - DressYourBody - Patron de couture femme","description":"Le top Best Day Ever est tout simple avec sa coupe droite et son encolure arrondie. Il est tr\u00e8s f\u00e9minin gr\u00e2ce aux volants sur l'emmanchure.","robots":{"index":"index","follow":"follow","max-snippet":"max-snippet:-1","max-image-preview":"max-image-preview:large","max-video-preview":"max-video-preview:-1"},"canonical":"https:\/\/dressyourbody.fr\/fr\/produit\/top-best-day-ever\/","og_locale":"fr_FR","og_type":"article","og_title":"Top Best Day Ever - DressYourBody - Patron de couture femme","og_description":"Le top Best Day Ever est tout simple avec sa coupe droite et son encolure arrondie. Il est tr\u00e8s f\u00e9minin gr\u00e2ce aux volants sur l'emmanchure.","og_url":"https:\/\/dressyourbody.fr\/fr\/produit\/top-best-day-ever\/","og_site_name":"DressYourBody","article_publisher":"https:\/\/www.facebook.com\/dressyourbody.couture\/","article_modified_time":"2026-04-12T13:23:54+00:00","og_image":[{"width":2560,"height":2560,"url":"https:\/\/dressyourbody.fr\/wp-content\/uploads\/2018\/08\/BDE5-scaled.jpg","type":"image\/jpeg"}],"twitter_card":"summary_large_image","twitter_misc":{"Dur\u00e9e de lecture estim\u00e9e":"1 minute"},"schema":{"@context":"https:\/\/schema.org","@graph":[{"@type":"WebPage","@id":"https:\/\/dressyourbody.fr\/fr\/produit\/top-best-day-ever\/","url":"https:\/\/dressyourbody.fr\/fr\/produit\/top-best-day-ever\/","name":"Top Best Day Ever - DressYourBody - Patron de couture femme","isPartOf":{"@id":"https:\/\/dressyourbody.fr\/fr\/#website"},"primaryImageOfPage":{"@id":"https:\/\/dressyourbody.fr\/fr\/produit\/top-best-day-ever\/#primaryimage"},"image":{"@id":"https:\/\/dressyourbody.fr\/fr\/produit\/top-best-day-ever\/#primaryimage"},"thumbnailUrl":"https:\/\/dressyourbody.fr\/wp-content\/uploads\/2018\/08\/BDE5-scaled.jpg","datePublished":"2017-09-27T18:37:20+00:00","dateModified":"2026-04-12T13:23:54+00:00","description":"Le top Best Day Ever est tout simple avec sa coupe droite et son encolure arrondie. Il est tr\u00e8s f\u00e9minin gr\u00e2ce aux volants sur l'emmanchure.","breadcrumb":{"@id":"https:\/\/dressyourbody.fr\/fr\/produit\/top-best-day-ever\/#breadcrumb"},"inLanguage":"fr-FR","potentialAction":[{"@type":"ReadAction","target":["https:\/\/dressyourbody.fr\/fr\/produit\/top-best-day-ever\/"]}]},{"@type":"ImageObject","inLanguage":"fr-FR","@id":"https:\/\/dressyourbody.fr\/fr\/produit\/top-best-day-ever\/#primaryimage","url":"https:\/\/dressyourbody.fr\/wp-content\/uploads\/2018\/08\/BDE5-scaled.jpg","contentUrl":"https:\/\/dressyourbody.fr\/wp-content\/uploads\/2018\/08\/BDE5-scaled.jpg","width":2560,"height":2560,"caption":"Cours de couture facile"},{"@type":"BreadcrumbList","@id":"https:\/\/dressyourbody.fr\/fr\/produit\/top-best-day-ever\/#breadcrumb","itemListElement":[{"@type":"ListItem","position":1,"name":"Accueil","item":"https:\/\/dressyourbody.fr\/fr\/"},{"@type":"ListItem","position":2,"name":"LA BOUTIQUE","item":"https:\/\/dressyourbody.fr\/fr\/?page_id=22934"},{"@type":"ListItem","position":3,"name":"Top Best day ever"}]},{"@type":"WebSite","@id":"https:\/\/dressyourbody.fr\/fr\/#website","url":"https:\/\/dressyourbody.fr\/fr\/","name":"DressYourBody","description":"Une collection compl\u00e8te de patrons couture en ligne","publisher":{"@id":"https:\/\/dressyourbody.fr\/fr\/#organization"},"potentialAction":[{"@type":"SearchAction","target":{"@type":"EntryPoint","urlTemplate":"https:\/\/dressyourbody.fr\/fr\/?s={search_term_string}"},"query-input":{"@type":"PropertyValueSpecification","valueRequired":true,"valueName":"search_term_string"}}],"inLanguage":"fr-FR"},{"@type":"Organization","@id":"https:\/\/dressyourbody.fr\/fr\/#organization","name":"DressYourBody.fr","url":"https:\/\/dressyourbody.fr\/fr\/","logo":{"@type":"ImageObject","inLanguage":"fr-FR","@id":"https:\/\/dressyourbody.fr\/fr\/#\/schema\/logo\/image\/","url":"https:\/\/dressyourbody.fr\/wp-content\/uploads\/2018\/07\/Logo-rond.png","contentUrl":"https:\/\/dressyourbody.fr\/wp-content\/uploads\/2018\/07\/Logo-rond.png","width":451,"height":449,"caption":"DressYourBody.fr"},"image":{"@id":"https:\/\/dressyourbody.fr\/fr\/#\/schema\/logo\/image\/"},"sameAs":["https:\/\/www.facebook.com\/dressyourbody.couture\/","https:\/\/www.instagram.com\/dressyourbody.couture\/","https:\/\/www.linkedin.com\/company\/11295981\/","https:\/\/www.pinterest.fr\/dressyourbody\/","https:\/\/www.youtube.com\/channel\/UCD9FR054rT1zUXmwxImG5vA?view_as=subscriber"]}]}},"_links":{"self":[{"href":"https:\/\/dressyourbody.fr\/fr\/wp-json\/wp\/v2\/product\/15148","targetHints":{"allow":["GET"]}}],"collection":[{"href":"https:\/\/dressyourbody.fr\/fr\/wp-json\/wp\/v2\/product"}],"about":[{"href":"https:\/\/dressyourbody.fr\/fr\/wp-json\/wp\/v2\/types\/product"}],"replies":[{"embeddable":true,"href":"https:\/\/dressyourbody.fr\/fr\/wp-json\/wp\/v2\/comments?post=15148"}],"wp:featuredmedia":[{"embeddable":true,"href":"https:\/\/dressyourbody.fr\/fr\/wp-json\/wp\/v2\/media\/18162"}],"wp:attachment":[{"href":"https:\/\/dressyourbody.fr\/fr\/wp-json\/wp\/v2\/media?parent=15148"}],"wp:term":[{"taxonomy":"product_brand","embeddable":true,"href":"https:\/\/dressyourbody.fr\/fr\/wp-json\/wp\/v2\/product_brand?post=15148"},{"taxonomy":"product_cat","embeddable":true,"href":"https:\/\/dressyourbody.fr\/fr\/wp-json\/wp\/v2\/product_cat?post=15148"},{"taxonomy":"product_tag","embeddable":true,"href":"https:\/\/dressyourbody.fr\/fr\/wp-json\/wp\/v2\/product_tag?post=15148"}],"curies":[{"name":"wp","href":"https:\/\/api.w.org\/{rel}","templated":true}]}}