{"id":142,"date":"2017-09-28T09:49:28","date_gmt":"2017-09-28T07:49:28","guid":{"rendered":"https:\/\/dressyourbody.fr\/fr\/?post_type=product&#038;p=142"},"modified":"2026-04-12T15:23:46","modified_gmt":"2026-04-12T13:23:46","slug":"jupe-call-me","status":"publish","type":"product","link":"https:\/\/dressyourbody.fr\/fr\/produit\/jupe-call-me\/","title":{"rendered":"Jupe Call Me"},"content":{"rendered":"<p>La jupe midi, qui tient son nom de sa longueur \u00e0 mi mollet, est \u00e0 l&rsquo;honneur depuis quelques saisons. Les volants, qui se nichent partout des cols jusqu&rsquo;aux emmanchures, ne sont pas en reste.<\/p>\n<p>Alors imaginez une jupe midi avec des volants sur les poches &#8230; super tendance non?! Et bien, si vous \u00eates d&rsquo;accord, c&rsquo;est la jupe Call me qu&rsquo;il vous faut !!!<\/p>\n<p>A faire en tissu uni pour faire ressortir les petits volants sur les poches ou bien s\u00fbr avec un joli imprim\u00e9! Tout est possible&#8230;<\/p>\n<p><strong>TAILLES :<\/strong> Planche de patrons allant de la taille 34 \u00e0 44. Vous pouvez \u00e9galement vous r\u00e9f\u00e9rer \u00e0 la <a href=\"#popmake-23087\">grille des tailles<\/a>.<\/p>\n<p><strong>TISSU :<\/strong> Tout type de tissu assez l\u00e9ger. Le rendu des fronces avec un tissu trop \u00e9pais comme un lainage ne serait pas adapt\u00e9.<\/p>\n<p><strong>DIFFICULT\u00c9 :<\/strong> Niveau interm\u00e9diaire<\/p>\n<p><strong>D\u00c9TAILS :<\/strong><\/p>\n<ul>\n<li>Taille haute<\/li>\n<li>Zip invisible<\/li>\n<li>Poches italiennes avec bordure fronces<\/li>\n<li>Fermeture ceinture avec boutonnage<\/li>\n<\/ul>\n","protected":false},"excerpt":{"rendered":"<p>La jupe midi, qui tient son nom de sa longueur \u00e0 mi mollet, est \u00e0 l&rsquo;honneur depuis quelques saisons. Les volants, qui se nichent partout des cols jusqu&rsquo;aux emmanchures, ne sont pas en reste. Alors imaginez une jupe midi avec des volants sur les poches &#8230; super tendance non?! Et bien, si vous \u00eates d&rsquo;accord, <\/p>\n<div><a class=\"zoli-read-more-link\" href=\"https:\/\/dressyourbody.fr\/fr\/produit\/jupe-call-me\/\">Read More<span class=\"lexus-icon-Icon_Next\"><\/span><\/a><\/div>\n","protected":false},"featured_media":24972,"comment_status":"open","ping_status":"closed","template":"","meta":{"_acf_changed":false},"product_brand":[1278],"product_cat":[1235],"product_tag":[649,734,757,637],"class_list":{"0":"post-142","1":"product","2":"type-product","3":"status-publish","4":"has-post-thumbnail","6":"product_brand-dressyourbody","7":"product_cat-jupes","8":"product_tag-chaine-et-trame","9":"product_tag-couture","10":"product_tag-intermediaire","11":"product_tag-patron","12":"product_shipping_class-standard-shipping","13":"pa_difficulte-moyen","14":"pa_formatpatron-patron-pdf-format-a4-a0","15":"pa_formatpatron-patronpochette","17":"first","18":"outofstock","19":"shipping-taxable","20":"purchasable","21":"product-type-variable"},"acf":[],"yoast_head":"<!-- This site is optimized with the Yoast SEO plugin v27.3 - https:\/\/yoast.com\/product\/yoast-seo-wordpress\/ -->\n<title>Jupe CALL ME - DressYourBody - Patron de couture femme.<\/title>\n<meta name=\"description\" content=\"La jupe Call me est une jupe midi avec de jolis petits volants sur les poches. Fronc\u00e9e \u00e0 la taille elle se porte taille haute!\" \/>\n<meta name=\"robots\" content=\"index, follow, max-snippet:-1, max-image-preview:large, max-video-preview:-1\" \/>\n<link rel=\"canonical\" href=\"https:\/\/dressyourbody.fr\/fr\/produit\/jupe-call-me\/\" \/>\n<meta property=\"og:locale\" content=\"fr_FR\" \/>\n<meta property=\"og:type\" content=\"article\" \/>\n<meta property=\"og:title\" content=\"Jupe CALL ME - DressYourBody - Patron de couture femme.\" \/>\n<meta property=\"og:description\" content=\"La jupe Call me est une jupe midi avec de jolis petits volants sur les poches. Fronc\u00e9e \u00e0 la taille elle se porte taille haute!\" \/>\n<meta property=\"og:url\" content=\"https:\/\/dressyourbody.fr\/fr\/produit\/jupe-call-me\/\" \/>\n<meta property=\"og:site_name\" content=\"DressYourBody\" \/>\n<meta property=\"article:publisher\" content=\"https:\/\/www.facebook.com\/dressyourbody.couture\/\" \/>\n<meta property=\"article:modified_time\" content=\"2026-04-12T13:23:46+00:00\" \/>\n<meta property=\"og:image\" content=\"https:\/\/dressyourbody.fr\/wp-content\/uploads\/2020\/12\/Call-me-lite.jpg\" \/>\n\t<meta property=\"og:image:width\" content=\"1000\" \/>\n\t<meta property=\"og:image:height\" content=\"1250\" \/>\n\t<meta property=\"og:image:type\" content=\"image\/jpeg\" \/>\n<meta name=\"twitter:card\" content=\"summary_large_image\" \/>\n<meta name=\"twitter:label1\" content=\"Dur\u00e9e de lecture estim\u00e9e\" \/>\n\t<meta name=\"twitter:data1\" content=\"1 minute\" \/>\n<script type=\"application\/ld+json\" class=\"yoast-schema-graph\">{\"@context\":\"https:\\\/\\\/schema.org\",\"@graph\":[{\"@type\":\"WebPage\",\"@id\":\"https:\\\/\\\/dressyourbody.fr\\\/fr\\\/produit\\\/jupe-call-me\\\/\",\"url\":\"https:\\\/\\\/dressyourbody.fr\\\/fr\\\/produit\\\/jupe-call-me\\\/\",\"name\":\"Jupe CALL ME - DressYourBody - Patron de couture femme.\",\"isPartOf\":{\"@id\":\"https:\\\/\\\/dressyourbody.fr\\\/fr\\\/#website\"},\"primaryImageOfPage\":{\"@id\":\"https:\\\/\\\/dressyourbody.fr\\\/fr\\\/produit\\\/jupe-call-me\\\/#primaryimage\"},\"image\":{\"@id\":\"https:\\\/\\\/dressyourbody.fr\\\/fr\\\/produit\\\/jupe-call-me\\\/#primaryimage\"},\"thumbnailUrl\":\"https:\\\/\\\/dressyourbody.fr\\\/wp-content\\\/uploads\\\/2020\\\/12\\\/Call-me-lite.jpg\",\"datePublished\":\"2017-09-28T07:49:28+00:00\",\"dateModified\":\"2026-04-12T13:23:46+00:00\",\"description\":\"La jupe Call me est une jupe midi avec de jolis petits volants sur les poches. Fronc\u00e9e \u00e0 la taille elle se porte taille haute!\",\"breadcrumb\":{\"@id\":\"https:\\\/\\\/dressyourbody.fr\\\/fr\\\/produit\\\/jupe-call-me\\\/#breadcrumb\"},\"inLanguage\":\"fr-FR\",\"potentialAction\":[{\"@type\":\"ReadAction\",\"target\":[\"https:\\\/\\\/dressyourbody.fr\\\/fr\\\/produit\\\/jupe-call-me\\\/\"]}]},{\"@type\":\"ImageObject\",\"inLanguage\":\"fr-FR\",\"@id\":\"https:\\\/\\\/dressyourbody.fr\\\/fr\\\/produit\\\/jupe-call-me\\\/#primaryimage\",\"url\":\"https:\\\/\\\/dressyourbody.fr\\\/wp-content\\\/uploads\\\/2020\\\/12\\\/Call-me-lite.jpg\",\"contentUrl\":\"https:\\\/\\\/dressyourbody.fr\\\/wp-content\\\/uploads\\\/2020\\\/12\\\/Call-me-lite.jpg\",\"width\":1000,\"height\":1250},{\"@type\":\"BreadcrumbList\",\"@id\":\"https:\\\/\\\/dressyourbody.fr\\\/fr\\\/produit\\\/jupe-call-me\\\/#breadcrumb\",\"itemListElement\":[{\"@type\":\"ListItem\",\"position\":1,\"name\":\"Accueil\",\"item\":\"https:\\\/\\\/dressyourbody.fr\\\/fr\\\/\"},{\"@type\":\"ListItem\",\"position\":2,\"name\":\"LA BOUTIQUE\",\"item\":\"https:\\\/\\\/dressyourbody.fr\\\/fr\\\/?page_id=22934\"},{\"@type\":\"ListItem\",\"position\":3,\"name\":\"Jupe Call Me\"}]},{\"@type\":\"WebSite\",\"@id\":\"https:\\\/\\\/dressyourbody.fr\\\/fr\\\/#website\",\"url\":\"https:\\\/\\\/dressyourbody.fr\\\/fr\\\/\",\"name\":\"DressYourBody\",\"description\":\"Une collection compl\u00e8te de patrons couture en ligne\",\"publisher\":{\"@id\":\"https:\\\/\\\/dressyourbody.fr\\\/fr\\\/#organization\"},\"potentialAction\":[{\"@type\":\"SearchAction\",\"target\":{\"@type\":\"EntryPoint\",\"urlTemplate\":\"https:\\\/\\\/dressyourbody.fr\\\/fr\\\/?s={search_term_string}\"},\"query-input\":{\"@type\":\"PropertyValueSpecification\",\"valueRequired\":true,\"valueName\":\"search_term_string\"}}],\"inLanguage\":\"fr-FR\"},{\"@type\":\"Organization\",\"@id\":\"https:\\\/\\\/dressyourbody.fr\\\/fr\\\/#organization\",\"name\":\"DressYourBody.fr\",\"url\":\"https:\\\/\\\/dressyourbody.fr\\\/fr\\\/\",\"logo\":{\"@type\":\"ImageObject\",\"inLanguage\":\"fr-FR\",\"@id\":\"https:\\\/\\\/dressyourbody.fr\\\/fr\\\/#\\\/schema\\\/logo\\\/image\\\/\",\"url\":\"https:\\\/\\\/dressyourbody.fr\\\/wp-content\\\/uploads\\\/2018\\\/07\\\/Logo-rond.png\",\"contentUrl\":\"https:\\\/\\\/dressyourbody.fr\\\/wp-content\\\/uploads\\\/2018\\\/07\\\/Logo-rond.png\",\"width\":451,\"height\":449,\"caption\":\"DressYourBody.fr\"},\"image\":{\"@id\":\"https:\\\/\\\/dressyourbody.fr\\\/fr\\\/#\\\/schema\\\/logo\\\/image\\\/\"},\"sameAs\":[\"https:\\\/\\\/www.facebook.com\\\/dressyourbody.couture\\\/\",\"https:\\\/\\\/www.instagram.com\\\/dressyourbody.couture\\\/\",\"https:\\\/\\\/www.linkedin.com\\\/company\\\/11295981\\\/\",\"https:\\\/\\\/www.pinterest.fr\\\/dressyourbody\\\/\",\"https:\\\/\\\/www.youtube.com\\\/channel\\\/UCD9FR054rT1zUXmwxImG5vA?view_as=subscriber\"]}]}<\/script>\n<!-- \/ Yoast SEO plugin. -->","yoast_head_json":{"title":"Jupe CALL ME - DressYourBody - Patron de couture femme.","description":"La jupe Call me est une jupe midi avec de jolis petits volants sur les poches. Fronc\u00e9e \u00e0 la taille elle se porte taille haute!","robots":{"index":"index","follow":"follow","max-snippet":"max-snippet:-1","max-image-preview":"max-image-preview:large","max-video-preview":"max-video-preview:-1"},"canonical":"https:\/\/dressyourbody.fr\/fr\/produit\/jupe-call-me\/","og_locale":"fr_FR","og_type":"article","og_title":"Jupe CALL ME - DressYourBody - Patron de couture femme.","og_description":"La jupe Call me est une jupe midi avec de jolis petits volants sur les poches. Fronc\u00e9e \u00e0 la taille elle se porte taille haute!","og_url":"https:\/\/dressyourbody.fr\/fr\/produit\/jupe-call-me\/","og_site_name":"DressYourBody","article_publisher":"https:\/\/www.facebook.com\/dressyourbody.couture\/","article_modified_time":"2026-04-12T13:23:46+00:00","og_image":[{"width":1000,"height":1250,"url":"https:\/\/dressyourbody.fr\/wp-content\/uploads\/2020\/12\/Call-me-lite.jpg","type":"image\/jpeg"}],"twitter_card":"summary_large_image","twitter_misc":{"Dur\u00e9e de lecture estim\u00e9e":"1 minute"},"schema":{"@context":"https:\/\/schema.org","@graph":[{"@type":"WebPage","@id":"https:\/\/dressyourbody.fr\/fr\/produit\/jupe-call-me\/","url":"https:\/\/dressyourbody.fr\/fr\/produit\/jupe-call-me\/","name":"Jupe CALL ME - DressYourBody - Patron de couture femme.","isPartOf":{"@id":"https:\/\/dressyourbody.fr\/fr\/#website"},"primaryImageOfPage":{"@id":"https:\/\/dressyourbody.fr\/fr\/produit\/jupe-call-me\/#primaryimage"},"image":{"@id":"https:\/\/dressyourbody.fr\/fr\/produit\/jupe-call-me\/#primaryimage"},"thumbnailUrl":"https:\/\/dressyourbody.fr\/wp-content\/uploads\/2020\/12\/Call-me-lite.jpg","datePublished":"2017-09-28T07:49:28+00:00","dateModified":"2026-04-12T13:23:46+00:00","description":"La jupe Call me est une jupe midi avec de jolis petits volants sur les poches. Fronc\u00e9e \u00e0 la taille elle se porte taille haute!","breadcrumb":{"@id":"https:\/\/dressyourbody.fr\/fr\/produit\/jupe-call-me\/#breadcrumb"},"inLanguage":"fr-FR","potentialAction":[{"@type":"ReadAction","target":["https:\/\/dressyourbody.fr\/fr\/produit\/jupe-call-me\/"]}]},{"@type":"ImageObject","inLanguage":"fr-FR","@id":"https:\/\/dressyourbody.fr\/fr\/produit\/jupe-call-me\/#primaryimage","url":"https:\/\/dressyourbody.fr\/wp-content\/uploads\/2020\/12\/Call-me-lite.jpg","contentUrl":"https:\/\/dressyourbody.fr\/wp-content\/uploads\/2020\/12\/Call-me-lite.jpg","width":1000,"height":1250},{"@type":"BreadcrumbList","@id":"https:\/\/dressyourbody.fr\/fr\/produit\/jupe-call-me\/#breadcrumb","itemListElement":[{"@type":"ListItem","position":1,"name":"Accueil","item":"https:\/\/dressyourbody.fr\/fr\/"},{"@type":"ListItem","position":2,"name":"LA BOUTIQUE","item":"https:\/\/dressyourbody.fr\/fr\/?page_id=22934"},{"@type":"ListItem","position":3,"name":"Jupe Call Me"}]},{"@type":"WebSite","@id":"https:\/\/dressyourbody.fr\/fr\/#website","url":"https:\/\/dressyourbody.fr\/fr\/","name":"DressYourBody","description":"Une collection compl\u00e8te de patrons couture en ligne","publisher":{"@id":"https:\/\/dressyourbody.fr\/fr\/#organization"},"potentialAction":[{"@type":"SearchAction","target":{"@type":"EntryPoint","urlTemplate":"https:\/\/dressyourbody.fr\/fr\/?s={search_term_string}"},"query-input":{"@type":"PropertyValueSpecification","valueRequired":true,"valueName":"search_term_string"}}],"inLanguage":"fr-FR"},{"@type":"Organization","@id":"https:\/\/dressyourbody.fr\/fr\/#organization","name":"DressYourBody.fr","url":"https:\/\/dressyourbody.fr\/fr\/","logo":{"@type":"ImageObject","inLanguage":"fr-FR","@id":"https:\/\/dressyourbody.fr\/fr\/#\/schema\/logo\/image\/","url":"https:\/\/dressyourbody.fr\/wp-content\/uploads\/2018\/07\/Logo-rond.png","contentUrl":"https:\/\/dressyourbody.fr\/wp-content\/uploads\/2018\/07\/Logo-rond.png","width":451,"height":449,"caption":"DressYourBody.fr"},"image":{"@id":"https:\/\/dressyourbody.fr\/fr\/#\/schema\/logo\/image\/"},"sameAs":["https:\/\/www.facebook.com\/dressyourbody.couture\/","https:\/\/www.instagram.com\/dressyourbody.couture\/","https:\/\/www.linkedin.com\/company\/11295981\/","https:\/\/www.pinterest.fr\/dressyourbody\/","https:\/\/www.youtube.com\/channel\/UCD9FR054rT1zUXmwxImG5vA?view_as=subscriber"]}]}},"_links":{"self":[{"href":"https:\/\/dressyourbody.fr\/fr\/wp-json\/wp\/v2\/product\/142","targetHints":{"allow":["GET"]}}],"collection":[{"href":"https:\/\/dressyourbody.fr\/fr\/wp-json\/wp\/v2\/product"}],"about":[{"href":"https:\/\/dressyourbody.fr\/fr\/wp-json\/wp\/v2\/types\/product"}],"replies":[{"embeddable":true,"href":"https:\/\/dressyourbody.fr\/fr\/wp-json\/wp\/v2\/comments?post=142"}],"wp:featuredmedia":[{"embeddable":true,"href":"https:\/\/dressyourbody.fr\/fr\/wp-json\/wp\/v2\/media\/24972"}],"wp:attachment":[{"href":"https:\/\/dressyourbody.fr\/fr\/wp-json\/wp\/v2\/media?parent=142"}],"wp:term":[{"taxonomy":"product_brand","embeddable":true,"href":"https:\/\/dressyourbody.fr\/fr\/wp-json\/wp\/v2\/product_brand?post=142"},{"taxonomy":"product_cat","embeddable":true,"href":"https:\/\/dressyourbody.fr\/fr\/wp-json\/wp\/v2\/product_cat?post=142"},{"taxonomy":"product_tag","embeddable":true,"href":"https:\/\/dressyourbody.fr\/fr\/wp-json\/wp\/v2\/product_tag?post=142"}],"curies":[{"name":"wp","href":"https:\/\/api.w.org\/{rel}","templated":true}]}}