{"id":41406,"date":"2026-03-27T22:51:01","date_gmt":"2026-03-27T20:51:01","guid":{"rendered":"https:\/\/dressyourbody.fr\/fr\/?post_type=product&#038;p=41406"},"modified":"2026-04-21T20:04:49","modified_gmt":"2026-04-21T18:04:49","slug":"patron-chemise-louise","status":"publish","type":"product","link":"https:\/\/dressyourbody.fr\/en\/product\/patron-chemise-louise\/","title":{"rendered":"Louise shirt pattern"},"content":{"rendered":"<h3 style=\"text-align: center;\"><strong>DESCRIPTION DU PATRON LOUISE<\/strong><\/h3>\n<p>La chemise Louise, bien que classique, trouve son originalit\u00e9 dans sa belle ampleur et de nombreux jolis d\u00e9tails.<\/p>\n<ul>\n<li>Un col chemisier ou un col droit,<\/li>\n<li>Pattes \u00ab\u00a0d\u00e9coratives\u00a0\u00bb \u00e0 positionner sur la poche ou \u00e0 l&rsquo;horizontale sur la patte de boutonnage,<\/li>\n<li>Patte de boutonnage en \u00ab\u00a0trompe l&rsquo;oeil\u00a0\u00bb,<\/li>\n<li>Poche poitrine cr\u00e9\u00e9e par une d\u00e9coupe sur le devant,<\/li>\n<li>Une forme liquette prononc\u00e9e avec le dos plus long que le devant,<\/li>\n<li>Ourlet fini au biais,<\/li>\n<li>Un pli creux au dos,<\/li>\n<li>Larges poignets avec une fente ind\u00e9chirable et deux plis creux.<\/li>\n<\/ul>\n<p><img fetchpriority=\"high\" decoding=\"async\" class=\"alignnone wp-image-41414\" src=\"https:\/\/dressyourbody.fr\/wp-content\/uploads\/2026\/03\/louise-col-droit-patte-poche.png\" alt=\"Patron chemise Louise, sketch devant avec col droit et patte sur la poche.\" width=\"228\" height=\"262\" srcset=\"https:\/\/dressyourbody.fr\/wp-content\/uploads\/2026\/03\/louise-col-droit-patte-poche.png 662w, https:\/\/dressyourbody.fr\/wp-content\/uploads\/2026\/03\/louise-col-droit-patte-poche-500x573.png 500w, https:\/\/dressyourbody.fr\/wp-content\/uploads\/2026\/03\/louise-col-droit-patte-poche-262x300.png 262w\" sizes=\"(max-width: 228px) 100vw, 228px\" \/>\u00a0 \u00a0 \u00a0 \u00a0 <img decoding=\"async\" class=\"alignnone wp-image-41415\" src=\"https:\/\/dressyourbody.fr\/wp-content\/uploads\/2026\/03\/louise-sketch-dos.png\" alt=\"Patron chemise Louise, sketch dos.\" width=\"218\" height=\"264\" srcset=\"https:\/\/dressyourbody.fr\/wp-content\/uploads\/2026\/03\/louise-sketch-dos.png 621w, https:\/\/dressyourbody.fr\/wp-content\/uploads\/2026\/03\/louise-sketch-dos-500x606.png 500w, https:\/\/dressyourbody.fr\/wp-content\/uploads\/2026\/03\/louise-sketch-dos-247x300.png 247w\" sizes=\"(max-width: 218px) 100vw, 218px\" \/><\/p>\n<p>&nbsp;<\/p>\n<h3 style=\"text-align: center;\"><strong>LES DIFFERENTES VERSIONS<\/strong><\/h3>\n<p><strong>\u00a0<\/strong><\/p>\n<ul>\n<li>Le patron de la chemise Louise est propos\u00e9 avec 2 cols diff\u00e9rents. Le col chemisier classique et le col droit, sur lequel vous pouvez coudre une petite patte de boutonnage.<br \/>\nVous pouvez ensuite jouer sur le positionnement de la seconde patte qui peut se situer:<\/p>\n<ul>\n<li>sur la poche poitrine pour la fermer,<\/li>\n<li>ou \u00e0 l&rsquo;horizontale sur la patte de boutonnage.<\/li>\n<\/ul>\n<\/li>\n<\/ul>\n<p>&nbsp;<\/p>\n<p><img decoding=\"async\" class=\"alignnone wp-image-41412\" src=\"https:\/\/dressyourbody.fr\/wp-content\/uploads\/2026\/03\/louise-col-chemisier-patte-poche.png\" alt=\"Patron chemise Louise, sketch devant avec col chemisier et patte sur la poche.\" width=\"210\" height=\"240\" srcset=\"https:\/\/dressyourbody.fr\/wp-content\/uploads\/2026\/03\/louise-col-chemisier-patte-poche.png 662w, https:\/\/dressyourbody.fr\/wp-content\/uploads\/2026\/03\/louise-col-chemisier-patte-poche-500x573.png 500w, https:\/\/dressyourbody.fr\/wp-content\/uploads\/2026\/03\/louise-col-chemisier-patte-poche-262x300.png 262w\" sizes=\"(max-width: 210px) 100vw, 210px\" \/> <img loading=\"lazy\" decoding=\"async\" class=\"alignnone wp-image-41411\" src=\"https:\/\/dressyourbody.fr\/wp-content\/uploads\/2026\/03\/louise-col-chemisier-patte-horizontale.png\" alt=\"Patron chemise Louise, sketch devant avec col chemisier et patte horizontale.\" width=\"209\" height=\"240\" srcset=\"https:\/\/dressyourbody.fr\/wp-content\/uploads\/2026\/03\/louise-col-chemisier-patte-horizontale.png 662w, https:\/\/dressyourbody.fr\/wp-content\/uploads\/2026\/03\/louise-col-chemisier-patte-horizontale-500x573.png 500w, https:\/\/dressyourbody.fr\/wp-content\/uploads\/2026\/03\/louise-col-chemisier-patte-horizontale-262x300.png 262w\" sizes=\"(max-width: 209px) 100vw, 209px\" \/> <img loading=\"lazy\" decoding=\"async\" class=\"alignnone wp-image-41414\" src=\"https:\/\/dressyourbody.fr\/wp-content\/uploads\/2026\/03\/louise-col-droit-patte-poche.png\" alt=\"Patron chemise Louise, sketch devant avec col droit et patte sur la poche.\" width=\"209\" height=\"240\" srcset=\"https:\/\/dressyourbody.fr\/wp-content\/uploads\/2026\/03\/louise-col-droit-patte-poche.png 662w, https:\/\/dressyourbody.fr\/wp-content\/uploads\/2026\/03\/louise-col-droit-patte-poche-500x573.png 500w, https:\/\/dressyourbody.fr\/wp-content\/uploads\/2026\/03\/louise-col-droit-patte-poche-262x300.png 262w\" sizes=\"(max-width: 209px) 100vw, 209px\" \/> <img loading=\"lazy\" decoding=\"async\" class=\"alignnone wp-image-41413\" src=\"https:\/\/dressyourbody.fr\/wp-content\/uploads\/2026\/03\/louise-col-droit-patte-horizontale.png\" alt=\"Patron chemise Louise, sketch devant avec col droit et patte horizontale.\" width=\"209\" height=\"240\" srcset=\"https:\/\/dressyourbody.fr\/wp-content\/uploads\/2026\/03\/louise-col-droit-patte-horizontale.png 662w, https:\/\/dressyourbody.fr\/wp-content\/uploads\/2026\/03\/louise-col-droit-patte-horizontale-500x573.png 500w, https:\/\/dressyourbody.fr\/wp-content\/uploads\/2026\/03\/louise-col-droit-patte-horizontale-262x300.png 262w\" sizes=\"(max-width: 209px) 100vw, 209px\" \/><\/p>\n<p>&nbsp;<\/p>\n<h3 style=\"text-align: center;\"><strong>JE CHOISIS QUELLE TAILLE?<\/strong><\/h3>\n<h4><strong>TAILLES:<br \/>\nLe patron Louise va de la T34 \u00e0 la T52<\/strong>.<\/h4>\n<p>Choisissez comme d&rsquo;habitude votre taille en fonction de vos mesures et du bar\u00e8me de tailles ci-dessous:<\/p>\n<p>&nbsp;<\/p>\n<p>Si vous h\u00e9sitez entre 2 tailles choisissez la plus grande car il est plus facile d&rsquo;ajuster un v\u00eatement que de l&rsquo;agrandir! N\u00e9anmoins, notez que l&rsquo;ampleur de la chemise est importante et vous pouvez facilement choisir de la coudre une taille en dessous de la v\u00f4tre pour un fini un peu plus ajust\u00e9.<\/p>\n<p><img loading=\"lazy\" decoding=\"async\" class=\"size-full wp-image-41420 alignnone\" src=\"https:\/\/dressyourbody.fr\/wp-content\/uploads\/2026\/03\/tableau-de-mesures.png\" alt=\"Tableau de mesures\" width=\"779\" height=\"154\" srcset=\"https:\/\/dressyourbody.fr\/wp-content\/uploads\/2026\/03\/tableau-de-mesures.png 779w, https:\/\/dressyourbody.fr\/wp-content\/uploads\/2026\/03\/tableau-de-mesures-500x99.png 500w, https:\/\/dressyourbody.fr\/wp-content\/uploads\/2026\/03\/tableau-de-mesures-300x59.png 300w, https:\/\/dressyourbody.fr\/wp-content\/uploads\/2026\/03\/tableau-de-mesures-768x152.png 768w\" sizes=\"(max-width: 779px) 100vw, 779px\" \/><\/p>\n<h4><strong>MESURES FINIES:<\/strong><\/h4>\n<p>Les mesures du v\u00eatement fini ci-dessous (incluant l&rsquo;aisance du v\u00eatement) peuvent aussi vous aider \u00e0 choisir votre taille.<\/p>\n<p><img loading=\"lazy\" decoding=\"async\" class=\"alignnone wp-image-41410\" src=\"https:\/\/dressyourbody.fr\/wp-content\/uploads\/2026\/03\/louise-sketch-mesures-finies.png\" alt=\"Patron chemise Louise, sketch avec les mesures finies \" width=\"263\" height=\"292\" srcset=\"https:\/\/dressyourbody.fr\/wp-content\/uploads\/2026\/03\/louise-sketch-mesures-finies.png 685w, https:\/\/dressyourbody.fr\/wp-content\/uploads\/2026\/03\/louise-sketch-mesures-finies-500x554.png 500w, https:\/\/dressyourbody.fr\/wp-content\/uploads\/2026\/03\/louise-sketch-mesures-finies-271x300.png 271w\" sizes=\"(max-width: 263px) 100vw, 263px\" \/>\u00a0 <img loading=\"lazy\" decoding=\"async\" class=\"alignnone wp-image-41409\" src=\"https:\/\/dressyourbody.fr\/wp-content\/uploads\/2026\/03\/louise-sketch-hauteur-milieu-dos.png\" alt=\"Patron chemise Louise, sketch avec hauteur milieu dos\" width=\"236\" height=\"286\" srcset=\"https:\/\/dressyourbody.fr\/wp-content\/uploads\/2026\/03\/louise-sketch-hauteur-milieu-dos.png 621w, https:\/\/dressyourbody.fr\/wp-content\/uploads\/2026\/03\/louise-sketch-hauteur-milieu-dos-500x606.png 500w, https:\/\/dressyourbody.fr\/wp-content\/uploads\/2026\/03\/louise-sketch-hauteur-milieu-dos-247x300.png 247w\" sizes=\"(max-width: 236px) 100vw, 236px\" \/><\/p>\n<p>&nbsp;<\/p>\n<p>&nbsp;<\/p>\n<p><img loading=\"lazy\" decoding=\"async\" class=\"alignnone wp-image-41417\" src=\"https:\/\/dressyourbody.fr\/wp-content\/uploads\/2026\/03\/chemise-louise-tableau-mesures-finies.png\" alt=\"\" width=\"718\" height=\"160\" srcset=\"https:\/\/dressyourbody.fr\/wp-content\/uploads\/2026\/03\/chemise-louise-tableau-mesures-finies.png 745w, https:\/\/dressyourbody.fr\/wp-content\/uploads\/2026\/03\/chemise-louise-tableau-mesures-finies-500x111.png 500w, https:\/\/dressyourbody.fr\/wp-content\/uploads\/2026\/03\/chemise-louise-tableau-mesures-finies-300x67.png 300w\" sizes=\"(max-width: 718px) 100vw, 718px\" \/><\/p>\n<h4><strong>STATURE: <\/strong><\/h4>\n<ul>\n<li><strong>Le patron est pr\u00e9vu pour une stature de 1m65<\/strong> et la hauteur milieu dos est un bon indicateur pour savoir si vous devez allonger ou raccourcir le patron. Gardez en t\u00eate cependant que la chemise Louise est asym\u00e9trique. Elle est plus longue derri\u00e8re que devant.<\/li>\n<li>Si vous souhaitez modifier la longueur, coupez le patron sur les lignes de coupe pr\u00e9vues \u00e0 cet effet et ajoutez ou enlevez la valeur souhait\u00e9e en \u00e9cartant ou en faisant se chevaucher les 2 parties du patron du nombre de cm voulus.<\/li>\n<li>Assurez-vous que les milieux Dos et Devant restent bien droits et retracez les lignes de c\u00f4t\u00e9.<\/li>\n<li>Pensez \u00e0 recalculer ensuite le m\u00e9trage de tissu n\u00e9cessaire pour prendre en compte vos ajustements!<\/li>\n<\/ul>\n<p><img loading=\"lazy\" decoding=\"async\" class=\"alignnone size-full wp-image-41416\" src=\"https:\/\/dressyourbody.fr\/wp-content\/uploads\/2026\/03\/chemise-louise-tableau-hauteur-milieu-dos.png\" alt=\"Chemise Louise, tableau de la hauteur milieu dos.\" width=\"738\" height=\"61\" srcset=\"https:\/\/dressyourbody.fr\/wp-content\/uploads\/2026\/03\/chemise-louise-tableau-hauteur-milieu-dos.png 738w, https:\/\/dressyourbody.fr\/wp-content\/uploads\/2026\/03\/chemise-louise-tableau-hauteur-milieu-dos-500x41.png 500w, https:\/\/dressyourbody.fr\/wp-content\/uploads\/2026\/03\/chemise-louise-tableau-hauteur-milieu-dos-300x25.png 300w\" sizes=\"(max-width: 738px) 100vw, 738px\" \/><\/p>\n<p>Pour ma stature de 1m60, j&rsquo;ai retir\u00e9 2cm sur la longueur de la chemise ainsi que sur la longueur des manches.<\/p>\n<p>&nbsp;<\/p>\n<h3 style=\"text-align: center;\"><strong>ET DANS TOUT \u00c7A, QUEL TISSU CHOISIR ?<\/strong><\/h3>\n<p><a href=\"https:\/\/dressyourbody.fr\/wp-content\/uploads\/2022\/03\/rouleaux-tissus.jpeg\"><img loading=\"lazy\" decoding=\"async\" class=\"size-full wp-image-31182 aligncenter\" src=\"https:\/\/dressyourbody.fr\/wp-content\/uploads\/2022\/03\/rouleaux-tissus.jpeg\" alt=\"Rouleaux de tissu\" width=\"200\" height=\"113\" srcset=\"https:\/\/dressyourbody.fr\/wp-content\/uploads\/2022\/03\/rouleaux-tissus.jpeg 200w, https:\/\/dressyourbody.fr\/wp-content\/uploads\/2022\/03\/rouleaux-tissus-18x10.jpeg 18w\" sizes=\"(max-width: 200px) 100vw, 200px\" \/><\/a><\/p>\n<h4><strong>TISSUS CONSEILLES:<\/strong><\/h4>\n<ul>\n<li>Tissus poids l\u00e9ger \u00e0 moyen : 90 \u00e0 220gr\/m2 environ,<\/li>\n<li>Tissus cha\u00eene et trame (batiste, popeline, serg\u00e9, denim\u2026)<\/li>\n<\/ul>\n<p>Sur les photos, la chemsie Louise a \u00e9t\u00e9 r\u00e9alis\u00e9e:<\/p>\n<ul>\n<li>en <strong>Oxford blanc (140g\/m2) <\/strong>de chez Atelier Brunette<\/li>\n<li>en <strong>Denim l\u00e9ger<\/strong><b> (180g\/m2) <\/b>de chez Atelier Brunette<\/li>\n<\/ul>\n<p>&nbsp;<\/p>","protected":false},"excerpt":{"rendered":"<ul>\n<li><strong>VIDEO TUTORIAL available!<\/strong><\/li>\n<li>Sizes<span style=\"color: #000000;\"><strong> 34 to 52 (FR),<\/strong><\/span><\/li>\n<li>Versions: <strong>PAPER<\/strong> <span style=\"color: #000000;\"><strong>PDF<\/strong><\/span> PDF<span style=\"color: #ff0000;\"><span style=\"color: #000000;\">with <strong>layers,<\/strong>\u00a0<\/span><\/span><\/li>\n<li><span style=\"color: #000000;\"><strong>Seam allowances included (1cm),<\/strong><\/span><\/li>\n<li><strong>Stature <\/strong><strong>1m65.\u00a0<\/strong><\/li>\n<\/ul>\n<p>&nbsp; <\/p>\n<div><a class=\"zoli-read-more-link\" href=\"https:\/\/dressyourbody.fr\/en\/product\/patron-chemise-louise\/\">Read More<span class=\"lexus-icon-Icon_Next\"><\/span><\/a><\/div>","protected":false},"featured_media":41431,"comment_status":"open","ping_status":"closed","template":"","meta":{"_acf_changed":false},"product_brand":[],"product_cat":[1254,1234],"product_tag":[647,755],"class_list":{"0":"post-41406","1":"product","2":"type-product","3":"status-publish","4":"has-post-thumbnail","6":"product_cat-nouveautes","7":"product_cat-tops","8":"product_tag-chemise","9":"product_tag-experimente","10":"product_shipping_class-standard-shipping","11":"pa_difficulte-expert","12":"pa_formatpatron-patron-pdf-format-a4-a0","13":"pa_formatpatron-patronpochette","15":"first","16":"instock","17":"featured","18":"shipping-taxable","19":"purchasable","20":"product-type-variable"},"acf":[],"yoast_head":"<!-- This site is optimized with the Yoast SEO plugin v27.4 - https:\/\/yoast.com\/product\/yoast-seo-wordpress\/ -->\n<title>Patron Louise - DressYourBody - Patron de couture femme<\/title>\n<meta name=\"description\" content=\"Le patron de la chemise Louise, se veut faussement classique. Avec une belle ampleur et de jolis d\u00e9tails, elle se pr\u00eate \u00e0 toutes les customisations!\" \/>\n<meta name=\"robots\" content=\"index, follow, max-snippet:-1, max-image-preview:large, max-video-preview:-1\" \/>\n<link rel=\"canonical\" href=\"https:\/\/dressyourbody.fr\/en\/product\/patron-chemise-louise\/\" \/>\n<meta property=\"og:locale\" content=\"en_GB\" \/>\n<meta property=\"og:type\" content=\"article\" \/>\n<meta property=\"og:title\" content=\"Patron Louise - DressYourBody - Patron de couture femme\" \/>\n<meta property=\"og:description\" content=\"Le patron de la chemise Louise, se veut faussement classique. Avec une belle ampleur et de jolis d\u00e9tails, elle se pr\u00eate \u00e0 toutes les customisations!\" \/>\n<meta property=\"og:url\" content=\"https:\/\/dressyourbody.fr\/en\/product\/patron-chemise-louise\/\" \/>\n<meta property=\"og:site_name\" content=\"DressYourBody\" \/>\n<meta property=\"article:publisher\" content=\"https:\/\/www.facebook.com\/dressyourbody.couture\/\" \/>\n<meta property=\"article:modified_time\" content=\"2026-04-21T18:04:49+00:00\" \/>\n<meta property=\"og:image\" content=\"https:\/\/dressyourbody.fr\/wp-content\/uploads\/2026\/03\/louise-tissu-oxford-atelier-brunette1-scaled.webp\" \/>\n\t<meta property=\"og:image:width\" content=\"2048\" \/>\n\t<meta property=\"og:image:height\" content=\"2560\" \/>\n\t<meta property=\"og:image:type\" content=\"image\/webp\" \/>\n<meta name=\"twitter:card\" content=\"summary_large_image\" \/>\n<meta name=\"twitter:label1\" content=\"Estimated reading time\" \/>\n\t<meta name=\"twitter:data1\" content=\"5 minutes\" \/>\n<script type=\"application\/ld+json\" class=\"yoast-schema-graph\">{\"@context\":\"https:\\\/\\\/schema.org\",\"@graph\":[{\"@type\":\"WebPage\",\"@id\":\"https:\\\/\\\/dressyourbody.fr\\\/fr\\\/produit\\\/patron-chemise-louise\\\/\",\"url\":\"https:\\\/\\\/dressyourbody.fr\\\/fr\\\/produit\\\/patron-chemise-louise\\\/\",\"name\":\"Patron Louise - DressYourBody - Patron de couture femme\",\"isPartOf\":{\"@id\":\"https:\\\/\\\/dressyourbody.fr\\\/fr\\\/#website\"},\"primaryImageOfPage\":{\"@id\":\"https:\\\/\\\/dressyourbody.fr\\\/fr\\\/produit\\\/patron-chemise-louise\\\/#primaryimage\"},\"image\":{\"@id\":\"https:\\\/\\\/dressyourbody.fr\\\/fr\\\/produit\\\/patron-chemise-louise\\\/#primaryimage\"},\"thumbnailUrl\":\"https:\\\/\\\/dressyourbody.fr\\\/wp-content\\\/uploads\\\/2026\\\/03\\\/louise-tissu-oxford-atelier-brunette1-scaled.webp\",\"datePublished\":\"2026-03-27T20:51:01+00:00\",\"dateModified\":\"2026-04-21T18:04:49+00:00\",\"description\":\"Le patron de la chemise Louise, se veut faussement classique. Avec une belle ampleur et de jolis d\u00e9tails, elle se pr\u00eate \u00e0 toutes les customisations!\",\"breadcrumb\":{\"@id\":\"https:\\\/\\\/dressyourbody.fr\\\/fr\\\/produit\\\/patron-chemise-louise\\\/#breadcrumb\"},\"inLanguage\":\"en-GB\",\"potentialAction\":[{\"@type\":\"ReadAction\",\"target\":[\"https:\\\/\\\/dressyourbody.fr\\\/fr\\\/produit\\\/patron-chemise-louise\\\/\"]}]},{\"@type\":\"ImageObject\",\"inLanguage\":\"en-GB\",\"@id\":\"https:\\\/\\\/dressyourbody.fr\\\/fr\\\/produit\\\/patron-chemise-louise\\\/#primaryimage\",\"url\":\"https:\\\/\\\/dressyourbody.fr\\\/wp-content\\\/uploads\\\/2026\\\/03\\\/louise-tissu-oxford-atelier-brunette1-scaled.webp\",\"contentUrl\":\"https:\\\/\\\/dressyourbody.fr\\\/wp-content\\\/uploads\\\/2026\\\/03\\\/louise-tissu-oxford-atelier-brunette1-scaled.webp\",\"width\":2048,\"height\":2560,\"caption\":\"Chemise Louise en tissu Oxford blanc de chez Atelier Brunette.\"},{\"@type\":\"BreadcrumbList\",\"@id\":\"https:\\\/\\\/dressyourbody.fr\\\/fr\\\/produit\\\/patron-chemise-louise\\\/#breadcrumb\",\"itemListElement\":[{\"@type\":\"ListItem\",\"position\":1,\"name\":\"Accueil\",\"item\":\"https:\\\/\\\/dressyourbody.fr\\\/fr\\\/\"},{\"@type\":\"ListItem\",\"position\":2,\"name\":\"LA BOUTIQUE\",\"item\":\"https:\\\/\\\/dressyourbody.fr\\\/fr\\\/?page_id=22934\"},{\"@type\":\"ListItem\",\"position\":3,\"name\":\"Patron chemise Louise\"}]},{\"@type\":\"WebSite\",\"@id\":\"https:\\\/\\\/dressyourbody.fr\\\/fr\\\/#website\",\"url\":\"https:\\\/\\\/dressyourbody.fr\\\/fr\\\/\",\"name\":\"DressYourBody\",\"description\":\"Une collection compl\u00e8te de patrons couture en ligne\",\"publisher\":{\"@id\":\"https:\\\/\\\/dressyourbody.fr\\\/fr\\\/#organization\"},\"potentialAction\":[{\"@type\":\"SearchAction\",\"target\":{\"@type\":\"EntryPoint\",\"urlTemplate\":\"https:\\\/\\\/dressyourbody.fr\\\/fr\\\/?s={search_term_string}\"},\"query-input\":{\"@type\":\"PropertyValueSpecification\",\"valueRequired\":true,\"valueName\":\"search_term_string\"}}],\"inLanguage\":\"en-GB\"},{\"@type\":\"Organization\",\"@id\":\"https:\\\/\\\/dressyourbody.fr\\\/fr\\\/#organization\",\"name\":\"DressYourBody.fr\",\"url\":\"https:\\\/\\\/dressyourbody.fr\\\/fr\\\/\",\"logo\":{\"@type\":\"ImageObject\",\"inLanguage\":\"en-GB\",\"@id\":\"https:\\\/\\\/dressyourbody.fr\\\/fr\\\/#\\\/schema\\\/logo\\\/image\\\/\",\"url\":\"https:\\\/\\\/dressyourbody.fr\\\/wp-content\\\/uploads\\\/2018\\\/07\\\/Logo-rond.png\",\"contentUrl\":\"https:\\\/\\\/dressyourbody.fr\\\/wp-content\\\/uploads\\\/2018\\\/07\\\/Logo-rond.png\",\"width\":451,\"height\":449,\"caption\":\"DressYourBody.fr\"},\"image\":{\"@id\":\"https:\\\/\\\/dressyourbody.fr\\\/fr\\\/#\\\/schema\\\/logo\\\/image\\\/\"},\"sameAs\":[\"https:\\\/\\\/www.facebook.com\\\/dressyourbody.couture\\\/\",\"https:\\\/\\\/www.instagram.com\\\/dressyourbody.couture\\\/\",\"https:\\\/\\\/www.linkedin.com\\\/company\\\/11295981\\\/\",\"https:\\\/\\\/www.pinterest.fr\\\/dressyourbody\\\/\",\"https:\\\/\\\/www.youtube.com\\\/channel\\\/UCD9FR054rT1zUXmwxImG5vA?view_as=subscriber\"]}]}<\/script>\n<!-- \/ Yoast SEO plugin. -->","yoast_head_json":{"title":"Patron Louise - DressYourBody - Patron de couture femme","description":"Le patron de la chemise Louise, se veut faussement classique. Avec une belle ampleur et de jolis d\u00e9tails, elle se pr\u00eate \u00e0 toutes les customisations!","robots":{"index":"index","follow":"follow","max-snippet":"max-snippet:-1","max-image-preview":"max-image-preview:large","max-video-preview":"max-video-preview:-1"},"canonical":"https:\/\/dressyourbody.fr\/en\/product\/patron-chemise-louise\/","og_locale":"en_GB","og_type":"article","og_title":"Patron Louise - DressYourBody - Patron de couture femme","og_description":"Le patron de la chemise Louise, se veut faussement classique. Avec une belle ampleur et de jolis d\u00e9tails, elle se pr\u00eate \u00e0 toutes les customisations!","og_url":"https:\/\/dressyourbody.fr\/en\/product\/patron-chemise-louise\/","og_site_name":"DressYourBody","article_publisher":"https:\/\/www.facebook.com\/dressyourbody.couture\/","article_modified_time":"2026-04-21T18:04:49+00:00","og_image":[{"width":2048,"height":2560,"url":"https:\/\/dressyourbody.fr\/wp-content\/uploads\/2026\/03\/louise-tissu-oxford-atelier-brunette1-scaled.webp","type":"image\/webp"}],"twitter_card":"summary_large_image","twitter_misc":{"Estimated reading time":"5 minutes"},"schema":{"@context":"https:\/\/schema.org","@graph":[{"@type":"WebPage","@id":"https:\/\/dressyourbody.fr\/fr\/produit\/patron-chemise-louise\/","url":"https:\/\/dressyourbody.fr\/fr\/produit\/patron-chemise-louise\/","name":"Patron Louise - DressYourBody - Patron de couture femme","isPartOf":{"@id":"https:\/\/dressyourbody.fr\/fr\/#website"},"primaryImageOfPage":{"@id":"https:\/\/dressyourbody.fr\/fr\/produit\/patron-chemise-louise\/#primaryimage"},"image":{"@id":"https:\/\/dressyourbody.fr\/fr\/produit\/patron-chemise-louise\/#primaryimage"},"thumbnailUrl":"https:\/\/dressyourbody.fr\/wp-content\/uploads\/2026\/03\/louise-tissu-oxford-atelier-brunette1-scaled.webp","datePublished":"2026-03-27T20:51:01+00:00","dateModified":"2026-04-21T18:04:49+00:00","description":"Le patron de la chemise Louise, se veut faussement classique. Avec une belle ampleur et de jolis d\u00e9tails, elle se pr\u00eate \u00e0 toutes les customisations!","breadcrumb":{"@id":"https:\/\/dressyourbody.fr\/fr\/produit\/patron-chemise-louise\/#breadcrumb"},"inLanguage":"en-GB","potentialAction":[{"@type":"ReadAction","target":["https:\/\/dressyourbody.fr\/fr\/produit\/patron-chemise-louise\/"]}]},{"@type":"ImageObject","inLanguage":"en-GB","@id":"https:\/\/dressyourbody.fr\/fr\/produit\/patron-chemise-louise\/#primaryimage","url":"https:\/\/dressyourbody.fr\/wp-content\/uploads\/2026\/03\/louise-tissu-oxford-atelier-brunette1-scaled.webp","contentUrl":"https:\/\/dressyourbody.fr\/wp-content\/uploads\/2026\/03\/louise-tissu-oxford-atelier-brunette1-scaled.webp","width":2048,"height":2560,"caption":"Chemise Louise en tissu Oxford blanc de chez Atelier Brunette."},{"@type":"BreadcrumbList","@id":"https:\/\/dressyourbody.fr\/fr\/produit\/patron-chemise-louise\/#breadcrumb","itemListElement":[{"@type":"ListItem","position":1,"name":"Accueil","item":"https:\/\/dressyourbody.fr\/fr\/"},{"@type":"ListItem","position":2,"name":"LA BOUTIQUE","item":"https:\/\/dressyourbody.fr\/fr\/?page_id=22934"},{"@type":"ListItem","position":3,"name":"Patron chemise Louise"}]},{"@type":"WebSite","@id":"https:\/\/dressyourbody.fr\/fr\/#website","url":"https:\/\/dressyourbody.fr\/fr\/","name":"DressYourBody","description":"Une collection compl\u00e8te de patrons couture en ligne","publisher":{"@id":"https:\/\/dressyourbody.fr\/fr\/#organization"},"potentialAction":[{"@type":"SearchAction","target":{"@type":"EntryPoint","urlTemplate":"https:\/\/dressyourbody.fr\/fr\/?s={search_term_string}"},"query-input":{"@type":"PropertyValueSpecification","valueRequired":true,"valueName":"search_term_string"}}],"inLanguage":"en-GB"},{"@type":"Organization","@id":"https:\/\/dressyourbody.fr\/fr\/#organization","name":"DressYourBody.fr","url":"https:\/\/dressyourbody.fr\/fr\/","logo":{"@type":"ImageObject","inLanguage":"en-GB","@id":"https:\/\/dressyourbody.fr\/fr\/#\/schema\/logo\/image\/","url":"https:\/\/dressyourbody.fr\/wp-content\/uploads\/2018\/07\/Logo-rond.png","contentUrl":"https:\/\/dressyourbody.fr\/wp-content\/uploads\/2018\/07\/Logo-rond.png","width":451,"height":449,"caption":"DressYourBody.fr"},"image":{"@id":"https:\/\/dressyourbody.fr\/fr\/#\/schema\/logo\/image\/"},"sameAs":["https:\/\/www.facebook.com\/dressyourbody.couture\/","https:\/\/www.instagram.com\/dressyourbody.couture\/","https:\/\/www.linkedin.com\/company\/11295981\/","https:\/\/www.pinterest.fr\/dressyourbody\/","https:\/\/www.youtube.com\/channel\/UCD9FR054rT1zUXmwxImG5vA?view_as=subscriber"]}]}},"_links":{"self":[{"href":"https:\/\/dressyourbody.fr\/en\/wp-json\/wp\/v2\/product\/41406","targetHints":{"allow":["GET"]}}],"collection":[{"href":"https:\/\/dressyourbody.fr\/en\/wp-json\/wp\/v2\/product"}],"about":[{"href":"https:\/\/dressyourbody.fr\/en\/wp-json\/wp\/v2\/types\/product"}],"replies":[{"embeddable":true,"href":"https:\/\/dressyourbody.fr\/en\/wp-json\/wp\/v2\/comments?post=41406"}],"wp:featuredmedia":[{"embeddable":true,"href":"https:\/\/dressyourbody.fr\/en\/wp-json\/wp\/v2\/media\/41431"}],"wp:attachment":[{"href":"https:\/\/dressyourbody.fr\/en\/wp-json\/wp\/v2\/media?parent=41406"}],"wp:term":[{"taxonomy":"product_brand","embeddable":true,"href":"https:\/\/dressyourbody.fr\/en\/wp-json\/wp\/v2\/product_brand?post=41406"},{"taxonomy":"product_cat","embeddable":true,"href":"https:\/\/dressyourbody.fr\/en\/wp-json\/wp\/v2\/product_cat?post=41406"},{"taxonomy":"product_tag","embeddable":true,"href":"https:\/\/dressyourbody.fr\/en\/wp-json\/wp\/v2\/product_tag?post=41406"}],"curies":[{"name":"wp","href":"https:\/\/api.w.org\/{rel}","templated":true}]}}