{"id":35286,"date":"2023-06-05T00:37:19","date_gmt":"2023-06-04T22:37:19","guid":{"rendered":"https:\/\/dressyourbody.fr\/fr\/?post_type=product&#038;p=35286"},"modified":"2026-04-18T22:31:41","modified_gmt":"2026-04-18T20:31:41","slug":"robe-blouse-friends","status":"publish","type":"product","link":"https:\/\/dressyourbody.fr\/en\/product\/robe-blouse-friends\/","title":{"rendered":"Robe \/ Blouse Friends"},"content":{"rendered":"<h4 style=\"text-align: center;\"><strong>DESCRIPTION<\/strong><\/h4>\n<p>La <strong>robe Friends boh\u00eame<\/strong>, <strong>\u00e9l\u00e9gant<\/strong>e et <strong>confortable<\/strong> n\u2019attend que de vous accompagner cet \u00e9t\u00e9 lors de grandes balades sur la plage, autour d\u2019un verre entre amis ou de belles soir\u00e9es estivales.<\/p>\n<ul>\n<li>Mod\u00e8le ample<\/li>\n<li>Se d\u00e9cline en blouse<\/li>\n<li>Manches bouffantes, volumineuses, fronc\u00e9es par un \u00e9lastique en bas<\/li>\n<li>Encolure \u00ab\u00a0tunisienne\u00a0\u00bb ferm\u00e9e par un lien<\/li>\n<li>Fronces devant et dos sous les empi\u00e8cements<\/li>\n<li>Poches prises dans la couture pour la version robe<\/li>\n<\/ul>\n<p>&nbsp;<\/p>\n<p><img fetchpriority=\"high\" decoding=\"async\" class=\"alignnone size-medium wp-image-35346\" src=\"https:\/\/dressyourbody.fr\/wp-content\/uploads\/2023\/06\/sketch_dvt-300x289.png\" alt=\"\" width=\"300\" height=\"289\" srcset=\"https:\/\/dressyourbody.fr\/wp-content\/uploads\/2023\/06\/sketch_dvt-300x289.png 300w, https:\/\/dressyourbody.fr\/wp-content\/uploads\/2023\/06\/sketch_dvt-500x481.png 500w, https:\/\/dressyourbody.fr\/wp-content\/uploads\/2023\/06\/sketch_dvt-768x739.png 768w, https:\/\/dressyourbody.fr\/wp-content\/uploads\/2023\/06\/sketch_dvt-1536x1479.png 1536w, https:\/\/dressyourbody.fr\/wp-content\/uploads\/2023\/06\/sketch_dvt-2048x1972.png 2048w, https:\/\/dressyourbody.fr\/wp-content\/uploads\/2023\/06\/sketch_dvt-12x12.png 12w\" sizes=\"(max-width: 300px) 100vw, 300px\" \/><img decoding=\"async\" class=\"alignnone size-medium wp-image-35345\" src=\"https:\/\/dressyourbody.fr\/wp-content\/uploads\/2023\/06\/sketch_dos-300x280.png\" alt=\"\" width=\"300\" height=\"280\" srcset=\"https:\/\/dressyourbody.fr\/wp-content\/uploads\/2023\/06\/sketch_dos-300x280.png 300w, https:\/\/dressyourbody.fr\/wp-content\/uploads\/2023\/06\/sketch_dos-500x467.png 500w, https:\/\/dressyourbody.fr\/wp-content\/uploads\/2023\/06\/sketch_dos-768x717.png 768w, https:\/\/dressyourbody.fr\/wp-content\/uploads\/2023\/06\/sketch_dos-1536x1433.png 1536w, https:\/\/dressyourbody.fr\/wp-content\/uploads\/2023\/06\/sketch_dos-2048x1911.png 2048w, https:\/\/dressyourbody.fr\/wp-content\/uploads\/2023\/06\/sketch_dos-13x12.png 13w\" sizes=\"(max-width: 300px) 100vw, 300px\" \/><\/p>\n<p>&nbsp;<\/p>\n<h4 style=\"text-align: center;\"><strong>JE CHOISIS QUELLE TAILLE?<\/strong><\/h4>\n<p><strong>Le patron de la robe\/blouse Friends va de la T34 \u00e0 la T46<\/strong>.<\/p>\n<p>Choisissez comme d&rsquo;habitude votre taille en fonction de vos mesures et du bar\u00e8me de tailles. Mais sachez que pour ce mod\u00e8le ample, c&rsquo;est principalement le tour de poitrine qu&rsquo;il faut prendre en compte.<\/p>\n<p>Et si vous \u00eates entre deux tailles, vous pouvez prendre la plus petite sauf si vous souhaitez vraiment un rendu tr\u00e8s loose pour le mod\u00e8le.<\/p>\n<p>Bar\u00e8me de tailles:<\/p>\n<p><img decoding=\"async\" class=\"alignnone  wp-image-40139\" src=\"https:\/\/dressyourbody.fr\/wp-content\/uploads\/2023\/06\/Tableau-mesures-T34-52.png\" alt=\"Tableau de mesures Taille 34 \u00e0 52\" width=\"858\" height=\"182\" srcset=\"https:\/\/dressyourbody.fr\/wp-content\/uploads\/2023\/06\/Tableau-mesures-T34-52.png 971w, https:\/\/dressyourbody.fr\/wp-content\/uploads\/2023\/06\/Tableau-mesures-T34-52-500x106.png 500w, https:\/\/dressyourbody.fr\/wp-content\/uploads\/2023\/06\/Tableau-mesures-T34-52-300x64.png 300w, https:\/\/dressyourbody.fr\/wp-content\/uploads\/2023\/06\/Tableau-mesures-T34-52-768x163.png 768w\" sizes=\"(max-width: 858px) 100vw, 858px\" \/><\/p>\n<p>&nbsp;<\/p>\n<p><strong>Le patron est pens\u00e9 pour stature de 1m65.<\/strong><\/p>\n<p>Pensez \u00e0 allonger ou raccourcir la robe ou la blouse selon votre envie.<\/p>\n<p>Pour vous aider, ci-dessous la hauteur milieu dos et la longueur de manches.<\/p>\n<p><img loading=\"lazy\" decoding=\"async\" class=\"wp-image-35347 size-medium aligncenter\" src=\"https:\/\/dressyourbody.fr\/wp-content\/uploads\/2023\/06\/robe-friends-mesures-finies-300x288.jpg\" alt=\"Robe Friends, mesures finies de la robe\" width=\"300\" height=\"288\" srcset=\"https:\/\/dressyourbody.fr\/wp-content\/uploads\/2023\/06\/robe-friends-mesures-finies-300x288.jpg 300w, https:\/\/dressyourbody.fr\/wp-content\/uploads\/2023\/06\/robe-friends-mesures-finies-500x479.jpg 500w, https:\/\/dressyourbody.fr\/wp-content\/uploads\/2023\/06\/robe-friends-mesures-finies-13x12.jpg 13w, https:\/\/dressyourbody.fr\/wp-content\/uploads\/2023\/06\/robe-friends-mesures-finies.jpg 723w\" sizes=\"(max-width: 300px) 100vw, 300px\" \/><\/p>\n<p>&nbsp;<\/p>\n<ol>\n<li><strong>Longueur manches:<\/strong> T34: 56,5cm \/ T36: 57,5cm \/ T38: 58,5cm \/ T40: 59,5cm \/ T42: 60,5cm \/ T44: 61,5cm \/ T46: 62,5cm \/ T48: 63,5cm \/ T50: 64,5cm \/ 65,5cm<\/li>\n<li><strong>Hauteur milieu dos<br \/>\nVersion Robe:<\/strong> T34 \u00e0 40: 126cm \/ T42 \u00e0 46: 127cm \/ T48 \u00e0 52: 128cm<br \/>\n<strong>Version Blouse:<\/strong> T34 \u00e0 38: 62,5 \/ T40 \u00e0 42: 63cm \/ T44 \u00e0 46: 63,5cm \/ T48 \u00e0 52: 64cm<\/li>\n<\/ol>\n<p>&nbsp;<\/p>\n<h4 style=\"text-align: center;\"><strong>ET DANS TOUT \u00c7A, QUEL TISSU CHOISIR POUR COUDRE LA ROBE OU LA BLOUSE FRIENDS ?<\/strong><\/h4>\n<p><a href=\"https:\/\/dressyourbody.fr\/wp-content\/uploads\/2022\/03\/rouleaux-tissus.jpeg\"><img loading=\"lazy\" decoding=\"async\" class=\"size-full wp-image-31182 aligncenter\" src=\"https:\/\/dressyourbody.fr\/wp-content\/uploads\/2022\/03\/rouleaux-tissus.jpeg\" alt=\"Rouleaux de tissu\" width=\"200\" height=\"113\" srcset=\"https:\/\/dressyourbody.fr\/wp-content\/uploads\/2022\/03\/rouleaux-tissus.jpeg 200w, https:\/\/dressyourbody.fr\/wp-content\/uploads\/2022\/03\/rouleaux-tissus-18x10.jpeg 18w\" sizes=\"(max-width: 200px) 100vw, 200px\" \/><\/a><\/p>\n<p>&nbsp;<\/p>\n<p><strong>Les blouse et robe Friends<\/strong> peuvent \u00eatre cousues dans beaucoup de tissus diff\u00e9rents. Vous pouvez aussi bien choisir des <strong>tissus fluides<\/strong> tels que de la viscose, du tencel que des<strong> tissus plus raides<\/strong> comme de la popeline, du lin qui apporteront plus de tenue et de volume \u00e0 votre v\u00eatement \u2026.<\/p>\n<p>Sur les photos, la robe Friends a \u00e9t\u00e9 r\u00e9alis\u00e9e:<\/p>\n<ul>\n<li>en <strong>coton Rayures Shiny Rainbow<\/strong> (115g\/m2) de chez <a href=\"https:\/\/cousette.com\/fr\/\" target=\"_blank\" rel=\"noopener\">Cousette<\/a><\/li>\n<li>en <b>viscose Louisiana<\/b> (135g\/m2) de chez <a href=\"https:\/\/wwwlisetailor.com\" target=\"_blank\" rel=\"noopener\">Lise Tailor<\/a><\/li>\n<li>en<strong> coton type popeline<\/strong>\u00a0 (210g\/m2) de chez <a href=\"https:\/\/les-coupons-de-saint-pierre.fr\/\" target=\"_blank\" rel=\"noopener\">Les coupons de Saint Pierre<\/a> (photos \u00e0 venir)<\/li>\n<\/ul>\n<p>La blouse a \u00e9t\u00e9 r\u00e9alis\u00e9e:<\/p>\n<ul>\n<li>en <strong>coton Marcello ambre <\/strong>(110g\/m2) de chez <a href=\"https:\/\/cousette.com\/fr\/\" target=\"_blank\" rel=\"noopener\">Cousette<\/a><\/li>\n<li>en <strong>tencel et coton bio -Sota Sheer <\/strong>(110g\/m2) de chez <a href=\"https:\/\/meetmilk.com\/\" target=\"_blank\" rel=\"noopener\">MeetMilk<\/a><\/li>\n<\/ul>\n<p>&nbsp;<\/p>\n<p>&nbsp;<\/p>","protected":false},"excerpt":{"rendered":"<ul>\n<li><strong>NOUVEAU!!!<\/strong><br \/>\nSizes<span style=\"color: #000000;\"><strong> 34 to 52 (FR),<\/strong><\/span> pour la version PDF<br \/>\nVersion pochette de la <strong>T34 \u00e0 46<\/strong><\/li>\n<li>Stature <strong>1m65.<\/strong><\/li>\n<li>Versions: <span style=\"color: #000000;\"><strong>PDF<\/strong><\/span> PDF<span style=\"color: #ff0000;\"><span style=\"color: #000000;\">with <strong>layers,<\/strong>\u00a0<\/span><\/span><\/li>\n<li><span style=\"color: #000000;\"><strong>Seam allowances included (1cm),<\/strong><\/span><\/li>\n<\/ul>\n<p>&nbsp; <\/p>\n<div><a class=\"zoli-read-more-link\" href=\"https:\/\/dressyourbody.fr\/en\/product\/robe-blouse-friends\/\">Read More<span class=\"lexus-icon-Icon_Next\"><\/span><\/a><\/div>","protected":false},"featured_media":35407,"comment_status":"open","ping_status":"closed","template":"","meta":{"_acf_changed":false},"product_brand":[],"product_cat":[1255,1233,1234],"product_tag":[1194,637],"class_list":{"0":"post-35286","1":"product","2":"type-product","3":"status-publish","4":"has-post-thumbnail","6":"product_cat-best-sellers","7":"product_cat-robes","8":"product_cat-tops","9":"product_tag-couture-facile","10":"product_tag-patron","11":"product_shipping_class-standard-shipping","12":"pa_difficulte-debutant","13":"pa_formatpatron-patron-pdf-format-a4-a0","14":"pa_formatpatron-patronpochette","16":"first","17":"instock","18":"featured","19":"shipping-taxable","20":"purchasable","21":"product-type-variable"},"acf":[],"yoast_head":"<!-- This site is optimized with the Yoast SEO plugin v27.4 - https:\/\/yoast.com\/product\/yoast-seo-wordpress\/ -->\n<title>Robe Friends - DressYourBody - Patron de couture femme<\/title>\n<meta name=\"description\" content=\"La robe Friends, boh\u00eame, \u00e9l\u00e9gante et confortable n\u2019attend que de vous accompagner cet \u00e9t\u00e9 pour de belles soir\u00e9es estivales. A d\u00e9cliner en blouse.\" \/>\n<meta name=\"robots\" content=\"index, follow, max-snippet:-1, max-image-preview:large, max-video-preview:-1\" \/>\n<link rel=\"canonical\" href=\"https:\/\/dressyourbody.fr\/en\/product\/robe-blouse-friends\/\" \/>\n<meta property=\"og:locale\" content=\"en_GB\" \/>\n<meta property=\"og:type\" content=\"article\" \/>\n<meta property=\"og:title\" content=\"Robe Friends - DressYourBody - Patron de couture femme\" \/>\n<meta property=\"og:description\" content=\"La robe Friends, boh\u00eame, \u00e9l\u00e9gante et confortable n\u2019attend que de vous accompagner cet \u00e9t\u00e9 pour de belles soir\u00e9es estivales. A d\u00e9cliner en blouse.\" \/>\n<meta property=\"og:url\" content=\"https:\/\/dressyourbody.fr\/en\/product\/robe-blouse-friends\/\" \/>\n<meta property=\"og:site_name\" content=\"DressYourBody\" \/>\n<meta property=\"article:publisher\" content=\"https:\/\/www.facebook.com\/dressyourbody.couture\/\" \/>\n<meta property=\"article:modified_time\" content=\"2026-04-18T20:31:41+00:00\" \/>\n<meta property=\"og:image\" content=\"https:\/\/dressyourbody.fr\/wp-content\/uploads\/2023\/06\/robe-friends-lise-tailor4-scaled.jpg\" \/>\n\t<meta property=\"og:image:width\" content=\"2048\" \/>\n\t<meta property=\"og:image:height\" content=\"2560\" \/>\n\t<meta property=\"og:image:type\" content=\"image\/jpeg\" \/>\n<meta name=\"twitter:card\" content=\"summary_large_image\" \/>\n<meta name=\"twitter:label1\" content=\"Estimated reading time\" \/>\n\t<meta name=\"twitter:data1\" content=\"3 minutes\" \/>\n<script type=\"application\/ld+json\" class=\"yoast-schema-graph\">{\"@context\":\"https:\\\/\\\/schema.org\",\"@graph\":[{\"@type\":\"WebPage\",\"@id\":\"https:\\\/\\\/dressyourbody.fr\\\/fr\\\/produit\\\/robe-blouse-friends\",\"url\":\"https:\\\/\\\/dressyourbody.fr\\\/fr\\\/produit\\\/robe-blouse-friends\",\"name\":\"Robe Friends - DressYourBody - Patron de couture femme\",\"isPartOf\":{\"@id\":\"https:\\\/\\\/dressyourbody.fr\\\/fr\\\/#website\"},\"primaryImageOfPage\":{\"@id\":\"https:\\\/\\\/dressyourbody.fr\\\/fr\\\/produit\\\/robe-blouse-friends#primaryimage\"},\"image\":{\"@id\":\"https:\\\/\\\/dressyourbody.fr\\\/fr\\\/produit\\\/robe-blouse-friends#primaryimage\"},\"thumbnailUrl\":\"https:\\\/\\\/dressyourbody.fr\\\/wp-content\\\/uploads\\\/2023\\\/06\\\/robe-friends-lise-tailor4-scaled.jpg\",\"datePublished\":\"2023-06-04T22:37:19+00:00\",\"dateModified\":\"2026-04-18T20:31:41+00:00\",\"description\":\"La robe Friends, boh\u00eame, \u00e9l\u00e9gante et confortable n\u2019attend que de vous accompagner cet \u00e9t\u00e9 pour de belles soir\u00e9es estivales. A d\u00e9cliner en blouse.\",\"breadcrumb\":{\"@id\":\"https:\\\/\\\/dressyourbody.fr\\\/fr\\\/produit\\\/robe-blouse-friends#breadcrumb\"},\"inLanguage\":\"en-GB\",\"potentialAction\":[{\"@type\":\"ReadAction\",\"target\":[\"https:\\\/\\\/dressyourbody.fr\\\/fr\\\/produit\\\/robe-blouse-friends\"]}]},{\"@type\":\"ImageObject\",\"inLanguage\":\"en-GB\",\"@id\":\"https:\\\/\\\/dressyourbody.fr\\\/fr\\\/produit\\\/robe-blouse-friends#primaryimage\",\"url\":\"https:\\\/\\\/dressyourbody.fr\\\/wp-content\\\/uploads\\\/2023\\\/06\\\/robe-friends-lise-tailor4-scaled.jpg\",\"contentUrl\":\"https:\\\/\\\/dressyourbody.fr\\\/wp-content\\\/uploads\\\/2023\\\/06\\\/robe-friends-lise-tailor4-scaled.jpg\",\"width\":2048,\"height\":2560,\"caption\":\"Robe Friends en tissu Lise Tailor\"},{\"@type\":\"BreadcrumbList\",\"@id\":\"https:\\\/\\\/dressyourbody.fr\\\/fr\\\/produit\\\/robe-blouse-friends#breadcrumb\",\"itemListElement\":[{\"@type\":\"ListItem\",\"position\":1,\"name\":\"Accueil\",\"item\":\"https:\\\/\\\/dressyourbody.fr\\\/fr\\\/\"},{\"@type\":\"ListItem\",\"position\":2,\"name\":\"LA BOUTIQUE\",\"item\":\"https:\\\/\\\/dressyourbody.fr\\\/fr\\\/?page_id=22934\"},{\"@type\":\"ListItem\",\"position\":3,\"name\":\"Robe \\\/ Blouse Friends\"}]},{\"@type\":\"WebSite\",\"@id\":\"https:\\\/\\\/dressyourbody.fr\\\/fr\\\/#website\",\"url\":\"https:\\\/\\\/dressyourbody.fr\\\/fr\\\/\",\"name\":\"DressYourBody\",\"description\":\"Une collection compl\u00e8te de patrons couture en ligne\",\"publisher\":{\"@id\":\"https:\\\/\\\/dressyourbody.fr\\\/fr\\\/#organization\"},\"potentialAction\":[{\"@type\":\"SearchAction\",\"target\":{\"@type\":\"EntryPoint\",\"urlTemplate\":\"https:\\\/\\\/dressyourbody.fr\\\/fr\\\/?s={search_term_string}\"},\"query-input\":{\"@type\":\"PropertyValueSpecification\",\"valueRequired\":true,\"valueName\":\"search_term_string\"}}],\"inLanguage\":\"en-GB\"},{\"@type\":\"Organization\",\"@id\":\"https:\\\/\\\/dressyourbody.fr\\\/fr\\\/#organization\",\"name\":\"DressYourBody.fr\",\"url\":\"https:\\\/\\\/dressyourbody.fr\\\/fr\\\/\",\"logo\":{\"@type\":\"ImageObject\",\"inLanguage\":\"en-GB\",\"@id\":\"https:\\\/\\\/dressyourbody.fr\\\/fr\\\/#\\\/schema\\\/logo\\\/image\\\/\",\"url\":\"https:\\\/\\\/dressyourbody.fr\\\/wp-content\\\/uploads\\\/2018\\\/07\\\/Logo-rond.png\",\"contentUrl\":\"https:\\\/\\\/dressyourbody.fr\\\/wp-content\\\/uploads\\\/2018\\\/07\\\/Logo-rond.png\",\"width\":451,\"height\":449,\"caption\":\"DressYourBody.fr\"},\"image\":{\"@id\":\"https:\\\/\\\/dressyourbody.fr\\\/fr\\\/#\\\/schema\\\/logo\\\/image\\\/\"},\"sameAs\":[\"https:\\\/\\\/www.facebook.com\\\/dressyourbody.couture\\\/\",\"https:\\\/\\\/www.instagram.com\\\/dressyourbody.couture\\\/\",\"https:\\\/\\\/www.linkedin.com\\\/company\\\/11295981\\\/\",\"https:\\\/\\\/www.pinterest.fr\\\/dressyourbody\\\/\",\"https:\\\/\\\/www.youtube.com\\\/channel\\\/UCD9FR054rT1zUXmwxImG5vA?view_as=subscriber\"]}]}<\/script>\n<!-- \/ Yoast SEO plugin. -->","yoast_head_json":{"title":"Robe Friends - DressYourBody - Patron de couture femme","description":"La robe Friends, boh\u00eame, \u00e9l\u00e9gante et confortable n\u2019attend que de vous accompagner cet \u00e9t\u00e9 pour de belles soir\u00e9es estivales. A d\u00e9cliner en blouse.","robots":{"index":"index","follow":"follow","max-snippet":"max-snippet:-1","max-image-preview":"max-image-preview:large","max-video-preview":"max-video-preview:-1"},"canonical":"https:\/\/dressyourbody.fr\/en\/product\/robe-blouse-friends\/","og_locale":"en_GB","og_type":"article","og_title":"Robe Friends - DressYourBody - Patron de couture femme","og_description":"La robe Friends, boh\u00eame, \u00e9l\u00e9gante et confortable n\u2019attend que de vous accompagner cet \u00e9t\u00e9 pour de belles soir\u00e9es estivales. A d\u00e9cliner en blouse.","og_url":"https:\/\/dressyourbody.fr\/en\/product\/robe-blouse-friends\/","og_site_name":"DressYourBody","article_publisher":"https:\/\/www.facebook.com\/dressyourbody.couture\/","article_modified_time":"2026-04-18T20:31:41+00:00","og_image":[{"width":2048,"height":2560,"url":"https:\/\/dressyourbody.fr\/wp-content\/uploads\/2023\/06\/robe-friends-lise-tailor4-scaled.jpg","type":"image\/jpeg"}],"twitter_card":"summary_large_image","twitter_misc":{"Estimated reading time":"3 minutes"},"schema":{"@context":"https:\/\/schema.org","@graph":[{"@type":"WebPage","@id":"https:\/\/dressyourbody.fr\/fr\/produit\/robe-blouse-friends","url":"https:\/\/dressyourbody.fr\/fr\/produit\/robe-blouse-friends","name":"Robe Friends - DressYourBody - Patron de couture femme","isPartOf":{"@id":"https:\/\/dressyourbody.fr\/fr\/#website"},"primaryImageOfPage":{"@id":"https:\/\/dressyourbody.fr\/fr\/produit\/robe-blouse-friends#primaryimage"},"image":{"@id":"https:\/\/dressyourbody.fr\/fr\/produit\/robe-blouse-friends#primaryimage"},"thumbnailUrl":"https:\/\/dressyourbody.fr\/wp-content\/uploads\/2023\/06\/robe-friends-lise-tailor4-scaled.jpg","datePublished":"2023-06-04T22:37:19+00:00","dateModified":"2026-04-18T20:31:41+00:00","description":"La robe Friends, boh\u00eame, \u00e9l\u00e9gante et confortable n\u2019attend que de vous accompagner cet \u00e9t\u00e9 pour de belles soir\u00e9es estivales. A d\u00e9cliner en blouse.","breadcrumb":{"@id":"https:\/\/dressyourbody.fr\/fr\/produit\/robe-blouse-friends#breadcrumb"},"inLanguage":"en-GB","potentialAction":[{"@type":"ReadAction","target":["https:\/\/dressyourbody.fr\/fr\/produit\/robe-blouse-friends"]}]},{"@type":"ImageObject","inLanguage":"en-GB","@id":"https:\/\/dressyourbody.fr\/fr\/produit\/robe-blouse-friends#primaryimage","url":"https:\/\/dressyourbody.fr\/wp-content\/uploads\/2023\/06\/robe-friends-lise-tailor4-scaled.jpg","contentUrl":"https:\/\/dressyourbody.fr\/wp-content\/uploads\/2023\/06\/robe-friends-lise-tailor4-scaled.jpg","width":2048,"height":2560,"caption":"Robe Friends en tissu Lise Tailor"},{"@type":"BreadcrumbList","@id":"https:\/\/dressyourbody.fr\/fr\/produit\/robe-blouse-friends#breadcrumb","itemListElement":[{"@type":"ListItem","position":1,"name":"Accueil","item":"https:\/\/dressyourbody.fr\/fr\/"},{"@type":"ListItem","position":2,"name":"LA BOUTIQUE","item":"https:\/\/dressyourbody.fr\/fr\/?page_id=22934"},{"@type":"ListItem","position":3,"name":"Robe \/ Blouse Friends"}]},{"@type":"WebSite","@id":"https:\/\/dressyourbody.fr\/fr\/#website","url":"https:\/\/dressyourbody.fr\/fr\/","name":"DressYourBody","description":"Une collection compl\u00e8te de patrons couture en ligne","publisher":{"@id":"https:\/\/dressyourbody.fr\/fr\/#organization"},"potentialAction":[{"@type":"SearchAction","target":{"@type":"EntryPoint","urlTemplate":"https:\/\/dressyourbody.fr\/fr\/?s={search_term_string}"},"query-input":{"@type":"PropertyValueSpecification","valueRequired":true,"valueName":"search_term_string"}}],"inLanguage":"en-GB"},{"@type":"Organization","@id":"https:\/\/dressyourbody.fr\/fr\/#organization","name":"DressYourBody.fr","url":"https:\/\/dressyourbody.fr\/fr\/","logo":{"@type":"ImageObject","inLanguage":"en-GB","@id":"https:\/\/dressyourbody.fr\/fr\/#\/schema\/logo\/image\/","url":"https:\/\/dressyourbody.fr\/wp-content\/uploads\/2018\/07\/Logo-rond.png","contentUrl":"https:\/\/dressyourbody.fr\/wp-content\/uploads\/2018\/07\/Logo-rond.png","width":451,"height":449,"caption":"DressYourBody.fr"},"image":{"@id":"https:\/\/dressyourbody.fr\/fr\/#\/schema\/logo\/image\/"},"sameAs":["https:\/\/www.facebook.com\/dressyourbody.couture\/","https:\/\/www.instagram.com\/dressyourbody.couture\/","https:\/\/www.linkedin.com\/company\/11295981\/","https:\/\/www.pinterest.fr\/dressyourbody\/","https:\/\/www.youtube.com\/channel\/UCD9FR054rT1zUXmwxImG5vA?view_as=subscriber"]}]}},"_links":{"self":[{"href":"https:\/\/dressyourbody.fr\/en\/wp-json\/wp\/v2\/product\/35286","targetHints":{"allow":["GET"]}}],"collection":[{"href":"https:\/\/dressyourbody.fr\/en\/wp-json\/wp\/v2\/product"}],"about":[{"href":"https:\/\/dressyourbody.fr\/en\/wp-json\/wp\/v2\/types\/product"}],"replies":[{"embeddable":true,"href":"https:\/\/dressyourbody.fr\/en\/wp-json\/wp\/v2\/comments?post=35286"}],"wp:featuredmedia":[{"embeddable":true,"href":"https:\/\/dressyourbody.fr\/en\/wp-json\/wp\/v2\/media\/35407"}],"wp:attachment":[{"href":"https:\/\/dressyourbody.fr\/en\/wp-json\/wp\/v2\/media?parent=35286"}],"wp:term":[{"taxonomy":"product_brand","embeddable":true,"href":"https:\/\/dressyourbody.fr\/en\/wp-json\/wp\/v2\/product_brand?post=35286"},{"taxonomy":"product_cat","embeddable":true,"href":"https:\/\/dressyourbody.fr\/en\/wp-json\/wp\/v2\/product_cat?post=35286"},{"taxonomy":"product_tag","embeddable":true,"href":"https:\/\/dressyourbody.fr\/en\/wp-json\/wp\/v2\/product_tag?post=35286"}],"curies":[{"name":"wp","href":"https:\/\/api.w.org\/{rel}","templated":true}]}}