{"id":14347,"date":"2017-09-26T12:25:22","date_gmt":"2017-09-26T10:25:22","guid":{"rendered":"https:\/\/dressyourbody.fr\/fr\/?post_type=product&#038;p=14347"},"modified":"2026-04-12T15:24:04","modified_gmt":"2026-04-12T13:24:04","slug":"tunique-sunday-girl","status":"publish","type":"product","link":"https:\/\/dressyourbody.fr\/en\/product\/tunique-sunday-girl\/","title":{"rendered":"Tunique Sunday Girl"},"content":{"rendered":"<p>Robe tunique tr\u00e8s pratique \u00e0 enfiler \u00e0 tout moment, en sur-maillot par exemple.<\/p>\n<p>R\u00e9alis\u00e9e ici en jersey \u00e9ponge c&rsquo;est un tissu qui n&rsquo;est pas fragile et agr\u00e9able \u00e0 porter sur la plage. Mais elle peut \u00eatre bien s\u00fbr r\u00e9alis\u00e9e dans une autre maille comme un piqu\u00e9 de coton par exemple.<\/p>\n<p>La longue patte polo et l&rsquo;absence de boutonnage donnent un caract\u00e8re moderne \u00e0 cette tunique d&rsquo;inspiration classique.<\/p>\n<p><strong>TAILLES :<\/strong> P<span style=\"color: #444444;\">lanche de patrons allant de la taille 34 \u00e0 50. <\/span>Vous pouvez \u00e9galement vous r\u00e9f\u00e9rer \u00e0 la <a href=\"#popmake-23087\">grille des tailles<\/a>.<\/p>\n<p><strong>TISSU :<\/strong> Tissu m<span style=\"color: #444444;\">aille, r\u00e9alis\u00e9e ici avec une maille \u00e9ponge.<\/span><\/p>\n<p><strong>DIFFICULT\u00c9 :<\/strong> <span style=\"color: #444444;\">niveau exp\u00e9riment\u00e9<\/span><\/p>\n<p><strong>D\u00c9TAIL :<\/strong><\/p>\n<ul>\n<li><span style=\"color: #444444;\">Tunique sans manche<\/span><\/li>\n<li><span style=\"color: #444444;\">Patte et col polo<\/span><\/li>\n<li><span style=\"color: #444444;\">Fentes sur le c\u00f4t\u00e9<\/span><\/li>\n<\/ul>","protected":false},"excerpt":{"rendered":"<p>&nbsp;<\/p>\n<p><span style=\"color: #ffffff;\"><strong>PATRON :\u00a0<\/strong><\/span><\/p>\n<p><span style=\"color: #ffffff;\">T<\/span> <\/p>\n<div><a class=\"zoli-read-more-link\" href=\"https:\/\/dressyourbody.fr\/en\/product\/tunique-sunday-girl\/\">Read More<span class=\"lexus-icon-Icon_Next\"><\/span><\/a><\/div>","protected":false},"featured_media":14348,"comment_status":"open","ping_status":"closed","template":"","meta":{"_acf_changed":false},"product_brand":[1278],"product_cat":[1233],"product_tag":[755,641,637],"class_list":{"0":"post-14347","1":"product","2":"type-product","3":"status-publish","4":"has-post-thumbnail","6":"product_brand-dressyourbody","7":"product_cat-robes","8":"product_tag-experimente","9":"product_tag-maille","10":"product_tag-patron","11":"product_shipping_class-standard-shipping","12":"pa_difficulte-expert","13":"pa_formatpatron-patron-pdf-format-a4-a0","14":"pa_formatpatron-patronpochette","16":"first","17":"instock","18":"shipping-taxable","19":"purchasable","20":"product-type-variable"},"acf":[],"yoast_head":"<!-- This site is optimized with the Yoast SEO plugin v27.4 - https:\/\/yoast.com\/product\/yoast-seo-wordpress\/ -->\n<title>Tunique Sunday girl - DressYourBody<\/title>\n<meta name=\"description\" content=\"La tunique Sunday girl est une robe tunique \u00e0 enfiler \u00e0 tout moment, en sur-maillot par exemple. A r\u00e9aliser en jersey \u00e9ponge ou d&#039;autres mailles.\" \/>\n<meta name=\"robots\" content=\"index, follow, max-snippet:-1, max-image-preview:large, max-video-preview:-1\" \/>\n<link rel=\"canonical\" href=\"https:\/\/dressyourbody.fr\/en\/product\/tunique-sunday-girl\/\" \/>\n<meta property=\"og:locale\" content=\"en_GB\" \/>\n<meta property=\"og:type\" content=\"article\" \/>\n<meta property=\"og:title\" content=\"Tunique Sunday girl - DressYourBody\" \/>\n<meta property=\"og:description\" content=\"La tunique Sunday girl est une robe tunique \u00e0 enfiler \u00e0 tout moment, en sur-maillot par exemple. A r\u00e9aliser en jersey \u00e9ponge ou d&#039;autres mailles.\" \/>\n<meta property=\"og:url\" content=\"https:\/\/dressyourbody.fr\/en\/product\/tunique-sunday-girl\/\" \/>\n<meta property=\"og:site_name\" content=\"DressYourBody\" \/>\n<meta property=\"article:publisher\" content=\"https:\/\/www.facebook.com\/dressyourbody.couture\/\" \/>\n<meta property=\"article:modified_time\" content=\"2026-04-12T13:24:04+00:00\" \/>\n<meta property=\"og:image\" content=\"https:\/\/dressyourbody.fr\/wp-content\/uploads\/2017\/08\/Tunique-plage-a-la-une-1-e1502361851897.jpg\" \/>\n\t<meta property=\"og:image:width\" content=\"400\" \/>\n\t<meta property=\"og:image:height\" content=\"602\" \/>\n\t<meta property=\"og:image:type\" content=\"image\/jpeg\" \/>\n<meta name=\"twitter:card\" content=\"summary_large_image\" \/>\n<meta name=\"twitter:label1\" content=\"Estimated reading time\" \/>\n\t<meta name=\"twitter:data1\" content=\"1 minute\" \/>\n<script type=\"application\/ld+json\" class=\"yoast-schema-graph\">{\"@context\":\"https:\\\/\\\/schema.org\",\"@graph\":[{\"@type\":\"WebPage\",\"@id\":\"https:\\\/\\\/dressyourbody.fr\\\/fr\\\/produit\\\/tunique-sunday-girl\\\/\",\"url\":\"https:\\\/\\\/dressyourbody.fr\\\/fr\\\/produit\\\/tunique-sunday-girl\\\/\",\"name\":\"Tunique Sunday girl - DressYourBody\",\"isPartOf\":{\"@id\":\"https:\\\/\\\/dressyourbody.fr\\\/fr\\\/#website\"},\"primaryImageOfPage\":{\"@id\":\"https:\\\/\\\/dressyourbody.fr\\\/fr\\\/produit\\\/tunique-sunday-girl\\\/#primaryimage\"},\"image\":{\"@id\":\"https:\\\/\\\/dressyourbody.fr\\\/fr\\\/produit\\\/tunique-sunday-girl\\\/#primaryimage\"},\"thumbnailUrl\":\"https:\\\/\\\/dressyourbody.fr\\\/wp-content\\\/uploads\\\/2017\\\/08\\\/Tunique-plage-a-la-une-1-e1502361851897.jpg\",\"datePublished\":\"2017-09-26T10:25:22+00:00\",\"dateModified\":\"2026-04-12T13:24:04+00:00\",\"description\":\"La tunique Sunday girl est une robe tunique \u00e0 enfiler \u00e0 tout moment, en sur-maillot par exemple. A r\u00e9aliser en jersey \u00e9ponge ou d'autres mailles.\",\"breadcrumb\":{\"@id\":\"https:\\\/\\\/dressyourbody.fr\\\/fr\\\/produit\\\/tunique-sunday-girl\\\/#breadcrumb\"},\"inLanguage\":\"en-GB\",\"potentialAction\":[{\"@type\":\"ReadAction\",\"target\":[\"https:\\\/\\\/dressyourbody.fr\\\/fr\\\/produit\\\/tunique-sunday-girl\\\/\"]}]},{\"@type\":\"ImageObject\",\"inLanguage\":\"en-GB\",\"@id\":\"https:\\\/\\\/dressyourbody.fr\\\/fr\\\/produit\\\/tunique-sunday-girl\\\/#primaryimage\",\"url\":\"https:\\\/\\\/dressyourbody.fr\\\/wp-content\\\/uploads\\\/2017\\\/08\\\/Tunique-plage-a-la-une-1-e1502361851897.jpg\",\"contentUrl\":\"https:\\\/\\\/dressyourbody.fr\\\/wp-content\\\/uploads\\\/2017\\\/08\\\/Tunique-plage-a-la-une-1-e1502361851897.jpg\",\"width\":400,\"height\":602,\"caption\":\"Tunique Sunday Girl\"},{\"@type\":\"BreadcrumbList\",\"@id\":\"https:\\\/\\\/dressyourbody.fr\\\/fr\\\/produit\\\/tunique-sunday-girl\\\/#breadcrumb\",\"itemListElement\":[{\"@type\":\"ListItem\",\"position\":1,\"name\":\"Accueil\",\"item\":\"https:\\\/\\\/dressyourbody.fr\\\/fr\\\/\"},{\"@type\":\"ListItem\",\"position\":2,\"name\":\"LA BOUTIQUE\",\"item\":\"https:\\\/\\\/dressyourbody.fr\\\/fr\\\/?page_id=22934\"},{\"@type\":\"ListItem\",\"position\":3,\"name\":\"Tunique Sunday Girl\"}]},{\"@type\":\"WebSite\",\"@id\":\"https:\\\/\\\/dressyourbody.fr\\\/fr\\\/#website\",\"url\":\"https:\\\/\\\/dressyourbody.fr\\\/fr\\\/\",\"name\":\"DressYourBody\",\"description\":\"Une collection compl\u00e8te de patrons couture en ligne\",\"publisher\":{\"@id\":\"https:\\\/\\\/dressyourbody.fr\\\/fr\\\/#organization\"},\"potentialAction\":[{\"@type\":\"SearchAction\",\"target\":{\"@type\":\"EntryPoint\",\"urlTemplate\":\"https:\\\/\\\/dressyourbody.fr\\\/fr\\\/?s={search_term_string}\"},\"query-input\":{\"@type\":\"PropertyValueSpecification\",\"valueRequired\":true,\"valueName\":\"search_term_string\"}}],\"inLanguage\":\"en-GB\"},{\"@type\":\"Organization\",\"@id\":\"https:\\\/\\\/dressyourbody.fr\\\/fr\\\/#organization\",\"name\":\"DressYourBody.fr\",\"url\":\"https:\\\/\\\/dressyourbody.fr\\\/fr\\\/\",\"logo\":{\"@type\":\"ImageObject\",\"inLanguage\":\"en-GB\",\"@id\":\"https:\\\/\\\/dressyourbody.fr\\\/fr\\\/#\\\/schema\\\/logo\\\/image\\\/\",\"url\":\"https:\\\/\\\/dressyourbody.fr\\\/wp-content\\\/uploads\\\/2018\\\/07\\\/Logo-rond.png\",\"contentUrl\":\"https:\\\/\\\/dressyourbody.fr\\\/wp-content\\\/uploads\\\/2018\\\/07\\\/Logo-rond.png\",\"width\":451,\"height\":449,\"caption\":\"DressYourBody.fr\"},\"image\":{\"@id\":\"https:\\\/\\\/dressyourbody.fr\\\/fr\\\/#\\\/schema\\\/logo\\\/image\\\/\"},\"sameAs\":[\"https:\\\/\\\/www.facebook.com\\\/dressyourbody.couture\\\/\",\"https:\\\/\\\/www.instagram.com\\\/dressyourbody.couture\\\/\",\"https:\\\/\\\/www.linkedin.com\\\/company\\\/11295981\\\/\",\"https:\\\/\\\/www.pinterest.fr\\\/dressyourbody\\\/\",\"https:\\\/\\\/www.youtube.com\\\/channel\\\/UCD9FR054rT1zUXmwxImG5vA?view_as=subscriber\"]}]}<\/script>\n<!-- \/ Yoast SEO plugin. -->","yoast_head_json":{"title":"Tunique Sunday girl - DressYourBody","description":"La tunique Sunday girl est une robe tunique \u00e0 enfiler \u00e0 tout moment, en sur-maillot par exemple. A r\u00e9aliser en jersey \u00e9ponge ou d'autres mailles.","robots":{"index":"index","follow":"follow","max-snippet":"max-snippet:-1","max-image-preview":"max-image-preview:large","max-video-preview":"max-video-preview:-1"},"canonical":"https:\/\/dressyourbody.fr\/en\/product\/tunique-sunday-girl\/","og_locale":"en_GB","og_type":"article","og_title":"Tunique Sunday girl - DressYourBody","og_description":"La tunique Sunday girl est une robe tunique \u00e0 enfiler \u00e0 tout moment, en sur-maillot par exemple. A r\u00e9aliser en jersey \u00e9ponge ou d'autres mailles.","og_url":"https:\/\/dressyourbody.fr\/en\/product\/tunique-sunday-girl\/","og_site_name":"DressYourBody","article_publisher":"https:\/\/www.facebook.com\/dressyourbody.couture\/","article_modified_time":"2026-04-12T13:24:04+00:00","og_image":[{"width":400,"height":602,"url":"https:\/\/dressyourbody.fr\/wp-content\/uploads\/2017\/08\/Tunique-plage-a-la-une-1-e1502361851897.jpg","type":"image\/jpeg"}],"twitter_card":"summary_large_image","twitter_misc":{"Estimated reading time":"1 minute"},"schema":{"@context":"https:\/\/schema.org","@graph":[{"@type":"WebPage","@id":"https:\/\/dressyourbody.fr\/fr\/produit\/tunique-sunday-girl\/","url":"https:\/\/dressyourbody.fr\/fr\/produit\/tunique-sunday-girl\/","name":"Tunique Sunday girl - DressYourBody","isPartOf":{"@id":"https:\/\/dressyourbody.fr\/fr\/#website"},"primaryImageOfPage":{"@id":"https:\/\/dressyourbody.fr\/fr\/produit\/tunique-sunday-girl\/#primaryimage"},"image":{"@id":"https:\/\/dressyourbody.fr\/fr\/produit\/tunique-sunday-girl\/#primaryimage"},"thumbnailUrl":"https:\/\/dressyourbody.fr\/wp-content\/uploads\/2017\/08\/Tunique-plage-a-la-une-1-e1502361851897.jpg","datePublished":"2017-09-26T10:25:22+00:00","dateModified":"2026-04-12T13:24:04+00:00","description":"La tunique Sunday girl est une robe tunique \u00e0 enfiler \u00e0 tout moment, en sur-maillot par exemple. A r\u00e9aliser en jersey \u00e9ponge ou d'autres mailles.","breadcrumb":{"@id":"https:\/\/dressyourbody.fr\/fr\/produit\/tunique-sunday-girl\/#breadcrumb"},"inLanguage":"en-GB","potentialAction":[{"@type":"ReadAction","target":["https:\/\/dressyourbody.fr\/fr\/produit\/tunique-sunday-girl\/"]}]},{"@type":"ImageObject","inLanguage":"en-GB","@id":"https:\/\/dressyourbody.fr\/fr\/produit\/tunique-sunday-girl\/#primaryimage","url":"https:\/\/dressyourbody.fr\/wp-content\/uploads\/2017\/08\/Tunique-plage-a-la-une-1-e1502361851897.jpg","contentUrl":"https:\/\/dressyourbody.fr\/wp-content\/uploads\/2017\/08\/Tunique-plage-a-la-une-1-e1502361851897.jpg","width":400,"height":602,"caption":"Tunique Sunday Girl"},{"@type":"BreadcrumbList","@id":"https:\/\/dressyourbody.fr\/fr\/produit\/tunique-sunday-girl\/#breadcrumb","itemListElement":[{"@type":"ListItem","position":1,"name":"Accueil","item":"https:\/\/dressyourbody.fr\/fr\/"},{"@type":"ListItem","position":2,"name":"LA BOUTIQUE","item":"https:\/\/dressyourbody.fr\/fr\/?page_id=22934"},{"@type":"ListItem","position":3,"name":"Tunique Sunday Girl"}]},{"@type":"WebSite","@id":"https:\/\/dressyourbody.fr\/fr\/#website","url":"https:\/\/dressyourbody.fr\/fr\/","name":"DressYourBody","description":"Une collection compl\u00e8te de patrons couture en ligne","publisher":{"@id":"https:\/\/dressyourbody.fr\/fr\/#organization"},"potentialAction":[{"@type":"SearchAction","target":{"@type":"EntryPoint","urlTemplate":"https:\/\/dressyourbody.fr\/fr\/?s={search_term_string}"},"query-input":{"@type":"PropertyValueSpecification","valueRequired":true,"valueName":"search_term_string"}}],"inLanguage":"en-GB"},{"@type":"Organization","@id":"https:\/\/dressyourbody.fr\/fr\/#organization","name":"DressYourBody.fr","url":"https:\/\/dressyourbody.fr\/fr\/","logo":{"@type":"ImageObject","inLanguage":"en-GB","@id":"https:\/\/dressyourbody.fr\/fr\/#\/schema\/logo\/image\/","url":"https:\/\/dressyourbody.fr\/wp-content\/uploads\/2018\/07\/Logo-rond.png","contentUrl":"https:\/\/dressyourbody.fr\/wp-content\/uploads\/2018\/07\/Logo-rond.png","width":451,"height":449,"caption":"DressYourBody.fr"},"image":{"@id":"https:\/\/dressyourbody.fr\/fr\/#\/schema\/logo\/image\/"},"sameAs":["https:\/\/www.facebook.com\/dressyourbody.couture\/","https:\/\/www.instagram.com\/dressyourbody.couture\/","https:\/\/www.linkedin.com\/company\/11295981\/","https:\/\/www.pinterest.fr\/dressyourbody\/","https:\/\/www.youtube.com\/channel\/UCD9FR054rT1zUXmwxImG5vA?view_as=subscriber"]}]}},"_links":{"self":[{"href":"https:\/\/dressyourbody.fr\/en\/wp-json\/wp\/v2\/product\/14347","targetHints":{"allow":["GET"]}}],"collection":[{"href":"https:\/\/dressyourbody.fr\/en\/wp-json\/wp\/v2\/product"}],"about":[{"href":"https:\/\/dressyourbody.fr\/en\/wp-json\/wp\/v2\/types\/product"}],"replies":[{"embeddable":true,"href":"https:\/\/dressyourbody.fr\/en\/wp-json\/wp\/v2\/comments?post=14347"}],"wp:featuredmedia":[{"embeddable":true,"href":"https:\/\/dressyourbody.fr\/en\/wp-json\/wp\/v2\/media\/14348"}],"wp:attachment":[{"href":"https:\/\/dressyourbody.fr\/en\/wp-json\/wp\/v2\/media?parent=14347"}],"wp:term":[{"taxonomy":"product_brand","embeddable":true,"href":"https:\/\/dressyourbody.fr\/en\/wp-json\/wp\/v2\/product_brand?post=14347"},{"taxonomy":"product_cat","embeddable":true,"href":"https:\/\/dressyourbody.fr\/en\/wp-json\/wp\/v2\/product_cat?post=14347"},{"taxonomy":"product_tag","embeddable":true,"href":"https:\/\/dressyourbody.fr\/en\/wp-json\/wp\/v2\/product_tag?post=14347"}],"curies":[{"name":"wp","href":"https:\/\/api.w.org\/{rel}","templated":true}]}}